{"id":14622,"date":"2025-12-09T09:04:38","date_gmt":"2025-12-09T07:04:38","guid":{"rendered":"https:\/\/faberpet.ro\/stage\/?post_type=product&#038;p=14622"},"modified":"2025-12-09T09:20:29","modified_gmt":"2025-12-09T07:20:29","slug":"hrana-pentru-papagal-urias-800-gr","status":"publish","type":"product","link":"https:\/\/faberpet.ro\/stage\/produs\/hrana-pentru-papagal-urias-800-gr\/","title":{"rendered":"Hrana pentru papagal urias 800 gr"},"content":{"rendered":"<p>Hran\u0103 pentru p\u0103s\u0103ri destinat\u0103 papagalilor uria\u0219i de companie.<\/p>\n<p>Mod de administrare: Zilnic, \u00een func\u021bie de necesit\u0103\u021bile p\u0103s\u0103rilor, umpl\u00e2nd ini\u021bial hr\u0103nitorul cu o cantitate suficient\u0103, apoi complet\u00e2nd pe m\u0103sur\u0103 ce se consuma. Amestecul de semin\u021be neconsumat trebuie \u00eenlocuit \u00een fiecare zi! Asigura\u021bi \u00eentotdeauna ap\u0103 proaspat\u0103 pentru animale!<\/p>\n<p>Compozi\u021bie: floarea-soarelui mare dungata, mei galben, gr\u0103u, orz, porumb, mei ro\u0219u, sorg, \u0219ofranel, inel de cereale, fulgi de gr\u0103u, fulgi de porumb, semin\u021be de dovleac, chipsuri de banan\u0103, arahide decojite, arahide \u00eentregi.<\/p>\n<p>Nu este destinat consumului uman! A se p\u0103stra \u00eentr-un loc uscat, r\u0103coros, ferit de lumin\u0103!<\/p>\n<p>Cantitatea net\u0103: 800 gr.<\/p>\n<p>Se vinde ambalat c\u00e2te 6 buc\/set!<\/p>\n<p>Pre\u021bul afi\u0219at este per buc!<\/p>\n","protected":false},"excerpt":{"rendered":"<p>Hran\u0103 pentru p\u0103s\u0103ri destinat\u0103 papagalilor uria\u0219i de companie. Mod de administrare: Zilnic, \u00een func\u021bie de necesit\u0103\u021bile p\u0103s\u0103rilor, umpl\u00e2nd ini\u021bial hr\u0103nitorul cu o cantitate suficient\u0103, apoi complet\u00e2nd pe m\u0103sur\u0103 ce se consuma. Amestecul de semin\u021be neconsumat trebuie \u00eenlocuit \u00een fiecare zi! Asigura\u021bi \u00eentotdeauna ap\u0103 proaspat\u0103 pentru animale! Compozi\u021bie: floarea-soarelui mare dungata, mei galben, gr\u0103u, orz, porumb, [&hellip;]<\/p>\n","protected":false},"featured_media":14624,"template":"","meta":[],"product_brand":[],"product_cat":[2425,174],"product_tag":[2473,233,2472],"class_list":{"0":"post-14622","1":"product","2":"type-product","3":"status-publish","4":"has-post-thumbnail","6":"product_cat-hrana-pasari","7":"product_cat-pasari","8":"product_tag-papagal-mare","9":"product_tag-suplimente-hrana","10":"product_tag-vitamine-pasari","12":"first","13":"instock","14":"shipping-taxable","15":"purchasable","16":"product-type-simple"},"_links":{"self":[{"href":"https:\/\/faberpet.ro\/stage\/wp-json\/wp\/v2\/product\/14622","targetHints":{"allow":["GET"]}}],"collection":[{"href":"https:\/\/faberpet.ro\/stage\/wp-json\/wp\/v2\/product"}],"about":[{"href":"https:\/\/faberpet.ro\/stage\/wp-json\/wp\/v2\/types\/product"}],"wp:featuredmedia":[{"embeddable":true,"href":"https:\/\/faberpet.ro\/stage\/wp-json\/wp\/v2\/media\/14624"}],"wp:attachment":[{"href":"https:\/\/faberpet.ro\/stage\/wp-json\/wp\/v2\/media?parent=14622"}],"wp:term":[{"taxonomy":"product_brand","embeddable":true,"href":"https:\/\/faberpet.ro\/stage\/wp-json\/wp\/v2\/product_brand?post=14622"},{"taxonomy":"product_cat","embeddable":true,"href":"https:\/\/faberpet.ro\/stage\/wp-json\/wp\/v2\/product_cat?post=14622"},{"taxonomy":"product_tag","embeddable":true,"href":"https:\/\/faberpet.ro\/stage\/wp-json\/wp\/v2\/product_tag?post=14622"}],"curies":[{"name":"wp","href":"https:\/\/api.w.org\/{rel}","templated":true}]}}