{"id":14768,"date":"2026-01-28T08:22:20","date_gmt":"2026-01-28T06:22:20","guid":{"rendered":"https:\/\/faberpet.ro\/stage\/?post_type=product&#038;p=14768"},"modified":"2026-02-09T14:34:49","modified_gmt":"2026-02-09T12:34:49","slug":"set-de-administrare-medicamente-pt-animale-nunbell","status":"publish","type":"product","link":"https:\/\/faberpet.ro\/stage\/produs\/set-de-administrare-medicamente-pt-animale-nunbell\/","title":{"rendered":"Set de administrare medicamente pt animale Nunbell"},"content":{"rendered":"<p>&nbsp;<\/p>\n<ul>\n<li>Dispozitive de administrare medicamente pentru c\u00e2ini, pisici si alte animale de companie.<\/li>\n<li>Si pentru lichide, c\u00e2t \u0219i pentru de praf.<\/li>\n<li>Corpul confec\u021bionat din plastic.<\/li>\n<li>Poate fi reutilizat\u0103 dup\u0103 cur\u0103\u021bare.<\/li>\n<li>Volumuri: 3 ml, 10 ml.<\/li>\n<\/ul>\n","protected":false},"excerpt":{"rendered":"<p>&nbsp; Dispozitive de administrare medicamente pentru c\u00e2ini, pisici si alte animale de companie. Si pentru lichide, c\u00e2t \u0219i pentru de praf. Corpul confec\u021bionat din plastic. Poate fi reutilizat\u0103 dup\u0103 cur\u0103\u021bare. Volumuri: 3 ml, 10 ml.<\/p>\n","protected":false},"featured_media":14770,"template":"","meta":[],"product_brand":[],"product_cat":[597,625,2694,166,167,168,174,171,628],"product_tag":[627,623,626],"class_list":{"0":"post-14768","1":"product","2":"type-product","3":"status-publish","4":"has-post-thumbnail","6":"product_cat-accesorii","7":"product_cat-accesorii-pisici","8":"product_cat-alte-animale","9":"product_cat-animale-ferma","10":"product_cat-cai-si-vaci","11":"product_cat-caini","12":"product_cat-pasari","13":"product_cat-pisici","14":"product_cat-porumbei","15":"product_tag-hranitor-animale","16":"product_tag-ingrijire-caini","17":"product_tag-seringa-de-hranire","19":"first","20":"instock","21":"shipping-taxable","22":"purchasable","23":"product-type-simple"},"_links":{"self":[{"href":"https:\/\/faberpet.ro\/stage\/wp-json\/wp\/v2\/product\/14768","targetHints":{"allow":["GET"]}}],"collection":[{"href":"https:\/\/faberpet.ro\/stage\/wp-json\/wp\/v2\/product"}],"about":[{"href":"https:\/\/faberpet.ro\/stage\/wp-json\/wp\/v2\/types\/product"}],"wp:featuredmedia":[{"embeddable":true,"href":"https:\/\/faberpet.ro\/stage\/wp-json\/wp\/v2\/media\/14770"}],"wp:attachment":[{"href":"https:\/\/faberpet.ro\/stage\/wp-json\/wp\/v2\/media?parent=14768"}],"wp:term":[{"taxonomy":"product_brand","embeddable":true,"href":"https:\/\/faberpet.ro\/stage\/wp-json\/wp\/v2\/product_brand?post=14768"},{"taxonomy":"product_cat","embeddable":true,"href":"https:\/\/faberpet.ro\/stage\/wp-json\/wp\/v2\/product_cat?post=14768"},{"taxonomy":"product_tag","embeddable":true,"href":"https:\/\/faberpet.ro\/stage\/wp-json\/wp\/v2\/product_tag?post=14768"}],"curies":[{"name":"wp","href":"https:\/\/api.w.org\/{rel}","templated":true}]}}