{"id":3425,"date":"2024-10-21T20:30:20","date_gmt":"2024-10-21T17:30:20","guid":{"rendered":"https:\/\/faberpet.ro\/stage\/produs\/acvariu-plastic-pentru-animale-mici-18x11x12-cm\/"},"modified":"2025-08-26T14:17:39","modified_gmt":"2025-08-26T12:17:39","slug":"acvariu-plastic-pentru-animale-mici-18x11x12-cm","status":"publish","type":"product","link":"https:\/\/faberpet.ro\/stage\/produs\/acvariu-plastic-pentru-animale-mici-18x11x12-cm\/","title":{"rendered":"Acvariu plastic pentru animale mici 18x11x12 cm"},"content":{"rendered":"<p>Este un acvariu plexiglas transparent de o foarte bun\u0103 calitate. Un acvariu mic \u0219i elegant ce poate fi folosit pentru pe\u0219ti, insecte, broscu\u021be \u0219i inclusiv la transportul acestora. Capacele sunt prev\u0103zute cu numeroase fante de aerare. De asemenea capacele sunt disponibil \u00eentr- o gam\u0103 variat\u0103 de culori. Datorit\u0103 dimensiunilor sale compacte, acvariul poate fi pozi\u021bionat \u00een locuri mici. U\u0219or de \u00eentre\u021binut. Dimensiuni 18 x 11 x 12 cm<\/p>\n","protected":false},"excerpt":{"rendered":"<p>Este un acvariu plexiglas transparent de o foarte bun\u0103 calitate. Un acvariu mic \u0219i elegant ce poate fi folosit pentru pe\u0219ti, insecte, broscu\u021be \u0219i inclusiv la transportul acestora. Capacele sunt prev\u0103zute cu numeroase fante de aerare. De asemenea capacele sunt disponibil \u00eentr- o gam\u0103 variat\u0103 de culori. Datorit\u0103 dimensiunilor sale compacte, acvariul poate fi pozi\u021bionat [&hellip;]<\/p>\n","protected":false},"featured_media":8307,"template":"","meta":[],"product_brand":[],"product_cat":[62,61],"product_tag":[58,60,59],"class_list":{"0":"post-3425","1":"product","2":"type-product","3":"status-publish","4":"has-post-thumbnail","6":"product_cat-acvarii-si-terarii","7":"product_cat-acvaristica","8":"product_tag-acvariu-plastic","9":"product_tag-acvariu-portabil","10":"product_tag-mini-acvariu","12":"first","13":"instock","14":"shipping-taxable","15":"purchasable","16":"product-type-simple"},"_links":{"self":[{"href":"https:\/\/faberpet.ro\/stage\/wp-json\/wp\/v2\/product\/3425","targetHints":{"allow":["GET"]}}],"collection":[{"href":"https:\/\/faberpet.ro\/stage\/wp-json\/wp\/v2\/product"}],"about":[{"href":"https:\/\/faberpet.ro\/stage\/wp-json\/wp\/v2\/types\/product"}],"wp:featuredmedia":[{"embeddable":true,"href":"https:\/\/faberpet.ro\/stage\/wp-json\/wp\/v2\/media\/8307"}],"wp:attachment":[{"href":"https:\/\/faberpet.ro\/stage\/wp-json\/wp\/v2\/media?parent=3425"}],"wp:term":[{"taxonomy":"product_brand","embeddable":true,"href":"https:\/\/faberpet.ro\/stage\/wp-json\/wp\/v2\/product_brand?post=3425"},{"taxonomy":"product_cat","embeddable":true,"href":"https:\/\/faberpet.ro\/stage\/wp-json\/wp\/v2\/product_cat?post=3425"},{"taxonomy":"product_tag","embeddable":true,"href":"https:\/\/faberpet.ro\/stage\/wp-json\/wp\/v2\/product_tag?post=3425"}],"curies":[{"name":"wp","href":"https:\/\/api.w.org\/{rel}","templated":true}]}}