{"id":3426,"date":"2024-10-21T20:30:20","date_gmt":"2024-10-21T17:30:20","guid":{"rendered":"https:\/\/faberpet.ro\/stage\/produs\/maternitate-pesti-acvariu-dublu-22x10x10-cm\/"},"modified":"2025-08-01T09:56:44","modified_gmt":"2025-08-01T07:56:44","slug":"maternitate-pesti-acvariu-dublu-22x10x10-cm","status":"publish","type":"product","link":"https:\/\/faberpet.ro\/stage\/produs\/maternitate-pesti-acvariu-dublu-22x10x10-cm\/","title":{"rendered":"Maternitate pesti acvariu dublu 22x10x10 cm"},"content":{"rendered":"<p>Este un dispozitiv multifunc\u021bional, poate fi folosit ca maternitate pentru pestii vivipari, cresc\u0103torie pentru puii mici, pentru izolarea pe\u0219tilor r\u0103ni\u021bi sau agresivi. Prev\u0103zut\u0103 cu capac \u0219i cu desp\u0103rtitor ce compartimenteaz\u0103 maternitatea. Confec\u021bionat\u0103 din plexiglas transparent de o foarte bun\u0103 calitate. Prinderea se realizeaz\u0103 cu cele dou\u0103 ventuze confec\u021bionate din cauciuc siliconic cu care maternitatea vine \u00een dotare. Se fixeaz\u0103 \u00een interiorul acvariului. U\u0219or de \u00eentre\u021binut. Dimensiuni 22 x 10 x 10 cm<\/p>\n","protected":false},"excerpt":{"rendered":"<p>Este un dispozitiv multifunc\u021bional, poate fi folosit ca maternitate pentru pestii vivipari, cresc\u0103torie pentru puii mici, pentru izolarea pe\u0219tilor r\u0103ni\u021bi sau agresivi. Prev\u0103zut\u0103 cu capac \u0219i cu desp\u0103rtitor ce compartimenteaz\u0103 maternitatea. Confec\u021bionat\u0103 din plexiglas transparent de o foarte bun\u0103 calitate. Prinderea se realizeaz\u0103 cu cele dou\u0103 ventuze confec\u021bionate din cauciuc siliconic cu care maternitatea vine [&hellip;]<\/p>\n","protected":false},"featured_media":8308,"template":"","meta":[],"product_brand":[],"product_cat":[62,61],"product_tag":[65,63,64],"class_list":{"0":"post-3426","1":"product","2":"type-product","3":"status-publish","4":"has-post-thumbnail","6":"product_cat-acvarii-si-terarii","7":"product_cat-acvaristica","8":"product_tag-maternitate-acvarii","9":"product_tag-maternitate-pentru-pesti","10":"product_tag-pesti-exotici","12":"first","13":"instock","14":"shipping-taxable","15":"purchasable","16":"product-type-simple"},"_links":{"self":[{"href":"https:\/\/faberpet.ro\/stage\/wp-json\/wp\/v2\/product\/3426","targetHints":{"allow":["GET"]}}],"collection":[{"href":"https:\/\/faberpet.ro\/stage\/wp-json\/wp\/v2\/product"}],"about":[{"href":"https:\/\/faberpet.ro\/stage\/wp-json\/wp\/v2\/types\/product"}],"wp:featuredmedia":[{"embeddable":true,"href":"https:\/\/faberpet.ro\/stage\/wp-json\/wp\/v2\/media\/8308"}],"wp:attachment":[{"href":"https:\/\/faberpet.ro\/stage\/wp-json\/wp\/v2\/media?parent=3426"}],"wp:term":[{"taxonomy":"product_brand","embeddable":true,"href":"https:\/\/faberpet.ro\/stage\/wp-json\/wp\/v2\/product_brand?post=3426"},{"taxonomy":"product_cat","embeddable":true,"href":"https:\/\/faberpet.ro\/stage\/wp-json\/wp\/v2\/product_cat?post=3426"},{"taxonomy":"product_tag","embeddable":true,"href":"https:\/\/faberpet.ro\/stage\/wp-json\/wp\/v2\/product_tag?post=3426"}],"curies":[{"name":"wp","href":"https:\/\/api.w.org\/{rel}","templated":true}]}}