{"id":3436,"date":"2024-10-21T20:30:21","date_gmt":"2024-10-21T17:30:21","guid":{"rendered":"https:\/\/faberpet.ro\/stage\/produs\/bazin-din-plastic-pentru-broscute-32x23x12-cm\/"},"modified":"2025-08-01T09:56:04","modified_gmt":"2025-08-01T07:56:04","slug":"bazin-din-plastic-pentru-broscute-32x23x12-cm","status":"publish","type":"product","link":"https:\/\/faberpet.ro\/stage\/produs\/bazin-din-plastic-pentru-broscute-32x23x12-cm\/","title":{"rendered":"Bazin din plastic pentru broscute 32x23x12 cm"},"content":{"rendered":"<p>Este un bazin de plastic mic cu forma rotund\u0103 pentru broa\u0219te \u021bestoase, completat cu o insul\u0103 mic\u0103 cu palmier, ideal pentru a g\u0103zdui \u021bestoase mici. Datorit\u0103 dimensiunilor sale compacte, bazinul poate fi pozi\u021bionat \u00een locuri mici. U\u0219or de \u00eentre\u021binut, este perfect pentru a \u00eenv\u0103\u021ba copiii s\u0103 aib\u0103 grij\u0103 de animale. Dimensiuni 32 x 23 x 12 cm.<\/p>\n","protected":false},"excerpt":{"rendered":"<p>Este un bazin de plastic mic cu forma rotund\u0103 pentru broa\u0219te \u021bestoase, completat cu o insul\u0103 mic\u0103 cu palmier, ideal pentru a g\u0103zdui \u021bestoase mici. Datorit\u0103 dimensiunilor sale compacte, bazinul poate fi pozi\u021bionat \u00een locuri mici. U\u0219or de \u00eentre\u021binut, este perfect pentru a \u00eenv\u0103\u021ba copiii s\u0103 aib\u0103 grij\u0103 de animale. Dimensiuni 32 x 23 x [&hellip;]<\/p>\n","protected":false},"featured_media":8318,"template":"","meta":[],"product_brand":[],"product_cat":[62,61],"product_tag":[82,76,81],"class_list":{"0":"post-3436","1":"product","2":"type-product","3":"status-publish","4":"has-post-thumbnail","6":"product_cat-acvarii-si-terarii","7":"product_cat-acvaristica","8":"product_tag-accesorii-acvarii","9":"product_tag-bol-broscute","10":"product_tag-boluri-broscute","12":"first","13":"instock","14":"shipping-taxable","15":"purchasable","16":"product-type-simple"},"_links":{"self":[{"href":"https:\/\/faberpet.ro\/stage\/wp-json\/wp\/v2\/product\/3436","targetHints":{"allow":["GET"]}}],"collection":[{"href":"https:\/\/faberpet.ro\/stage\/wp-json\/wp\/v2\/product"}],"about":[{"href":"https:\/\/faberpet.ro\/stage\/wp-json\/wp\/v2\/types\/product"}],"wp:featuredmedia":[{"embeddable":true,"href":"https:\/\/faberpet.ro\/stage\/wp-json\/wp\/v2\/media\/8318"}],"wp:attachment":[{"href":"https:\/\/faberpet.ro\/stage\/wp-json\/wp\/v2\/media?parent=3436"}],"wp:term":[{"taxonomy":"product_brand","embeddable":true,"href":"https:\/\/faberpet.ro\/stage\/wp-json\/wp\/v2\/product_brand?post=3436"},{"taxonomy":"product_cat","embeddable":true,"href":"https:\/\/faberpet.ro\/stage\/wp-json\/wp\/v2\/product_cat?post=3436"},{"taxonomy":"product_tag","embeddable":true,"href":"https:\/\/faberpet.ro\/stage\/wp-json\/wp\/v2\/product_tag?post=3436"}],"curies":[{"name":"wp","href":"https:\/\/api.w.org\/{rel}","templated":true}]}}