{"id":3455,"date":"2024-10-21T20:30:25","date_gmt":"2024-10-21T17:30:25","guid":{"rendered":"https:\/\/faberpet.ro\/stage\/produs\/vita-plus-broaste-testoase-reptile-30-ml\/"},"modified":"2025-08-05T11:51:10","modified_gmt":"2025-08-05T09:51:10","slug":"vita-plus-broaste-testoase-reptile-30-ml","status":"publish","type":"product","link":"https:\/\/faberpet.ro\/stage\/produs\/vita-plus-broaste-testoase-reptile-30-ml\/","title":{"rendered":"VITA-PLUS broaste testoase (reptile) 30 ml"},"content":{"rendered":"<p>VITA- PLUS pentru broa\u0219te \u021bestoase (reptile) con\u021bine vitaminele A, D3 \u0219i E necesare pentru dezvoltarea armonioas\u0103 a organismului la broa\u015fte \u0163estoase, reptile. \u00cent\u0103re\u0219te rezisten\u021ba organismului. Indicat ca adjuvant \u00een st\u0103ri caren\u0163iale, apatie, anorexie, \u00een tumefierea ochilor, deform\u0103ri ale carapacei, carapace moale. Se administreaz\u0103 pe alimente, 30 &#8211; 40 pic\u0103turi (1 ml) solu\u021bie pentru fiecare 100 grame greutate corporal\u0103. Se indic\u0103 cure lunare de 1- 2 s\u0103pt\u0103m\u00e2ni. Extern: pe carapace sau pe ochii inflama\u021bi, 1- 2 pic\u0103turi pe ochi, respectiv fric\u021biuni, pensulari ale carapacei, la intervale de 1- 2 s\u0103pt\u0103m\u00e2ni. CON\u0162INE: 100 ml solu\u0163ie con\u0163ine:150. 000 UI VITAMINA A50. 000 UI VITAMINA D325 mg VITAMINA Ead 100 ml ULEI VEGETAL (floarea soarelui). Se vinde ambalat c\u00e2te 5 buc\/set! Pre\u021bul afi\u0219at este la buc!<\/p>\n","protected":false},"excerpt":{"rendered":"<p>VITA- PLUS pentru broa\u0219te \u021bestoase (reptile) con\u021bine vitaminele A, D3 \u0219i E necesare pentru dezvoltarea armonioas\u0103 a organismului la broa\u015fte \u0163estoase, reptile. \u00cent\u0103re\u0219te rezisten\u021ba organismului. Indicat ca adjuvant \u00een st\u0103ri caren\u0163iale, apatie, anorexie, \u00een tumefierea ochilor, deform\u0103ri ale carapacei, carapace moale. Se administreaz\u0103 pe alimente, 30 &#8211; 40 pic\u0103turi (1 ml) solu\u021bie pentru fiecare 100 [&hellip;]<\/p>\n","protected":false},"featured_media":8349,"template":"","meta":[],"product_brand":[],"product_cat":[61,86,120],"product_tag":[118,119,117],"class_list":{"0":"post-3455","1":"product","2":"type-product","3":"status-publish","4":"has-post-thumbnail","6":"product_cat-acvaristica","7":"product_cat-hrana-pesti-si-broscute","8":"product_cat-suplimente","9":"product_tag-dezinfectant-apa","10":"product_tag-vita-plus","11":"product_tag-vita-plus-broaste","13":"first","14":"instock","15":"shipping-taxable","16":"purchasable","17":"product-type-simple"},"_links":{"self":[{"href":"https:\/\/faberpet.ro\/stage\/wp-json\/wp\/v2\/product\/3455","targetHints":{"allow":["GET"]}}],"collection":[{"href":"https:\/\/faberpet.ro\/stage\/wp-json\/wp\/v2\/product"}],"about":[{"href":"https:\/\/faberpet.ro\/stage\/wp-json\/wp\/v2\/types\/product"}],"wp:featuredmedia":[{"embeddable":true,"href":"https:\/\/faberpet.ro\/stage\/wp-json\/wp\/v2\/media\/8349"}],"wp:attachment":[{"href":"https:\/\/faberpet.ro\/stage\/wp-json\/wp\/v2\/media?parent=3455"}],"wp:term":[{"taxonomy":"product_brand","embeddable":true,"href":"https:\/\/faberpet.ro\/stage\/wp-json\/wp\/v2\/product_brand?post=3455"},{"taxonomy":"product_cat","embeddable":true,"href":"https:\/\/faberpet.ro\/stage\/wp-json\/wp\/v2\/product_cat?post=3455"},{"taxonomy":"product_tag","embeddable":true,"href":"https:\/\/faberpet.ro\/stage\/wp-json\/wp\/v2\/product_tag?post=3455"}],"curies":[{"name":"wp","href":"https:\/\/api.w.org\/{rel}","templated":true}]}}