{"id":3456,"date":"2024-10-21T20:30:25","date_gmt":"2024-10-21T17:30:25","guid":{"rendered":"https:\/\/faberpet.ro\/stage\/produs\/calciu-pentru-broaste-testoase-10-g\/"},"modified":"2025-11-21T09:22:08","modified_gmt":"2025-11-21T07:22:08","slug":"calciu-pentru-broaste-testoase-10-g","status":"publish","type":"product","link":"https:\/\/faberpet.ro\/stage\/produs\/calciu-pentru-broaste-testoase-10-g\/","title":{"rendered":"CALCIU pentru broaste testoase 10 g"},"content":{"rendered":"<p>Calciu \u00eent\u0103ritor de carapace pentru broa\u0219te \u021bestoase. este recomandat\u0103 ca supliment alimentar, \u00een alimenta\u021bia zilnic\u0103 a broa\u0219telor \u021bestoase. Calciul se va dizolva lent, intr\u0103 \u00een organism ajut\u00e2nd la fortificarea carapacei. Dozarea se face odat\u0103 la 2- 3 s\u0103pt\u0103m\u00e2ni schimbat sau completat.<\/p>\n","protected":false},"excerpt":{"rendered":"<p>Calciu \u00eent\u0103ritor de carapace pentru broa\u0219te \u021bestoase. este recomandat\u0103 ca supliment alimentar, \u00een alimenta\u021bia zilnic\u0103 a broa\u0219telor \u021bestoase. Calciul se va dizolva lent, intr\u0103 \u00een organism ajut\u00e2nd la fortificarea carapacei. Dozarea se face odat\u0103 la 2- 3 s\u0103pt\u0103m\u00e2ni schimbat sau completat.<\/p>\n","protected":false},"featured_media":8350,"template":"","meta":[],"product_brand":[],"product_cat":[61,120],"product_tag":[123,122,121],"class_list":{"0":"post-3456","1":"product","2":"type-product","3":"status-publish","4":"has-post-thumbnail","6":"product_cat-acvaristica","7":"product_cat-suplimente","8":"product_tag-calciu","9":"product_tag-calciu-broscute","10":"product_tag-tratament-apa-curata","12":"first","13":"instock","14":"shipping-taxable","15":"purchasable","16":"product-type-simple"},"_links":{"self":[{"href":"https:\/\/faberpet.ro\/stage\/wp-json\/wp\/v2\/product\/3456","targetHints":{"allow":["GET"]}}],"collection":[{"href":"https:\/\/faberpet.ro\/stage\/wp-json\/wp\/v2\/product"}],"about":[{"href":"https:\/\/faberpet.ro\/stage\/wp-json\/wp\/v2\/types\/product"}],"wp:featuredmedia":[{"embeddable":true,"href":"https:\/\/faberpet.ro\/stage\/wp-json\/wp\/v2\/media\/8350"}],"wp:attachment":[{"href":"https:\/\/faberpet.ro\/stage\/wp-json\/wp\/v2\/media?parent=3456"}],"wp:term":[{"taxonomy":"product_brand","embeddable":true,"href":"https:\/\/faberpet.ro\/stage\/wp-json\/wp\/v2\/product_brand?post=3456"},{"taxonomy":"product_cat","embeddable":true,"href":"https:\/\/faberpet.ro\/stage\/wp-json\/wp\/v2\/product_cat?post=3456"},{"taxonomy":"product_tag","embeddable":true,"href":"https:\/\/faberpet.ro\/stage\/wp-json\/wp\/v2\/product_tag?post=3456"}],"curies":[{"name":"wp","href":"https:\/\/api.w.org\/{rel}","templated":true}]}}