{"id":3458,"date":"2024-10-21T20:30:25","date_gmt":"2024-10-21T17:30:25","guid":{"rendered":"https:\/\/faberpet.ro\/stage\/produs\/contra-alge-pentru-iazuri-40000-l-apa-1-l\/"},"modified":"2025-08-01T07:13:28","modified_gmt":"2025-08-01T05:13:28","slug":"contra-alge-pentru-iazuri-40000-l-apa-1-l","status":"publish","type":"product","link":"https:\/\/faberpet.ro\/stage\/produs\/contra-alge-pentru-iazuri-40000-l-apa-1-l\/","title":{"rendered":"Contra Alge pentru iazuri 40000 l apa 1 L"},"content":{"rendered":"<p>Tratament cu ac\u021biune rapid\u0103 \u00eempotriva algelor unicelulare verzi. este o solu\u021bie eficace pentru \u00eenl\u0103turarea tuturor tipurilor de alge sau pentru limitarea dezvolt\u0103rii lor. Dac\u0103 algele se \u00eenmul\u021besc administrarea se repet\u0103 dupa 3- 4 zile \u00een apa iazului. Se recomand\u0103 dilua\u021bia solu\u021biei \u00eentr- o can\u0103 cu apa iazului \u0219i dup\u0103 aia la o dizolvare egal\u0103 \u00een tot iazul! 10 ml la fiecare 400 litri de ap\u0103, sau 1000 ml pentru 40000 l de ap\u0103. A nu se folosi \u00een ap\u0103 cu duritate mai mic\u0103 de 5 n K! Numai pentru ape de iazuri. Nu utiliza\u021bi \u00een ap\u0103 proasp\u0103t\u0103 \u0219i curat\u0103, deoarece poate duce la moartea pe\u0219tilor. Cantitate: 1 L.<\/p>\n","protected":false},"excerpt":{"rendered":"<p>Tratament cu ac\u021biune rapid\u0103 \u00eempotriva algelor unicelulare verzi. este o solu\u021bie eficace pentru \u00eenl\u0103turarea tuturor tipurilor de alge sau pentru limitarea dezvolt\u0103rii lor. Dac\u0103 algele se \u00eenmul\u021besc administrarea se repet\u0103 dupa 3- 4 zile \u00een apa iazului. Se recomand\u0103 dilua\u021bia solu\u021biei \u00eentr- o can\u0103 cu apa iazului \u0219i dup\u0103 aia la o dizolvare egal\u0103 \u00een [&hellip;]<\/p>\n","protected":false},"featured_media":8352,"template":"","meta":[],"product_brand":[],"product_cat":[61,127],"product_tag":[129,128,130],"class_list":{"0":"post-3458","1":"product","2":"type-product","3":"status-publish","4":"has-post-thumbnail","6":"product_cat-acvaristica","7":"product_cat-dezinfectante-apa","8":"product_tag-aleg-pentru-iazuri","9":"product_tag-contra-alge","10":"product_tag-contra-alge-iazuri","12":"first","13":"instock","14":"shipping-taxable","15":"purchasable","16":"product-type-simple"},"_links":{"self":[{"href":"https:\/\/faberpet.ro\/stage\/wp-json\/wp\/v2\/product\/3458","targetHints":{"allow":["GET"]}}],"collection":[{"href":"https:\/\/faberpet.ro\/stage\/wp-json\/wp\/v2\/product"}],"about":[{"href":"https:\/\/faberpet.ro\/stage\/wp-json\/wp\/v2\/types\/product"}],"wp:featuredmedia":[{"embeddable":true,"href":"https:\/\/faberpet.ro\/stage\/wp-json\/wp\/v2\/media\/8352"}],"wp:attachment":[{"href":"https:\/\/faberpet.ro\/stage\/wp-json\/wp\/v2\/media?parent=3458"}],"wp:term":[{"taxonomy":"product_brand","embeddable":true,"href":"https:\/\/faberpet.ro\/stage\/wp-json\/wp\/v2\/product_brand?post=3458"},{"taxonomy":"product_cat","embeddable":true,"href":"https:\/\/faberpet.ro\/stage\/wp-json\/wp\/v2\/product_cat?post=3458"},{"taxonomy":"product_tag","embeddable":true,"href":"https:\/\/faberpet.ro\/stage\/wp-json\/wp\/v2\/product_tag?post=3458"}],"curies":[{"name":"wp","href":"https:\/\/api.w.org\/{rel}","templated":true}]}}