{"id":3460,"date":"2024-10-21T20:30:25","date_gmt":"2024-10-21T17:30:25","guid":{"rendered":"https:\/\/faberpet.ro\/stage\/produs\/dezinfectant-parakill-pt-iazuri-25-m3-apa-250-ml\/"},"modified":"2025-08-01T07:13:57","modified_gmt":"2025-08-01T05:13:57","slug":"dezinfectant-parakill-pt-iazuri-25-m3-apa-250-ml","status":"publish","type":"product","link":"https:\/\/faberpet.ro\/stage\/produs\/dezinfectant-parakill-pt-iazuri-25-m3-apa-250-ml\/","title":{"rendered":"Dezinfectant PARAKILL pt iazuri 2,5 m3 apa 250 ml"},"content":{"rendered":"<p>Solu\u021bie cu spectru larg cu efect antiparazitar pentru Cara\u0219i \u0219i Koi! A se folosi pentru parazi\u021bii externi: ichtyophthirus \u0219i inclusiv pentru tratarea candidozelor! A nu se folosi \u00een ap\u0103 cu duritate mai mica de 5 n K! 10 ml la fiecare 100 litri de ap\u0103 sau 250 ml pentru 2500 l de ap\u0103. Se recomand\u0103 dilua\u021bia solu\u021biei \u00eentr- o can\u0103 cu apa iazului \u0219i dup\u0103 aia la o dizolvare egal\u0103 \u00een tot iazul! \u00cen cazul infec\u021biilor cu candide ajunge un singur tratament! \u00cen cazul infec\u021biilor parazitare, tratamentul se repet\u0103 la 2 zile cu 50 % solu\u021bie! Dup\u0103 tratament 2 zile este interzis hr\u0103nirea pe\u0219tilor \u0219i este recomandat un schimb de ap\u0103 par\u021bial! Solu\u021biile pentru preg\u0103tirea apei pot reduce din eficacitatea solu\u021biei PARAKILL! Solu\u021bia nu are voie s\u0103 ajung\u0103 \u00een apele de suprafa\u021b\u0103! A se folosi doar pentru pe\u0219tii din iaz, este interzis tratarea pe\u0219tilor, care sunt pentru consumului uman. Contraindica\u021bii: A nu se folosi \u00een iazuri care con\u021bin melci, raci, scoici! Cantitate: 250 ml. Se vinde ambalat c\u00e2te 5 buc\/set! Pre\u021bul afi\u0219at este per buc!<\/p>\n","protected":false},"excerpt":{"rendered":"<p>Solu\u021bie cu spectru larg cu efect antiparazitar pentru Cara\u0219i \u0219i Koi! A se folosi pentru parazi\u021bii externi: ichtyophthirus \u0219i inclusiv pentru tratarea candidozelor! A nu se folosi \u00een ap\u0103 cu duritate mai mica de 5 n K! 10 ml la fiecare 100 litri de ap\u0103 sau 250 ml pentru 2500 l de ap\u0103. Se recomand\u0103 [&hellip;]<\/p>\n","protected":false},"featured_media":8354,"template":"","meta":[],"product_brand":[],"product_cat":[61,127],"product_tag":[135,133,134],"class_list":{"0":"post-3460","1":"product","2":"type-product","3":"status-publish","4":"has-post-thumbnail","6":"product_cat-acvaristica","7":"product_cat-dezinfectante-apa","8":"product_tag-dezinfectant-iazuri","9":"product_tag-dezinfectant-parakill","10":"product_tag-fertilizatori-acvariii","12":"first","13":"instock","14":"shipping-taxable","15":"purchasable","16":"product-type-simple"},"_links":{"self":[{"href":"https:\/\/faberpet.ro\/stage\/wp-json\/wp\/v2\/product\/3460","targetHints":{"allow":["GET"]}}],"collection":[{"href":"https:\/\/faberpet.ro\/stage\/wp-json\/wp\/v2\/product"}],"about":[{"href":"https:\/\/faberpet.ro\/stage\/wp-json\/wp\/v2\/types\/product"}],"wp:featuredmedia":[{"embeddable":true,"href":"https:\/\/faberpet.ro\/stage\/wp-json\/wp\/v2\/media\/8354"}],"wp:attachment":[{"href":"https:\/\/faberpet.ro\/stage\/wp-json\/wp\/v2\/media?parent=3460"}],"wp:term":[{"taxonomy":"product_brand","embeddable":true,"href":"https:\/\/faberpet.ro\/stage\/wp-json\/wp\/v2\/product_brand?post=3460"},{"taxonomy":"product_cat","embeddable":true,"href":"https:\/\/faberpet.ro\/stage\/wp-json\/wp\/v2\/product_cat?post=3460"},{"taxonomy":"product_tag","embeddable":true,"href":"https:\/\/faberpet.ro\/stage\/wp-json\/wp\/v2\/product_tag?post=3460"}],"curies":[{"name":"wp","href":"https:\/\/api.w.org\/{rel}","templated":true}]}}