{"id":3461,"date":"2024-10-21T20:30:25","date_gmt":"2024-10-21T17:30:25","guid":{"rendered":"https:\/\/faberpet.ro\/stage\/produs\/parakill-turbo-200-l-apa\/"},"modified":"2026-02-09T14:57:44","modified_gmt":"2026-02-09T12:57:44","slug":"parakill-turbo-200-l-apa","status":"publish","type":"product","link":"https:\/\/faberpet.ro\/stage\/produs\/parakill-turbo-200-l-apa\/","title":{"rendered":"PARAKILL Turbo, 200 l apa"},"content":{"rendered":"<p>Se recomand\u0103 folosirea ei \u00een cazul infec\u021biilor puternice, cum ar fi gris, ichtiofitiriaza, mucegai, saprolegneaza. La pe\u0219ti mai sensibili sau dimensiuni mici (neoni, zebre. . . . etc. ) putem lucra cu jum\u0103tatea dozei prescrise. 10 ml pentru 50 l ap\u0103 sau 1 ml (25 picaturi) pentru 5 l ap\u0103. Numai pentru ap\u0103 de acvariu. Cantitate: 40 ml<\/p>\n<p>Se vinde ambalat c\u00e2te 5 buc\/set! Pre\u021bul afi\u0219at este per buc!<\/p>\n","protected":false},"excerpt":{"rendered":"<p>Se recomand\u0103 folosirea ei \u00een cazul infec\u021biilor puternice, cum ar fi gris, ichtiofitiriaza, mucegai, saprolegneaza. La pe\u0219ti mai sensibili sau dimensiuni mici (neoni, zebre. . . . etc. ) putem lucra cu jum\u0103tatea dozei prescrise. 10 ml pentru 50 l ap\u0103 sau 1 ml (25 picaturi) pentru 5 l ap\u0103. Numai pentru ap\u0103 de acvariu. [&hellip;]<\/p>\n","protected":false},"featured_media":8355,"template":"","meta":[],"product_brand":[],"product_cat":[61,127],"product_tag":[136,138,137],"class_list":{"0":"post-3461","1":"product","2":"type-product","3":"status-publish","4":"has-post-thumbnail","6":"product_cat-acvaristica","7":"product_cat-dezinfectante-apa","8":"product_tag-dezinfectant-apa-iazuri","9":"product_tag-parakill-turbo","10":"product_tag-solutii-pentru-apa-din-acvariu","12":"first","13":"instock","14":"shipping-taxable","15":"purchasable","16":"product-type-simple"},"_links":{"self":[{"href":"https:\/\/faberpet.ro\/stage\/wp-json\/wp\/v2\/product\/3461","targetHints":{"allow":["GET"]}}],"collection":[{"href":"https:\/\/faberpet.ro\/stage\/wp-json\/wp\/v2\/product"}],"about":[{"href":"https:\/\/faberpet.ro\/stage\/wp-json\/wp\/v2\/types\/product"}],"wp:featuredmedia":[{"embeddable":true,"href":"https:\/\/faberpet.ro\/stage\/wp-json\/wp\/v2\/media\/8355"}],"wp:attachment":[{"href":"https:\/\/faberpet.ro\/stage\/wp-json\/wp\/v2\/media?parent=3461"}],"wp:term":[{"taxonomy":"product_brand","embeddable":true,"href":"https:\/\/faberpet.ro\/stage\/wp-json\/wp\/v2\/product_brand?post=3461"},{"taxonomy":"product_cat","embeddable":true,"href":"https:\/\/faberpet.ro\/stage\/wp-json\/wp\/v2\/product_cat?post=3461"},{"taxonomy":"product_tag","embeddable":true,"href":"https:\/\/faberpet.ro\/stage\/wp-json\/wp\/v2\/product_tag?post=3461"}],"curies":[{"name":"wp","href":"https:\/\/api.w.org\/{rel}","templated":true}]}}