{"id":3463,"date":"2024-10-21T20:30:25","date_gmt":"2024-10-21T17:30:25","guid":{"rendered":"https:\/\/faberpet.ro\/stage\/produs\/neutralizator-clor-200-l\/"},"modified":"2026-02-09T14:58:47","modified_gmt":"2026-02-09T12:58:47","slug":"neutralizator-clor-200-l","status":"publish","type":"product","link":"https:\/\/faberpet.ro\/stage\/produs\/neutralizator-clor-200-l\/","title":{"rendered":"Neutralizator Clor, 200 l"},"content":{"rendered":"<p>Ap\u0103 proasp\u0103t\u0103 de re\u021bea poate con\u021bine clor, un element foarte d\u0103un\u0103tor pentru pe\u0219ti. Aceasta solu\u021bie neutralizeaz\u0103 con\u021binutul de clor a apei proaspete. Neutralizeaz\u0103 \u0219i alte metale grele toxice cum ar fi cuprul. Totodat\u0103 polimerii din solu\u021bie se formeaz\u0103 un strat protector benefic pe corpul pe\u0219tilor. Nu este periculos pentru pe\u0219ti. Se utilizeaz\u0103 \u00een cazul schimb\u0103rii par\u021biale sau totale a apei, a amen\u0103j\u0103rii unui nou acvariu cu ap\u0103 dulce sau marin\u0103, transportului pe\u0219tilor. 10 ml la fiecare 50 litri de ap\u0103 din acvariu sau 1 ml pentru 5 l de ap\u0103. Numai pentru ap\u0103 de acvariu. Cantitate: 40 ml. Se vinde ambalat c\u00e2te 5 buc\/set! Pre\u021bul afi\u0219at este per buc!<\/p>\n","protected":false},"excerpt":{"rendered":"<p>Ap\u0103 proasp\u0103t\u0103 de re\u021bea poate con\u021bine clor, un element foarte d\u0103un\u0103tor pentru pe\u0219ti. Aceasta solu\u021bie neutralizeaz\u0103 con\u021binutul de clor a apei proaspete. Neutralizeaz\u0103 \u0219i alte metale grele toxice cum ar fi cuprul. Totodat\u0103 polimerii din solu\u021bie se formeaz\u0103 un strat protector benefic pe corpul pe\u0219tilor. Nu este periculos pentru pe\u0219ti. Se utilizeaz\u0103 \u00een cazul schimb\u0103rii [&hellip;]<\/p>\n","protected":false},"featured_media":8357,"template":"","meta":[],"product_brand":[],"product_cat":[61,127],"product_tag":[143,142,141],"class_list":{"0":"post-3463","1":"product","2":"type-product","3":"status-publish","4":"has-post-thumbnail","6":"product_cat-acvaristica","7":"product_cat-dezinfectante-apa","8":"product_tag-clor","9":"product_tag-dezinfectant-apa-acvarii","10":"product_tag-igiena-iazuri","12":"first","13":"instock","14":"shipping-taxable","15":"purchasable","16":"product-type-simple"},"_links":{"self":[{"href":"https:\/\/faberpet.ro\/stage\/wp-json\/wp\/v2\/product\/3463","targetHints":{"allow":["GET"]}}],"collection":[{"href":"https:\/\/faberpet.ro\/stage\/wp-json\/wp\/v2\/product"}],"about":[{"href":"https:\/\/faberpet.ro\/stage\/wp-json\/wp\/v2\/types\/product"}],"wp:featuredmedia":[{"embeddable":true,"href":"https:\/\/faberpet.ro\/stage\/wp-json\/wp\/v2\/media\/8357"}],"wp:attachment":[{"href":"https:\/\/faberpet.ro\/stage\/wp-json\/wp\/v2\/media?parent=3463"}],"wp:term":[{"taxonomy":"product_brand","embeddable":true,"href":"https:\/\/faberpet.ro\/stage\/wp-json\/wp\/v2\/product_brand?post=3463"},{"taxonomy":"product_cat","embeddable":true,"href":"https:\/\/faberpet.ro\/stage\/wp-json\/wp\/v2\/product_cat?post=3463"},{"taxonomy":"product_tag","embeddable":true,"href":"https:\/\/faberpet.ro\/stage\/wp-json\/wp\/v2\/product_tag?post=3463"}],"curies":[{"name":"wp","href":"https:\/\/api.w.org\/{rel}","templated":true}]}}