{"id":3464,"date":"2024-10-21T20:30:25","date_gmt":"2024-10-21T17:30:25","guid":{"rendered":"https:\/\/faberpet.ro\/stage\/produs\/saruri-pentru-plante-de-acvariu-200-l-apa\/"},"modified":"2026-02-09T14:59:13","modified_gmt":"2026-02-09T12:59:13","slug":"saruri-pentru-plante-de-acvariu-200-l-apa","status":"publish","type":"product","link":"https:\/\/faberpet.ro\/stage\/produs\/saruri-pentru-plante-de-acvariu-200-l-apa\/","title":{"rendered":"SARURI pentru plante de acvariu, 200 l apa"},"content":{"rendered":"<p>S\u0102RURI pentru plante de acvariu con\u021bine toate macro- \u0219i microelementele necesare pentru dezvoltarea optim\u0103 a plantelor subacvatice. Nu d\u0103uneaz\u0103 vitalitatea pe\u0219tilor. Se va administra \u00een intervale de 4 s\u0103pt\u0103m\u00e2ni sau 1\/2 doza \u00een intervale de 2 s\u0103pt\u0103m\u00e2ni. 10 ml la fiecare 50 litri de ap\u0103 din acvariu sau 1 ml pentru 5 l de ap\u0103. Numai pentru ap\u0103 de acvariu!<\/p>\n<p>Se vinde ambalat c\u00e2te 5 buc\/set! Pre\u021bul afi\u0219at este per buc!<\/p>\n","protected":false},"excerpt":{"rendered":"<p>S\u0102RURI pentru plante de acvariu con\u021bine toate macro- \u0219i microelementele necesare pentru dezvoltarea optim\u0103 a plantelor subacvatice. Nu d\u0103uneaz\u0103 vitalitatea pe\u0219tilor. Se va administra \u00een intervale de 4 s\u0103pt\u0103m\u00e2ni sau 1\/2 doza \u00een intervale de 2 s\u0103pt\u0103m\u00e2ni. 10 ml la fiecare 50 litri de ap\u0103 din acvariu sau 1 ml pentru 5 l de ap\u0103. [&hellip;]<\/p>\n","protected":false},"featured_media":8358,"template":"","meta":[],"product_brand":[],"product_cat":[61,127],"product_tag":[146,145,144],"class_list":{"0":"post-3464","1":"product","2":"type-product","3":"status-publish","4":"has-post-thumbnail","6":"product_cat-acvaristica","7":"product_cat-dezinfectante-apa","8":"product_tag-saruri","9":"product_tag-solutii-pentru-tratarea-apei","10":"product_tag-tratamente-peste-iazuri","12":"first","13":"instock","14":"shipping-taxable","15":"purchasable","16":"product-type-simple"},"_links":{"self":[{"href":"https:\/\/faberpet.ro\/stage\/wp-json\/wp\/v2\/product\/3464","targetHints":{"allow":["GET"]}}],"collection":[{"href":"https:\/\/faberpet.ro\/stage\/wp-json\/wp\/v2\/product"}],"about":[{"href":"https:\/\/faberpet.ro\/stage\/wp-json\/wp\/v2\/types\/product"}],"wp:featuredmedia":[{"embeddable":true,"href":"https:\/\/faberpet.ro\/stage\/wp-json\/wp\/v2\/media\/8358"}],"wp:attachment":[{"href":"https:\/\/faberpet.ro\/stage\/wp-json\/wp\/v2\/media?parent=3464"}],"wp:term":[{"taxonomy":"product_brand","embeddable":true,"href":"https:\/\/faberpet.ro\/stage\/wp-json\/wp\/v2\/product_brand?post=3464"},{"taxonomy":"product_cat","embeddable":true,"href":"https:\/\/faberpet.ro\/stage\/wp-json\/wp\/v2\/product_cat?post=3464"},{"taxonomy":"product_tag","embeddable":true,"href":"https:\/\/faberpet.ro\/stage\/wp-json\/wp\/v2\/product_tag?post=3464"}],"curies":[{"name":"wp","href":"https:\/\/api.w.org\/{rel}","templated":true}]}}