{"id":3465,"date":"2024-10-21T20:30:26","date_gmt":"2024-10-21T17:30:26","guid":{"rendered":"https:\/\/faberpet.ro\/stage\/produs\/albastru-de-metil-200-l-apa\/"},"modified":"2026-02-09T14:59:47","modified_gmt":"2026-02-09T12:59:47","slug":"albastru-de-metil-200-l-apa","status":"publish","type":"product","link":"https:\/\/faberpet.ro\/stage\/produs\/albastru-de-metil-200-l-apa\/","title":{"rendered":"Albastru de Metil, 200 l apa"},"content":{"rendered":"<p>Este un dezinfectant de uz general, folosit pentru evitarea infec\u021biilor. este indicat folosirea \u00een cazul \u00eentroducerii \u00een acvariu a unor pe\u0219ti noi cump\u0103ra\u021bi, sau c\u00e2nd pe\u0219tii sunt hr\u0103ni\u021bi cu hrana vie, pentru evitarea unor infec\u021bii a apei. 10 ml pentru 50 l ap\u0103 sau; 1ml (25 picaturi) pentru 5l ap\u0103. Numai pentru ap\u0103 de acvariu! Cantitate: 40 gr. Se vinde ambalat c\u00e2te 5 buc\/set! Pre\u021bul afi\u0219at este per buc!<\/p>\n","protected":false},"excerpt":{"rendered":"<p>Este un dezinfectant de uz general, folosit pentru evitarea infec\u021biilor. este indicat folosirea \u00een cazul \u00eentroducerii \u00een acvariu a unor pe\u0219ti noi cump\u0103ra\u021bi, sau c\u00e2nd pe\u0219tii sunt hr\u0103ni\u021bi cu hrana vie, pentru evitarea unor infec\u021bii a apei. 10 ml pentru 50 l ap\u0103 sau; 1ml (25 picaturi) pentru 5l ap\u0103. Numai pentru ap\u0103 de acvariu! [&hellip;]<\/p>\n","protected":false},"featured_media":8359,"template":"","meta":[],"product_brand":[],"product_cat":[61,127],"product_tag":[149,147,148],"class_list":{"0":"post-3465","1":"product","2":"type-product","3":"status-publish","4":"has-post-thumbnail","6":"product_cat-acvaristica","7":"product_cat-dezinfectante-apa","8":"product_tag-albastru-metil","9":"product_tag-curatare-acvarii","10":"product_tag-tratamente-pesti-iazuri","12":"first","13":"instock","14":"shipping-taxable","15":"purchasable","16":"product-type-simple"},"_links":{"self":[{"href":"https:\/\/faberpet.ro\/stage\/wp-json\/wp\/v2\/product\/3465","targetHints":{"allow":["GET"]}}],"collection":[{"href":"https:\/\/faberpet.ro\/stage\/wp-json\/wp\/v2\/product"}],"about":[{"href":"https:\/\/faberpet.ro\/stage\/wp-json\/wp\/v2\/types\/product"}],"wp:featuredmedia":[{"embeddable":true,"href":"https:\/\/faberpet.ro\/stage\/wp-json\/wp\/v2\/media\/8359"}],"wp:attachment":[{"href":"https:\/\/faberpet.ro\/stage\/wp-json\/wp\/v2\/media?parent=3465"}],"wp:term":[{"taxonomy":"product_brand","embeddable":true,"href":"https:\/\/faberpet.ro\/stage\/wp-json\/wp\/v2\/product_brand?post=3465"},{"taxonomy":"product_cat","embeddable":true,"href":"https:\/\/faberpet.ro\/stage\/wp-json\/wp\/v2\/product_cat?post=3465"},{"taxonomy":"product_tag","embeddable":true,"href":"https:\/\/faberpet.ro\/stage\/wp-json\/wp\/v2\/product_tag?post=3465"}],"curies":[{"name":"wp","href":"https:\/\/api.w.org\/{rel}","templated":true}]}}