{"id":3466,"date":"2024-10-21T20:30:26","date_gmt":"2024-10-21T17:30:26","guid":{"rendered":"https:\/\/faberpet.ro\/stage\/produs\/carbon-lichid-2000-l-apa\/"},"modified":"2026-02-09T15:00:17","modified_gmt":"2026-02-09T13:00:17","slug":"carbon-lichid-2000-l-apa","status":"publish","type":"product","link":"https:\/\/faberpet.ro\/stage\/produs\/carbon-lichid-2000-l-apa\/","title":{"rendered":"Carbon Lichid, 2000 L apa"},"content":{"rendered":"<p>Asigur\u0103 tuturor plantelor carbonul necesar, rapid \u0219i eficient. Are o formul\u0103 multi- component, bazat\u0103 pe materiale naturale de baz\u0103 plus nutrien\u021bi esen\u021biali pentru plante. Pentru o cre\u0219tere luxuriant\u0103 \u0219i s\u0103n\u0103toas\u0103 a plantelor. 1 ml la fiecare 50 litri de ap\u0103 din acvariu sau 40 ml pentru 2000 l de ap\u0103. Liqiu Carbo con\u021bine \u0219i caliu. Se pot administra zilnic. Rezultate vizibil\u0103 \u00een c\u00e2teva s\u0103pt\u0103m\u00e2ni. A se evita supradozarea. Cantitate: 40 ml. Carbonul este cel mai important nutrient pentru plantele de acvariu. Circa 40% din masa uscat\u0103 a plantei este carbon. Carbonul este \u00een general \u00een cantit\u0103\u021bi insuficiente \u00een acvariu, consecin\u021b\u0103 fiind o cre\u0219tere slab\u0103 a plantelor. Toate plantele, de la mossuri (mu\u0219chi de acvariu), p\u00e2n\u0103 la echinodorus \u0219i cryptocoryne \u0219i plante de tip stem, cu cre\u0219tere rapid\u0103, vor deveni mai bogate \u0219i mai puternice.<\/p>\n<p>Se vinde ambalat c\u00e2te 5 buc\/set! Pre\u021bul afi\u0219at este per buc!<\/p>\n","protected":false},"excerpt":{"rendered":"<p>Asigur\u0103 tuturor plantelor carbonul necesar, rapid \u0219i eficient. Are o formul\u0103 multi- component, bazat\u0103 pe materiale naturale de baz\u0103 plus nutrien\u021bi esen\u021biali pentru plante. Pentru o cre\u0219tere luxuriant\u0103 \u0219i s\u0103n\u0103toas\u0103 a plantelor. 1 ml la fiecare 50 litri de ap\u0103 din acvariu sau 40 ml pentru 2000 l de ap\u0103. Liqiu Carbo con\u021bine \u0219i caliu. [&hellip;]<\/p>\n","protected":false},"featured_media":8360,"template":"","meta":[],"product_brand":[],"product_cat":[61,127],"product_tag":[152,150,151],"class_list":{"0":"post-3466","1":"product","2":"type-product","3":"status-publish","4":"has-post-thumbnail","6":"product_cat-acvaristica","7":"product_cat-dezinfectante-apa","8":"product_tag-carbon-lichid","9":"product_tag-dezinfectant-pesti-de-iazuri","10":"product_tag-igiena-acvarii","12":"first","13":"instock","14":"shipping-taxable","15":"purchasable","16":"product-type-simple"},"_links":{"self":[{"href":"https:\/\/faberpet.ro\/stage\/wp-json\/wp\/v2\/product\/3466","targetHints":{"allow":["GET"]}}],"collection":[{"href":"https:\/\/faberpet.ro\/stage\/wp-json\/wp\/v2\/product"}],"about":[{"href":"https:\/\/faberpet.ro\/stage\/wp-json\/wp\/v2\/types\/product"}],"wp:featuredmedia":[{"embeddable":true,"href":"https:\/\/faberpet.ro\/stage\/wp-json\/wp\/v2\/media\/8360"}],"wp:attachment":[{"href":"https:\/\/faberpet.ro\/stage\/wp-json\/wp\/v2\/media?parent=3466"}],"wp:term":[{"taxonomy":"product_brand","embeddable":true,"href":"https:\/\/faberpet.ro\/stage\/wp-json\/wp\/v2\/product_brand?post=3466"},{"taxonomy":"product_cat","embeddable":true,"href":"https:\/\/faberpet.ro\/stage\/wp-json\/wp\/v2\/product_cat?post=3466"},{"taxonomy":"product_tag","embeddable":true,"href":"https:\/\/faberpet.ro\/stage\/wp-json\/wp\/v2\/product_tag?post=3466"}],"curies":[{"name":"wp","href":"https:\/\/api.w.org\/{rel}","templated":true}]}}