{"id":3467,"date":"2024-10-21T20:30:26","date_gmt":"2024-10-21T17:30:26","guid":{"rendered":"https:\/\/faberpet.ro\/stage\/produs\/bio-start-800-l-apa\/"},"modified":"2026-02-09T15:00:44","modified_gmt":"2026-02-09T13:00:44","slug":"bio-start-800-l-apa","status":"publish","type":"product","link":"https:\/\/faberpet.ro\/stage\/produs\/bio-start-800-l-apa\/","title":{"rendered":"BIO Start, 800 l apa"},"content":{"rendered":"<p>Agent de tratare a apei pentru acvariu. Bacterii \u0219i enzime cultur\u0103 pentru a \u00eencepe colonizarea bacteriilor \u00een ap\u0103. O suspensie care con\u021bine o cultur\u0103 bacterian\u0103 util\u0103 \u0219i enzime degradante. Cu rezultate excelente, atunci c\u00e2nd \u00eentroduce\u021bi apa proasp\u0103t\u0103 \u00een acvariu, acceler\u00e2nd procesele de biodegradare, numit &#8220;sindrom de piscin\u0103 nou&#8221; (cauzat de produse de degradare accidental\u0103), care ofer\u0103 ajutor util pentru regenerarea suprafe\u021bei filtrului biologic dup\u0103 cur\u0103\u021barea filtrului \u0219i schimbul de ap\u0103. 40 ml pentru 800 l ap\u0103 sau 1 ml (25 picaturi) pentru 20 l ap\u0103. Dup\u0103 schimbarea apei \u0219i cur\u0103\u021barea filtrului, ad\u0103uga\u021bi o doz\u0103 de Bio Start \u00een apa de acvariu pentru a regenera suprafe\u021bei biologice \u00een acvariu. Numai pentru ap\u0103 de acvariu! Cantitate: 40 ml!<\/p>\n<p>Se vinde ambalat c\u00e2te 5 buc\/set! Pre\u021bul afi\u0219at este la buc!<\/p>\n","protected":false},"excerpt":{"rendered":"<p>Agent de tratare a apei pentru acvariu. Bacterii \u0219i enzime cultur\u0103 pentru a \u00eencepe colonizarea bacteriilor \u00een ap\u0103. O suspensie care con\u021bine o cultur\u0103 bacterian\u0103 util\u0103 \u0219i enzime degradante. Cu rezultate excelente, atunci c\u00e2nd \u00eentroduce\u021bi apa proasp\u0103t\u0103 \u00een acvariu, acceler\u00e2nd procesele de biodegradare, numit &#8220;sindrom de piscin\u0103 nou&#8221; (cauzat de produse de degradare accidental\u0103), care [&hellip;]<\/p>\n","protected":false},"featured_media":8361,"template":"","meta":[],"product_brand":[],"product_cat":[61,127],"product_tag":[153,155,154],"class_list":{"0":"post-3467","1":"product","2":"type-product","3":"status-publish","4":"has-post-thumbnail","6":"product_cat-acvaristica","7":"product_cat-dezinfectante-apa","8":"product_tag-agent-de-tratare-apa","9":"product_tag-bio-start","10":"product_tag-dezinfectant-pesti-de-balta","12":"first","13":"instock","14":"shipping-taxable","15":"purchasable","16":"product-type-simple"},"_links":{"self":[{"href":"https:\/\/faberpet.ro\/stage\/wp-json\/wp\/v2\/product\/3467","targetHints":{"allow":["GET"]}}],"collection":[{"href":"https:\/\/faberpet.ro\/stage\/wp-json\/wp\/v2\/product"}],"about":[{"href":"https:\/\/faberpet.ro\/stage\/wp-json\/wp\/v2\/types\/product"}],"wp:featuredmedia":[{"embeddable":true,"href":"https:\/\/faberpet.ro\/stage\/wp-json\/wp\/v2\/media\/8361"}],"wp:attachment":[{"href":"https:\/\/faberpet.ro\/stage\/wp-json\/wp\/v2\/media?parent=3467"}],"wp:term":[{"taxonomy":"product_brand","embeddable":true,"href":"https:\/\/faberpet.ro\/stage\/wp-json\/wp\/v2\/product_brand?post=3467"},{"taxonomy":"product_cat","embeddable":true,"href":"https:\/\/faberpet.ro\/stage\/wp-json\/wp\/v2\/product_cat?post=3467"},{"taxonomy":"product_tag","embeddable":true,"href":"https:\/\/faberpet.ro\/stage\/wp-json\/wp\/v2\/product_tag?post=3467"}],"curies":[{"name":"wp","href":"https:\/\/api.w.org\/{rel}","templated":true}]}}