{"id":3476,"date":"2024-10-21T20:30:27","date_gmt":"2024-10-21T17:30:27","guid":{"rendered":"https:\/\/faberpet.ro\/stage\/produs\/algacid-solutie-contra-algelor-1-l\/"},"modified":"2025-08-05T11:54:17","modified_gmt":"2025-08-05T09:54:17","slug":"algacid-solutie-contra-algelor-1-l","status":"publish","type":"product","link":"https:\/\/faberpet.ro\/stage\/produs\/algacid-solutie-contra-algelor-1-l\/","title":{"rendered":"Algacid &#8211; Solutie contra algelor 1 L"},"content":{"rendered":"<p>Recomand\u0103ri: Datorit\u0103 acidului boric, solu\u021bia scade p H- ul apei de acvariu, inhib\u00e2nd astfel dezvoltarea algelor albastre (acestea se dezvolt\u0103 numai \u00een mediu alcalin). Mod de administrare:Se administreaz\u0103 \u00een apa din acvariu. Se adaug\u0103 30- 40 pic\u0103turi (1ml) Algacid la 5 litri de ap\u0103 (1 flacon la 150 litri ap\u0103). \u00cen cazul apelor alcaline, doza se repet\u0103 de 2- 3 ori, la intervale de 4- 6 zile. Algele deja depuse pe peretele acvariilor se \u00eendep\u0103rteaz\u0103 cu r\u0103zuitorul de alge. Solu\u021bia se agit\u0103 \u00eenainte de administrare. Con\u021binut:100 ml solu\u021bie con\u021bine: \u2013 10 g acid boric, ap\u0103 ad 100 ml. Precau\u021bii:A se evita contactul cu ochii. A nu se \u00eenghi\u021bi. A nu se l\u0103sa la \u00eendem\u00e2na copiilor. A nu se refolosi flaconul dup\u0103 golire.<\/p>\n","protected":false},"excerpt":{"rendered":"<p>Recomand\u0103ri: Datorit\u0103 acidului boric, solu\u021bia scade p H- ul apei de acvariu, inhib\u00e2nd astfel dezvoltarea algelor albastre (acestea se dezvolt\u0103 numai \u00een mediu alcalin). Mod de administrare:Se administreaz\u0103 \u00een apa din acvariu. Se adaug\u0103 30- 40 pic\u0103turi (1ml) Algacid la 5 litri de ap\u0103 (1 flacon la 150 litri ap\u0103). \u00cen cazul apelor alcaline, doza [&hellip;]<\/p>\n","protected":false},"featured_media":10813,"template":"","meta":[],"product_brand":[],"product_cat":[61,127],"product_tag":[156,118,158],"class_list":{"0":"post-3476","1":"product","2":"type-product","3":"status-publish","4":"has-post-thumbnail","6":"product_cat-acvaristica","7":"product_cat-dezinfectante-apa","8":"product_tag-dezinfectant-acvarii","9":"product_tag-dezinfectant-apa","10":"product_tag-solutie-contra-alge","12":"first","13":"instock","14":"shipping-taxable","15":"purchasable","16":"product-type-simple"},"_links":{"self":[{"href":"https:\/\/faberpet.ro\/stage\/wp-json\/wp\/v2\/product\/3476","targetHints":{"allow":["GET"]}}],"collection":[{"href":"https:\/\/faberpet.ro\/stage\/wp-json\/wp\/v2\/product"}],"about":[{"href":"https:\/\/faberpet.ro\/stage\/wp-json\/wp\/v2\/types\/product"}],"wp:featuredmedia":[{"embeddable":true,"href":"https:\/\/faberpet.ro\/stage\/wp-json\/wp\/v2\/media\/10813"}],"wp:attachment":[{"href":"https:\/\/faberpet.ro\/stage\/wp-json\/wp\/v2\/media?parent=3476"}],"wp:term":[{"taxonomy":"product_brand","embeddable":true,"href":"https:\/\/faberpet.ro\/stage\/wp-json\/wp\/v2\/product_brand?post=3476"},{"taxonomy":"product_cat","embeddable":true,"href":"https:\/\/faberpet.ro\/stage\/wp-json\/wp\/v2\/product_cat?post=3476"},{"taxonomy":"product_tag","embeddable":true,"href":"https:\/\/faberpet.ro\/stage\/wp-json\/wp\/v2\/product_tag?post=3476"}],"curies":[{"name":"wp","href":"https:\/\/api.w.org\/{rel}","templated":true}]}}