{"id":3478,"date":"2024-10-21T20:30:27","date_gmt":"2024-10-21T17:30:27","guid":{"rendered":"https:\/\/faberpet.ro\/stage\/produs\/clorocid-solutie-neutralizanta-100-ml\/"},"modified":"2025-08-05T11:54:52","modified_gmt":"2025-08-05T09:54:52","slug":"clorocid-solutie-neutralizanta-100-ml","status":"publish","type":"product","link":"https:\/\/faberpet.ro\/stage\/produs\/clorocid-solutie-neutralizanta-100-ml\/","title":{"rendered":"Clorocid &#8211; Solutie neutralizanta 100 ml"},"content":{"rendered":"<p>Recomand\u0103ri: Datorit\u0103 substan\u021bei active a produsului, aceasta neutralizeaz\u0103 metalele grele, clorul \u0219i cloramina din apa de acvariu. \u00cen acvaristic\u0103: \u2013 pentru prevenirea intoxica\u021biilor cu clor (cloramin\u0103) \u0219i metale grele la pe\u0219tii exotici. Mod de administrare:Se administreaz\u0103 \u00een apa din acvariu. La fiecare schimb de ap\u0103, se adaug\u0103 30- 40 pic\u0103turi (1 ml) Clorocid la 5 litri de ap\u0103 (1 falcon la 500 litri ap\u0103). Con\u021binut:100 ml solu\u021bie con\u021bine: \u2013 10 g tiosulfat de sodiu, ap\u0103 ad 100 ml. Precau\u021bii:A se evita contactul cu ochii. A nu se \u00eenghi\u021bi. A nu se l\u0103sa la \u00eendem\u00e2na copiilor. A nu se refolosi flaconul dup\u0103 golire.<\/p>\n","protected":false},"excerpt":{"rendered":"<p>Recomand\u0103ri: Datorit\u0103 substan\u021bei active a produsului, aceasta neutralizeaz\u0103 metalele grele, clorul \u0219i cloramina din apa de acvariu. \u00cen acvaristic\u0103: \u2013 pentru prevenirea intoxica\u021biilor cu clor (cloramin\u0103) \u0219i metale grele la pe\u0219tii exotici. Mod de administrare:Se administreaz\u0103 \u00een apa din acvariu. La fiecare schimb de ap\u0103, se adaug\u0103 30- 40 pic\u0103turi (1 ml) Clorocid la 5 [&hellip;]<\/p>\n","protected":false},"featured_media":8371,"template":"","meta":[],"product_brand":[],"product_cat":[61,127],"product_tag":[156,118,159],"class_list":{"0":"post-3478","1":"product","2":"type-product","3":"status-publish","4":"has-post-thumbnail","6":"product_cat-acvaristica","7":"product_cat-dezinfectante-apa","8":"product_tag-dezinfectant-acvarii","9":"product_tag-dezinfectant-apa","10":"product_tag-solutie-neutralizanta","12":"first","13":"instock","14":"shipping-taxable","15":"purchasable","16":"product-type-simple"},"_links":{"self":[{"href":"https:\/\/faberpet.ro\/stage\/wp-json\/wp\/v2\/product\/3478","targetHints":{"allow":["GET"]}}],"collection":[{"href":"https:\/\/faberpet.ro\/stage\/wp-json\/wp\/v2\/product"}],"about":[{"href":"https:\/\/faberpet.ro\/stage\/wp-json\/wp\/v2\/types\/product"}],"wp:featuredmedia":[{"embeddable":true,"href":"https:\/\/faberpet.ro\/stage\/wp-json\/wp\/v2\/media\/8371"}],"wp:attachment":[{"href":"https:\/\/faberpet.ro\/stage\/wp-json\/wp\/v2\/media?parent=3478"}],"wp:term":[{"taxonomy":"product_brand","embeddable":true,"href":"https:\/\/faberpet.ro\/stage\/wp-json\/wp\/v2\/product_brand?post=3478"},{"taxonomy":"product_cat","embeddable":true,"href":"https:\/\/faberpet.ro\/stage\/wp-json\/wp\/v2\/product_cat?post=3478"},{"taxonomy":"product_tag","embeddable":true,"href":"https:\/\/faberpet.ro\/stage\/wp-json\/wp\/v2\/product_tag?post=3478"}],"curies":[{"name":"wp","href":"https:\/\/api.w.org\/{rel}","templated":true}]}}