{"id":3485,"date":"2024-10-21T20:30:28","date_gmt":"2024-10-21T17:30:28","guid":{"rendered":"https:\/\/faberpet.ro\/stage\/produs\/verde-de-malachit-dezinfectant-pentru-acvarii-1-l\/"},"modified":"2025-08-05T11:56:46","modified_gmt":"2025-08-05T09:56:46","slug":"verde-de-malachit-dezinfectant-pentru-acvarii-1-l","status":"publish","type":"product","link":"https:\/\/faberpet.ro\/stage\/produs\/verde-de-malachit-dezinfectant-pentru-acvarii-1-l\/","title":{"rendered":"Verde de Malachit &#8211; Dezinfectant pentru acvarii 1 L"},"content":{"rendered":"<p>Recomand\u0103ri: Verdele de malachit se utilizeaz\u0103 \u00een acvaristic\u0103 pentru condi\u021bionarea apei, av\u00e2nd efect bacteriostatic \u0219i anti- protozoar. Se indic\u0103 pentru prevenirea \u00eemboln\u0103virilor bacteriene \u0219i prevenirea protozoozelor, \u00een protozooze ca: Costiaza, Chilodoniaza, Trichodiniaza, Dactylogiraza, Ihtioftiriaza sau grisul (boala puncteloralbe) a pe\u0219tilor exotici. Pentru prevenirea micozelor: Saprolegniaza (mucegaiul pe\u0219tilor). Mod de administrare:B\u0103i de lung\u0103 durat\u0103: 3- 4 zile. Se administreaz\u0103 \u00een apa din acvariu. Se adaug\u0103 30- 40 pic\u0103turi (1 ml) solu\u021bie la 10 litri de ap\u0103 (1 flacon la 300 litri ap\u0103) urmat de \u00eemprosp\u0103tarea par\u021bial\u0103 a apei. B\u0103i de scurt\u0103 durat\u0103: 20- 30 minute. Se adaug\u0103 30- 40 pic\u0103turi (1 ml) solu\u021bie la 1 litru de ap\u0103 1 flacon la 30 litri ap\u0103), \u00eentr- un vas separat. \u00cemb\u0103ierea icrelor \u2013 b\u0103i de scurt\u0103 durat\u0103: 5 minute zilnic. Se utilizeaz\u0103 \u00een Saprolegniaz\u0103 se adaug\u0103 30- 40 pic\u0103turi (1 ml) solu\u021bie la 10 litri ap\u0103. Con\u021binut:100 ml solu\u021bie con\u021bine: \u2013 0, 15 g verde de malachit, ap\u0103 ad 100 ml. Precau\u021bii:este toxic pentru melci \u0219i unele specii de plante de acvariu. Produsul poate p\u0103ta m\u00e2inile sau hainele utilizatorului. A nu se l\u0103sa la \u00eendem\u00e2na copiilor.<\/p>\n","protected":false},"excerpt":{"rendered":"<p>Recomand\u0103ri: Verdele de malachit se utilizeaz\u0103 \u00een acvaristic\u0103 pentru condi\u021bionarea apei, av\u00e2nd efect bacteriostatic \u0219i anti- protozoar. Se indic\u0103 pentru prevenirea \u00eemboln\u0103virilor bacteriene \u0219i prevenirea protozoozelor, \u00een protozooze ca: Costiaza, Chilodoniaza, Trichodiniaza, Dactylogiraza, Ihtioftiriaza sau grisul (boala puncteloralbe) a pe\u0219tilor exotici. Pentru prevenirea micozelor: Saprolegniaza (mucegaiul pe\u0219tilor). Mod de administrare:B\u0103i de lung\u0103 durat\u0103: 3- 4 [&hellip;]<\/p>\n","protected":false},"featured_media":8378,"template":"","meta":[],"product_brand":[],"product_cat":[61,127],"product_tag":[156,118,161],"class_list":{"0":"post-3485","1":"product","2":"type-product","3":"status-publish","4":"has-post-thumbnail","6":"product_cat-acvaristica","7":"product_cat-dezinfectante-apa","8":"product_tag-dezinfectant-acvarii","9":"product_tag-dezinfectant-apa","10":"product_tag-verde-de-malachit","12":"first","13":"instock","14":"shipping-taxable","15":"purchasable","16":"product-type-simple"},"_links":{"self":[{"href":"https:\/\/faberpet.ro\/stage\/wp-json\/wp\/v2\/product\/3485","targetHints":{"allow":["GET"]}}],"collection":[{"href":"https:\/\/faberpet.ro\/stage\/wp-json\/wp\/v2\/product"}],"about":[{"href":"https:\/\/faberpet.ro\/stage\/wp-json\/wp\/v2\/types\/product"}],"wp:featuredmedia":[{"embeddable":true,"href":"https:\/\/faberpet.ro\/stage\/wp-json\/wp\/v2\/media\/8378"}],"wp:attachment":[{"href":"https:\/\/faberpet.ro\/stage\/wp-json\/wp\/v2\/media?parent=3485"}],"wp:term":[{"taxonomy":"product_brand","embeddable":true,"href":"https:\/\/faberpet.ro\/stage\/wp-json\/wp\/v2\/product_brand?post=3485"},{"taxonomy":"product_cat","embeddable":true,"href":"https:\/\/faberpet.ro\/stage\/wp-json\/wp\/v2\/product_cat?post=3485"},{"taxonomy":"product_tag","embeddable":true,"href":"https:\/\/faberpet.ro\/stage\/wp-json\/wp\/v2\/product_tag?post=3485"}],"curies":[{"name":"wp","href":"https:\/\/api.w.org\/{rel}","templated":true}]}}