{"id":3490,"date":"2024-10-21T20:30:29","date_gmt":"2024-10-21T17:30:29","guid":{"rendered":"https:\/\/faberpet.ro\/stage\/produs\/albastru-de-metilen-1-spray-uz-veterinar-100-ml\/"},"modified":"2025-08-05T10:12:06","modified_gmt":"2025-08-05T08:12:06","slug":"albastru-de-metilen-1-spray-uz-veterinar-100-ml","status":"publish","type":"product","link":"https:\/\/faberpet.ro\/stage\/produs\/albastru-de-metilen-1-spray-uz-veterinar-100-ml\/","title":{"rendered":"Albastru de metilen 1% Spray, uz veterinar &#8211; 100 ml"},"content":{"rendered":"<p>Recomand\u0103ri: Uz extern din grupa coloran\u0163ilor tiazinici, ca adjuvant pentru tratarea \u0163esuturilor lezate (\u00een pl\u0103gi, ulcere, arsuri, stomatite, faringite). Uz intern activeaz\u0103 procesele oxido- reduc\u0103toare, indicat ca adjuvant \u00een tratarea infec\u0163iilor, \u00een hipoxii, methemoglobinemii, intoxica\u0163ii (cu nitra\u0163i, nitri\u0163i, sulfamide, cianuri). Mod de administrare:Uz intern \u2013 \u00een ap\u0103 de b\u0103ut, 100 ml sol. 1 % la 4- 5 L ap\u0103, 2- 3 zile. \u2013 Uz extern \u2013 badijon\u0103ri locale cu solu\u0163ii diluate cu ap\u0103 distilat\u0103 la conc. 0, 7 %, de 1- 2 ori\/zi, p\u00e2n\u0103 la vindecare. Con\u021binut:1 g Albastru de metilen ad 100 ml ap\u0103. Precau\u021bii:Nu se administreaz\u0103 la animalele de interes economic.<\/p>\n","protected":false},"excerpt":{"rendered":"<p>Recomand\u0103ri: Uz extern din grupa coloran\u0163ilor tiazinici, ca adjuvant pentru tratarea \u0163esuturilor lezate (\u00een pl\u0103gi, ulcere, arsuri, stomatite, faringite). Uz intern activeaz\u0103 procesele oxido- reduc\u0103toare, indicat ca adjuvant \u00een tratarea infec\u0163iilor, \u00een hipoxii, methemoglobinemii, intoxica\u0163ii (cu nitra\u0163i, nitri\u0163i, sulfamide, cianuri). Mod de administrare:Uz intern \u2013 \u00een ap\u0103 de b\u0103ut, 100 ml sol. 1 % la [&hellip;]<\/p>\n","protected":false},"featured_media":8383,"template":"","meta":[],"product_brand":[],"product_cat":[2694,166,167,175,169,172,170,173],"product_tag":[164,176,165],"class_list":{"0":"post-3490","1":"product","2":"type-product","3":"status-publish","4":"has-post-thumbnail","6":"product_cat-alte-animale","7":"product_cat-animale-ferma","8":"product_cat-cai-si-vaci","9":"product_cat-ingrijire-pasari","10":"product_cat-ingrijire-caini","11":"product_cat-ingrijire-pisici","12":"product_cat-solutii-antiparazitare","13":"product_cat-solutii-antiparazitare-ingrijire-pisici","14":"product_tag-adjuvant-ingrijire-animale","15":"product_tag-albastri-metilen","16":"product_tag-ingrijire-animale","18":"first","19":"instock","20":"shipping-taxable","21":"purchasable","22":"product-type-simple"},"_links":{"self":[{"href":"https:\/\/faberpet.ro\/stage\/wp-json\/wp\/v2\/product\/3490","targetHints":{"allow":["GET"]}}],"collection":[{"href":"https:\/\/faberpet.ro\/stage\/wp-json\/wp\/v2\/product"}],"about":[{"href":"https:\/\/faberpet.ro\/stage\/wp-json\/wp\/v2\/types\/product"}],"wp:featuredmedia":[{"embeddable":true,"href":"https:\/\/faberpet.ro\/stage\/wp-json\/wp\/v2\/media\/8383"}],"wp:attachment":[{"href":"https:\/\/faberpet.ro\/stage\/wp-json\/wp\/v2\/media?parent=3490"}],"wp:term":[{"taxonomy":"product_brand","embeddable":true,"href":"https:\/\/faberpet.ro\/stage\/wp-json\/wp\/v2\/product_brand?post=3490"},{"taxonomy":"product_cat","embeddable":true,"href":"https:\/\/faberpet.ro\/stage\/wp-json\/wp\/v2\/product_cat?post=3490"},{"taxonomy":"product_tag","embeddable":true,"href":"https:\/\/faberpet.ro\/stage\/wp-json\/wp\/v2\/product_tag?post=3490"}],"curies":[{"name":"wp","href":"https:\/\/api.w.org\/{rel}","templated":true}]}}