{"id":3494,"date":"2024-10-21T20:30:29","date_gmt":"2024-10-21T17:30:29","guid":{"rendered":"https:\/\/faberpet.ro\/stage\/produs\/tinctura-de-iod-solutie-uz-veterinar-1-l\/"},"modified":"2025-08-05T10:13:57","modified_gmt":"2025-08-05T08:13:57","slug":"tinctura-de-iod-solutie-uz-veterinar-1-l","status":"publish","type":"product","link":"https:\/\/faberpet.ro\/stage\/produs\/tinctura-de-iod-solutie-uz-veterinar-1-l\/","title":{"rendered":"Tinctura de Iod Solutie, uz veterinar &#8211; 1 L"},"content":{"rendered":"<p>Recomand\u0103ri: Se indic\u0103 la toate speciile de animale. Ca adjuvant \u00een infec\u0163ii, se indic\u0103 sub form\u0103 de badijon\u0103ri sau pensula\u0163ii \u00een jurul pl\u0103gilor, ulcerelor, fistulelor, \u00een jurul articula\u0163iilor dureroase, pl\u0103gilor atone. Mod de administrare:Uz extern Badijon\u0103ri sau pensula\u0163ii dup\u0103 o prealabil\u0103 toalet\u0103, tundere a zonei, de 2- 3 ori pe zi, p\u00e2n\u0103 la vindecare. Se evit\u0103 contactul cu mucoasele. Con\u021binut:100 ml con\u0163ine: \u2013 2 g Iod \u2013 3 g Iodur\u0103 de potasiu \u2013 alcool 50 % ad 100 ml Precau\u021bii:A se evita contactul direct cu ochii \u015fi zonele sensibile (organele genitale). A nu se l\u0103sa la \u00eendem\u00e2na copiilor. A nu se \u00eenghi\u0163i. A nu se refolosi flaconul dup\u0103 golire. Prezentare:1 L<\/p>\n","protected":false},"excerpt":{"rendered":"<p>Recomand\u0103ri: Se indic\u0103 la toate speciile de animale. Ca adjuvant \u00een infec\u0163ii, se indic\u0103 sub form\u0103 de badijon\u0103ri sau pensula\u0163ii \u00een jurul pl\u0103gilor, ulcerelor, fistulelor, \u00een jurul articula\u0163iilor dureroase, pl\u0103gilor atone. Mod de administrare:Uz extern Badijon\u0103ri sau pensula\u0163ii dup\u0103 o prealabil\u0103 toalet\u0103, tundere a zonei, de 2- 3 ori pe zi, p\u00e2n\u0103 la vindecare. Se [&hellip;]<\/p>\n","protected":false},"featured_media":8387,"template":"","meta":[],"product_brand":[],"product_cat":[2694,166,167,175,169,172,170,173],"product_tag":[164,180,182],"class_list":{"0":"post-3494","1":"product","2":"type-product","3":"status-publish","4":"has-post-thumbnail","6":"product_cat-alte-animale","7":"product_cat-animale-ferma","8":"product_cat-cai-si-vaci","9":"product_cat-ingrijire-pasari","10":"product_cat-ingrijire-caini","11":"product_cat-ingrijire-pisici","12":"product_cat-solutii-antiparazitare","13":"product_cat-solutii-antiparazitare-ingrijire-pisici","14":"product_tag-adjuvant-ingrijire-animale","15":"product_tag-ingrijiri-animale","16":"product_tag-tinctura-iod-solutie","18":"first","19":"instock","20":"shipping-taxable","21":"purchasable","22":"product-type-simple"},"_links":{"self":[{"href":"https:\/\/faberpet.ro\/stage\/wp-json\/wp\/v2\/product\/3494","targetHints":{"allow":["GET"]}}],"collection":[{"href":"https:\/\/faberpet.ro\/stage\/wp-json\/wp\/v2\/product"}],"about":[{"href":"https:\/\/faberpet.ro\/stage\/wp-json\/wp\/v2\/types\/product"}],"wp:featuredmedia":[{"embeddable":true,"href":"https:\/\/faberpet.ro\/stage\/wp-json\/wp\/v2\/media\/8387"}],"wp:attachment":[{"href":"https:\/\/faberpet.ro\/stage\/wp-json\/wp\/v2\/media?parent=3494"}],"wp:term":[{"taxonomy":"product_brand","embeddable":true,"href":"https:\/\/faberpet.ro\/stage\/wp-json\/wp\/v2\/product_brand?post=3494"},{"taxonomy":"product_cat","embeddable":true,"href":"https:\/\/faberpet.ro\/stage\/wp-json\/wp\/v2\/product_cat?post=3494"},{"taxonomy":"product_tag","embeddable":true,"href":"https:\/\/faberpet.ro\/stage\/wp-json\/wp\/v2\/product_tag?post=3494"}],"curies":[{"name":"wp","href":"https:\/\/api.w.org\/{rel}","templated":true}]}}