{"id":3497,"date":"2024-10-21T20:30:30","date_gmt":"2024-10-21T17:30:30","guid":{"rendered":"https:\/\/faberpet.ro\/stage\/produs\/granulata-pentru-pesti-exotici-100-gr\/"},"modified":"2025-08-01T07:29:20","modified_gmt":"2025-08-01T05:29:20","slug":"granulata-pentru-pesti-exotici-100-gr","status":"publish","type":"product","link":"https:\/\/faberpet.ro\/stage\/produs\/granulata-pentru-pesti-exotici-100-gr\/","title":{"rendered":"GRANULATA pentru pesti exotici, 100 gr"},"content":{"rendered":"<p>Hran\u0103 granulat\u0103 de calitate superioar\u0103 destinat\u0103 consumului pe\u0219tilor exotici ca hran\u0103 de baz\u0103. Con\u021bine to\u021bi nutri\u021bien\u021bii care are nevoie un pe\u0219te pentru a se dezvolta armonios \u0219i s\u0103n\u0103tos. Granule diametru 2 mm. Se administreaz\u0103 cantitate c\u00e2t se consuma \u00een c\u00e2teva minute. Se scufund\u0103 treptat la fundul apei. Con\u021bine : f\u0103in\u0103 de pe\u0219te, cereale, uleiuri \u0219i elemente minerale. Compozi\u021bieproteine 27 %gr\u0103simi 2 %cenu\u0219\u0103 9 %fibre 5 %<\/p>\n","protected":false},"excerpt":{"rendered":"<p>Hran\u0103 granulat\u0103 de calitate superioar\u0103 destinat\u0103 consumului pe\u0219tilor exotici ca hran\u0103 de baz\u0103. Con\u021bine to\u021bi nutri\u021bien\u021bii care are nevoie un pe\u0219te pentru a se dezvolta armonios \u0219i s\u0103n\u0103tos. Granule diametru 2 mm. Se administreaz\u0103 cantitate c\u00e2t se consuma \u00een c\u00e2teva minute. Se scufund\u0103 treptat la fundul apei. Con\u021bine : f\u0103in\u0103 de pe\u0219te, cereale, uleiuri \u0219i [&hellip;]<\/p>\n","protected":false},"featured_media":8390,"template":"","meta":[],"product_brand":[],"product_cat":[61,188,86],"product_tag":[186,187,114],"class_list":{"0":"post-3497","1":"product","2":"type-product","3":"status-publish","4":"has-post-thumbnail","6":"product_cat-acvaristica","7":"product_cat-hrana-complexa-si-granulate","8":"product_cat-hrana-pesti-si-broscute","9":"product_tag-acvaristica","10":"product_tag-aquadine","11":"product_tag-hrana-pesti","13":"first","14":"instock","15":"shipping-taxable","16":"purchasable","17":"product-type-simple"},"_links":{"self":[{"href":"https:\/\/faberpet.ro\/stage\/wp-json\/wp\/v2\/product\/3497","targetHints":{"allow":["GET"]}}],"collection":[{"href":"https:\/\/faberpet.ro\/stage\/wp-json\/wp\/v2\/product"}],"about":[{"href":"https:\/\/faberpet.ro\/stage\/wp-json\/wp\/v2\/types\/product"}],"wp:featuredmedia":[{"embeddable":true,"href":"https:\/\/faberpet.ro\/stage\/wp-json\/wp\/v2\/media\/8390"}],"wp:attachment":[{"href":"https:\/\/faberpet.ro\/stage\/wp-json\/wp\/v2\/media?parent=3497"}],"wp:term":[{"taxonomy":"product_brand","embeddable":true,"href":"https:\/\/faberpet.ro\/stage\/wp-json\/wp\/v2\/product_brand?post=3497"},{"taxonomy":"product_cat","embeddable":true,"href":"https:\/\/faberpet.ro\/stage\/wp-json\/wp\/v2\/product_cat?post=3497"},{"taxonomy":"product_tag","embeddable":true,"href":"https:\/\/faberpet.ro\/stage\/wp-json\/wp\/v2\/product_tag?post=3497"}],"curies":[{"name":"wp","href":"https:\/\/api.w.org\/{rel}","templated":true}]}}