{"id":3498,"date":"2024-10-21T20:30:30","date_gmt":"2024-10-21T17:30:30","guid":{"rendered":"https:\/\/faberpet.ro\/stage\/produs\/granulata-ptr-carasi-aurii-aquadine-20-gr\/"},"modified":"2025-08-01T07:29:37","modified_gmt":"2025-08-01T05:29:37","slug":"granulata-ptr-carasi-aurii-aquadine-20-gr","status":"publish","type":"product","link":"https:\/\/faberpet.ro\/stage\/produs\/granulata-ptr-carasi-aurii-aquadine-20-gr\/","title":{"rendered":"GRANULATA ptr carasi aurii, AQUADINE 20 gr"},"content":{"rendered":"<p>GRANULAT\u0102 pentru cara\u0219i aurii este o hran\u0103 de origine natural\u0103. Granule diametru 2 mm. Se administreaz\u0103 cantitate c\u00e2t se consuma \u00een c\u00e2teva minute. Se r\u0103m\u00e2ne pe suprafa\u021ba apei. Con\u021bine : f\u0103in\u0103 de pe\u0219te, cereale, f\u0103in\u0103 de shrimp, uleiuri \u0219i elemente minerale. Compozi\u021bieproteine 33 %gr\u0103simi 4 %cenu\u0219\u0103 3 %<\/p>\n","protected":false},"excerpt":{"rendered":"<p>GRANULAT\u0102 pentru cara\u0219i aurii este o hran\u0103 de origine natural\u0103. Granule diametru 2 mm. Se administreaz\u0103 cantitate c\u00e2t se consuma \u00een c\u00e2teva minute. Se r\u0103m\u00e2ne pe suprafa\u021ba apei. Con\u021bine : f\u0103in\u0103 de pe\u0219te, cereale, f\u0103in\u0103 de shrimp, uleiuri \u0219i elemente minerale. Compozi\u021bieproteine 33 %gr\u0103simi 4 %cenu\u0219\u0103 3 %<\/p>\n","protected":false},"featured_media":8391,"template":"","meta":[],"product_brand":[],"product_cat":[61,188,86],"product_tag":[191,190,189],"class_list":{"0":"post-3498","1":"product","2":"type-product","3":"status-publish","4":"has-post-thumbnail","6":"product_cat-acvaristica","7":"product_cat-hrana-complexa-si-granulate","8":"product_cat-hrana-pesti-si-broscute","9":"product_tag-caras-aurii","10":"product_tag-crescatorie-pesti","11":"product_tag-hrana-pesti-uscata","13":"first","14":"instock","15":"shipping-taxable","16":"purchasable","17":"product-type-simple"},"_links":{"self":[{"href":"https:\/\/faberpet.ro\/stage\/wp-json\/wp\/v2\/product\/3498","targetHints":{"allow":["GET"]}}],"collection":[{"href":"https:\/\/faberpet.ro\/stage\/wp-json\/wp\/v2\/product"}],"about":[{"href":"https:\/\/faberpet.ro\/stage\/wp-json\/wp\/v2\/types\/product"}],"wp:featuredmedia":[{"embeddable":true,"href":"https:\/\/faberpet.ro\/stage\/wp-json\/wp\/v2\/media\/8391"}],"wp:attachment":[{"href":"https:\/\/faberpet.ro\/stage\/wp-json\/wp\/v2\/media?parent=3498"}],"wp:term":[{"taxonomy":"product_brand","embeddable":true,"href":"https:\/\/faberpet.ro\/stage\/wp-json\/wp\/v2\/product_brand?post=3498"},{"taxonomy":"product_cat","embeddable":true,"href":"https:\/\/faberpet.ro\/stage\/wp-json\/wp\/v2\/product_cat?post=3498"},{"taxonomy":"product_tag","embeddable":true,"href":"https:\/\/faberpet.ro\/stage\/wp-json\/wp\/v2\/product_tag?post=3498"}],"curies":[{"name":"wp","href":"https:\/\/api.w.org\/{rel}","templated":true}]}}