{"id":3501,"date":"2024-10-21T20:30:30","date_gmt":"2024-10-21T17:30:30","guid":{"rendered":"https:\/\/faberpet.ro\/stage\/produs\/hrana-gran-ptr-pestisori-nr-0-troco-75-gr\/"},"modified":"2025-08-05T11:46:10","modified_gmt":"2025-08-05T09:46:10","slug":"hrana-gran-ptr-pestisori-nr-0-troco-75-gr","status":"publish","type":"product","link":"https:\/\/faberpet.ro\/stage\/produs\/hrana-gran-ptr-pestisori-nr-0-troco-75-gr\/","title":{"rendered":"Hrana gran. ptr pestisori nr. 0, TROCO 75 gr"},"content":{"rendered":"<p>Hran\u0103 granulat\u0103 de calitate superioar\u0103 destinat\u0103 consumului pe\u0219ti\u0219orilor ca hran\u0103 de baz\u0103. Con\u021bine to\u021bi nutri\u021bien\u021bii care are nevoie un pe\u0219te pentru a se dezvolta armonios \u0219i s\u0103n\u0103tos. Se administreaz\u0103 cantitate c\u00e2t se consuma \u00een c\u00e2teva minute. A se evita supradozarea. Compozi\u021bie: Proteine brut\u0103 60 %Gr\u0103sime brut\u0103 11 %Celuloz\u0103 brut\u0103 0. 4 %Cenu\u0219\u0103 9. 7 %Sodiu 0. 7 %Fosfor 1. 6 %Calciu 2. 9 %<\/p>\n","protected":false},"excerpt":{"rendered":"<p>Hran\u0103 granulat\u0103 de calitate superioar\u0103 destinat\u0103 consumului pe\u0219ti\u0219orilor ca hran\u0103 de baz\u0103. Con\u021bine to\u021bi nutri\u021bien\u021bii care are nevoie un pe\u0219te pentru a se dezvolta armonios \u0219i s\u0103n\u0103tos. Se administreaz\u0103 cantitate c\u00e2t se consuma \u00een c\u00e2teva minute. A se evita supradozarea. Compozi\u021bie: Proteine brut\u0103 60 %Gr\u0103sime brut\u0103 11 %Celuloz\u0103 brut\u0103 0. 4 %Cenu\u0219\u0103 9. 7 %Sodiu [&hellip;]<\/p>\n","protected":false},"featured_media":8395,"template":"","meta":[],"product_brand":[],"product_cat":[61,188,86],"product_tag":[197,198,199],"class_list":{"0":"post-3501","1":"product","2":"type-product","3":"status-publish","4":"has-post-thumbnail","6":"product_cat-acvaristica","7":"product_cat-hrana-complexa-si-granulate","8":"product_cat-hrana-pesti-si-broscute","9":"product_tag-hrana-pentru-pestisori","10":"product_tag-hrana-pesti-exotici","11":"product_tag-troco-0","13":"first","14":"instock","15":"shipping-taxable","16":"purchasable","17":"product-type-simple"},"_links":{"self":[{"href":"https:\/\/faberpet.ro\/stage\/wp-json\/wp\/v2\/product\/3501","targetHints":{"allow":["GET"]}}],"collection":[{"href":"https:\/\/faberpet.ro\/stage\/wp-json\/wp\/v2\/product"}],"about":[{"href":"https:\/\/faberpet.ro\/stage\/wp-json\/wp\/v2\/types\/product"}],"wp:featuredmedia":[{"embeddable":true,"href":"https:\/\/faberpet.ro\/stage\/wp-json\/wp\/v2\/media\/8395"}],"wp:attachment":[{"href":"https:\/\/faberpet.ro\/stage\/wp-json\/wp\/v2\/media?parent=3501"}],"wp:term":[{"taxonomy":"product_brand","embeddable":true,"href":"https:\/\/faberpet.ro\/stage\/wp-json\/wp\/v2\/product_brand?post=3501"},{"taxonomy":"product_cat","embeddable":true,"href":"https:\/\/faberpet.ro\/stage\/wp-json\/wp\/v2\/product_cat?post=3501"},{"taxonomy":"product_tag","embeddable":true,"href":"https:\/\/faberpet.ro\/stage\/wp-json\/wp\/v2\/product_tag?post=3501"}],"curies":[{"name":"wp","href":"https:\/\/api.w.org\/{rel}","templated":true}]}}