{"id":3505,"date":"2024-10-21T20:30:31","date_gmt":"2024-10-21T17:30:31","guid":{"rendered":"https:\/\/faberpet.ro\/stage\/produs\/hrana-extrudata-troco-prim-stix-mix-500-ml-60-g\/"},"modified":"2025-08-05T11:48:06","modified_gmt":"2025-08-05T09:48:06","slug":"hrana-extrudata-troco-prim-stix-mix-500-ml-60-g","status":"publish","type":"product","link":"https:\/\/faberpet.ro\/stage\/produs\/hrana-extrudata-troco-prim-stix-mix-500-ml-60-g\/","title":{"rendered":"Hrana extrudata Troco Prim STIX MIX 500 ml (60 g)"},"content":{"rendered":"<p>Hran\u0103 extrudat\u0103 complet\u0103 pentru pe\u015fti (Crap Koy) \u015fi broscu\u0163e adulte. Produsul este un amestec de be\u0163i\u015foare de grosime a 4 mm, galbene cu extract de germeni de gr\u00e2u (o surs\u0103 natural\u0103 de vitamine, minerale \u015fi fibre), be\u0163i\u015foare ro\u015fii cu extract de paprika (aromatizant \u015fi colorant, d\u0103 o culoare vie pe\u015ftilor) \u015fi be\u0163i\u015foare verzi cu spirulina (microalge cu propriet\u0103\u0163i detoxifiante, hepatoprotectoare, tonice \u015fi imuno- stimulatoare). Se administreaz\u0103 pe\u0219ti\u0219orilor \u0219i broscu\u021belor doar c\u00e2t consum\u0103 \u00een 5- 10 minute. A se evita supradozarea. 500 ml (60 g). Compozi\u021bie: Con\u0163ine proteine 23 %, gr\u0103sime 3%, fibre 2, 1% \u015fi vitaminele A, D3, E, C, precum \u015fi Fosfor \u015fi Cupru \u00een cantit\u0103\u0163i optime pentru o dezvoltare amonioas\u0103.<\/p>\n","protected":false},"excerpt":{"rendered":"<p>Hran\u0103 extrudat\u0103 complet\u0103 pentru pe\u015fti (Crap Koy) \u015fi broscu\u0163e adulte. Produsul este un amestec de be\u0163i\u015foare de grosime a 4 mm, galbene cu extract de germeni de gr\u00e2u (o surs\u0103 natural\u0103 de vitamine, minerale \u015fi fibre), be\u0163i\u015foare ro\u015fii cu extract de paprika (aromatizant \u015fi colorant, d\u0103 o culoare vie pe\u015ftilor) \u015fi be\u0163i\u015foare verzi cu spirulina [&hellip;]<\/p>\n","protected":false},"featured_media":8399,"template":"","meta":[],"product_brand":[],"product_cat":[61,208,86],"product_tag":[194,84,207],"class_list":{"0":"post-3505","1":"product","2":"type-product","3":"status-publish","4":"has-post-thumbnail","6":"product_cat-acvaristica","7":"product_cat-hrana-complexa-si-fulgi","8":"product_cat-hrana-pesti-si-broscute","9":"product_tag-hrana-granulata","10":"product_tag-hrana-pesti-acvariu","11":"product_tag-troco-prim","13":"first","14":"instock","15":"shipping-taxable","16":"purchasable","17":"product-type-simple"},"_links":{"self":[{"href":"https:\/\/faberpet.ro\/stage\/wp-json\/wp\/v2\/product\/3505","targetHints":{"allow":["GET"]}}],"collection":[{"href":"https:\/\/faberpet.ro\/stage\/wp-json\/wp\/v2\/product"}],"about":[{"href":"https:\/\/faberpet.ro\/stage\/wp-json\/wp\/v2\/types\/product"}],"wp:featuredmedia":[{"embeddable":true,"href":"https:\/\/faberpet.ro\/stage\/wp-json\/wp\/v2\/media\/8399"}],"wp:attachment":[{"href":"https:\/\/faberpet.ro\/stage\/wp-json\/wp\/v2\/media?parent=3505"}],"wp:term":[{"taxonomy":"product_brand","embeddable":true,"href":"https:\/\/faberpet.ro\/stage\/wp-json\/wp\/v2\/product_brand?post=3505"},{"taxonomy":"product_cat","embeddable":true,"href":"https:\/\/faberpet.ro\/stage\/wp-json\/wp\/v2\/product_cat?post=3505"},{"taxonomy":"product_tag","embeddable":true,"href":"https:\/\/faberpet.ro\/stage\/wp-json\/wp\/v2\/product_tag?post=3505"}],"curies":[{"name":"wp","href":"https:\/\/api.w.org\/{rel}","templated":true}]}}