{"id":3507,"date":"2024-10-21T20:30:31","date_gmt":"2024-10-21T17:30:31","guid":{"rendered":"https:\/\/faberpet.ro\/stage\/produs\/hrana-gran-ptr-pestisori-troco-prim-0-220gr\/"},"modified":"2025-08-05T11:48:54","modified_gmt":"2025-08-05T09:48:54","slug":"hrana-gran-ptr-pestisori-troco-prim-0-220gr","status":"publish","type":"product","link":"https:\/\/faberpet.ro\/stage\/produs\/hrana-gran-ptr-pestisori-troco-prim-0-220gr\/","title":{"rendered":"Hrana gran. ptr pestisori TROCO PRIM 0 220gr"},"content":{"rendered":"<p>Hran\u0103 complet\u0103 pentru pe\u015fti exotici, granule de 0, 3- 0, 5 mm. Con\u021bine to\u021bi nutri\u021bien\u021bii care are nevoie un pe\u0219te pentru a se dezvolta armonios \u0219i s\u0103n\u0103tos. Se administreaz\u0103 cantitate c\u00e2t se consuma \u00een c\u00e2teva minute. A se evita supradozarea. Compozi\u021bie: Protein\u0103 brut\u0103 60%. gr\u0103sime brut\u0103 11%, celuloz\u0103 brut\u0103 0, 4%, cenu\u0219\u0103 9, 7%, fosfor 1, 6, calciu 2, 9%, sodiu 0, 7%, vitamina A 14000 UI\/kg, vitamina D3 1220 UI\/kg, vitamina E 280 mg\/kg, vitamina C 317 mg\/kg, fier 105 mg\/kg, iod 7 mg\/kg, cobalt 1, 4 mg\/kg, cupru 7 mg\/kg, mangan 28 mg\/kg, zinc 112mg\/kg<\/p>\n","protected":false},"excerpt":{"rendered":"<p>Hran\u0103 complet\u0103 pentru pe\u015fti exotici, granule de 0, 3- 0, 5 mm. Con\u021bine to\u021bi nutri\u021bien\u021bii care are nevoie un pe\u0219te pentru a se dezvolta armonios \u0219i s\u0103n\u0103tos. Se administreaz\u0103 cantitate c\u00e2t se consuma \u00een c\u00e2teva minute. A se evita supradozarea. Compozi\u021bie: Protein\u0103 brut\u0103 60%. gr\u0103sime brut\u0103 11%, celuloz\u0103 brut\u0103 0, 4%, cenu\u0219\u0103 9, 7%, fosfor [&hellip;]<\/p>\n","protected":false},"featured_media":8401,"template":"","meta":[],"product_brand":[],"product_cat":[61,188,86],"product_tag":[194,84,199],"class_list":{"0":"post-3507","1":"product","2":"type-product","3":"status-publish","4":"has-post-thumbnail","6":"product_cat-acvaristica","7":"product_cat-hrana-complexa-si-granulate","8":"product_cat-hrana-pesti-si-broscute","9":"product_tag-hrana-granulata","10":"product_tag-hrana-pesti-acvariu","11":"product_tag-troco-0","13":"first","14":"instock","15":"shipping-taxable","16":"purchasable","17":"product-type-simple"},"_links":{"self":[{"href":"https:\/\/faberpet.ro\/stage\/wp-json\/wp\/v2\/product\/3507","targetHints":{"allow":["GET"]}}],"collection":[{"href":"https:\/\/faberpet.ro\/stage\/wp-json\/wp\/v2\/product"}],"about":[{"href":"https:\/\/faberpet.ro\/stage\/wp-json\/wp\/v2\/types\/product"}],"wp:featuredmedia":[{"embeddable":true,"href":"https:\/\/faberpet.ro\/stage\/wp-json\/wp\/v2\/media\/8401"}],"wp:attachment":[{"href":"https:\/\/faberpet.ro\/stage\/wp-json\/wp\/v2\/media?parent=3507"}],"wp:term":[{"taxonomy":"product_brand","embeddable":true,"href":"https:\/\/faberpet.ro\/stage\/wp-json\/wp\/v2\/product_brand?post=3507"},{"taxonomy":"product_cat","embeddable":true,"href":"https:\/\/faberpet.ro\/stage\/wp-json\/wp\/v2\/product_cat?post=3507"},{"taxonomy":"product_tag","embeddable":true,"href":"https:\/\/faberpet.ro\/stage\/wp-json\/wp\/v2\/product_tag?post=3507"}],"curies":[{"name":"wp","href":"https:\/\/api.w.org\/{rel}","templated":true}]}}