{"id":3508,"date":"2024-10-21T20:30:31","date_gmt":"2024-10-21T17:30:31","guid":{"rendered":"https:\/\/faberpet.ro\/stage\/produs\/hrana-gran-ptr-pestisori-troco-prim-1-220gr\/"},"modified":"2025-08-05T11:49:09","modified_gmt":"2025-08-05T09:49:09","slug":"hrana-gran-ptr-pestisori-troco-prim-1-220gr","status":"publish","type":"product","link":"https:\/\/faberpet.ro\/stage\/produs\/hrana-gran-ptr-pestisori-troco-prim-1-220gr\/","title":{"rendered":"Hrana gran. ptr pestisori TROCO PRIM 1 220gr"},"content":{"rendered":"<p>Hran\u0103 complet\u0103 pentru pe\u015fti exotici, granule de 1 mm. Con\u021bine to\u021bi nutri\u021bien\u021bii care are nevoie un pe\u0219te pentru a se dezvolta armonios \u0219i s\u0103n\u0103tos. Se administreaz\u0103 cantitate c\u00e2t se consuma \u00een c\u00e2teva minute. A se evita supradozarea. Compozi\u021bie: Protein\u0103 brut\u0103 50%. gr\u0103sime brut\u0103 20%, celuloz\u0103 brut\u0103 0, 6%, cenu\u0219\u0103 7, 6%, fosfor 1, 4, calciu 1, 9%, sodiu 0, 8%, vitamina A 12000 UI\/kg, vitamina D3 2500 UI\/kg, vitamina E 240 mg\/kg, vitamina C 200 mg\/kg, fier 90 mg\/kg, iod 8 mg\/kg, cobalt 1, 2 mg\/kg, cupru 5mg\/kg, mangan 24 mg\/kg, zinc 96 mg\/kg, seleniu 0, 4 mg\/kg.<\/p>\n","protected":false},"excerpt":{"rendered":"<p>Hran\u0103 complet\u0103 pentru pe\u015fti exotici, granule de 1 mm. Con\u021bine to\u021bi nutri\u021bien\u021bii care are nevoie un pe\u0219te pentru a se dezvolta armonios \u0219i s\u0103n\u0103tos. Se administreaz\u0103 cantitate c\u00e2t se consuma \u00een c\u00e2teva minute. A se evita supradozarea. Compozi\u021bie: Protein\u0103 brut\u0103 50%. gr\u0103sime brut\u0103 20%, celuloz\u0103 brut\u0103 0, 6%, cenu\u0219\u0103 7, 6%, fosfor 1, 4, calciu [&hellip;]<\/p>\n","protected":false},"featured_media":8402,"template":"","meta":[],"product_brand":[],"product_cat":[61,188,86],"product_tag":[194,84,200],"class_list":{"0":"post-3508","1":"product","2":"type-product","3":"status-publish","4":"has-post-thumbnail","6":"product_cat-acvaristica","7":"product_cat-hrana-complexa-si-granulate","8":"product_cat-hrana-pesti-si-broscute","9":"product_tag-hrana-granulata","10":"product_tag-hrana-pesti-acvariu","11":"product_tag-troco-1","13":"first","14":"instock","15":"shipping-taxable","16":"purchasable","17":"product-type-simple"},"_links":{"self":[{"href":"https:\/\/faberpet.ro\/stage\/wp-json\/wp\/v2\/product\/3508","targetHints":{"allow":["GET"]}}],"collection":[{"href":"https:\/\/faberpet.ro\/stage\/wp-json\/wp\/v2\/product"}],"about":[{"href":"https:\/\/faberpet.ro\/stage\/wp-json\/wp\/v2\/types\/product"}],"wp:featuredmedia":[{"embeddable":true,"href":"https:\/\/faberpet.ro\/stage\/wp-json\/wp\/v2\/media\/8402"}],"wp:attachment":[{"href":"https:\/\/faberpet.ro\/stage\/wp-json\/wp\/v2\/media?parent=3508"}],"wp:term":[{"taxonomy":"product_brand","embeddable":true,"href":"https:\/\/faberpet.ro\/stage\/wp-json\/wp\/v2\/product_brand?post=3508"},{"taxonomy":"product_cat","embeddable":true,"href":"https:\/\/faberpet.ro\/stage\/wp-json\/wp\/v2\/product_cat?post=3508"},{"taxonomy":"product_tag","embeddable":true,"href":"https:\/\/faberpet.ro\/stage\/wp-json\/wp\/v2\/product_tag?post=3508"}],"curies":[{"name":"wp","href":"https:\/\/api.w.org\/{rel}","templated":true}]}}