{"id":3510,"date":"2024-10-21T20:30:31","date_gmt":"2024-10-21T17:30:31","guid":{"rendered":"https:\/\/faberpet.ro\/stage\/produs\/hrana-gran-pestisori-si-broscute-troco-prim-3-230gr\/"},"modified":"2025-08-05T11:49:46","modified_gmt":"2025-08-05T09:49:46","slug":"hrana-gran-pestisori-si-broscute-troco-prim-3-230gr","status":"publish","type":"product","link":"https:\/\/faberpet.ro\/stage\/produs\/hrana-gran-pestisori-si-broscute-troco-prim-3-230gr\/","title":{"rendered":"Hrana gran. pestisori si broscute TROCO PRIM 3 230gr"},"content":{"rendered":"<p>Hran\u0103 complet\u0103 pentru pe\u015fti exotici \u0219i broscu\u021be, granule de 3 mm. Con\u021bine to\u021bi nutri\u021bien\u021bii care are nevoie un pe\u0219te pentru a se dezvolta armonios \u0219i s\u0103n\u0103tos. Se administreaz\u0103 pe\u0219ti\u0219orilor \u0219i broscu\u021belor doar c\u00e2t consum\u0103 \u00een 5- 10 minute. A se evita supradozarea. Compozi\u021bie: Protein\u0103 brut\u0103 46%, gr\u0103sime brut\u0103 16%, celuloz\u0103 brut\u0103 1, 4%, cenu\u0219\u0103 7, 2%, fosfor 1, 2, calciu 1, 8%, sodiu 0, 3%, vitamina A 9995 UI\/kg, vitamina D3 2320 UI\/kg, vitamina E 200 mg\/kg, vitamina C 466 mg\/kg, fier 67 mg\/kg, iod 6, 8 mg\/kg, cobalt 1, 0 mg\/kg, cupru 5, 6 mg\/kg, mangan 23 mg\/kg, zinc 93 mg\/kg.<\/p>\n","protected":false},"excerpt":{"rendered":"<p>Hran\u0103 complet\u0103 pentru pe\u015fti exotici \u0219i broscu\u021be, granule de 3 mm. Con\u021bine to\u021bi nutri\u021bien\u021bii care are nevoie un pe\u0219te pentru a se dezvolta armonios \u0219i s\u0103n\u0103tos. Se administreaz\u0103 pe\u0219ti\u0219orilor \u0219i broscu\u021belor doar c\u00e2t consum\u0103 \u00een 5- 10 minute. A se evita supradozarea. Compozi\u021bie: Protein\u0103 brut\u0103 46%, gr\u0103sime brut\u0103 16%, celuloz\u0103 brut\u0103 1, 4%, cenu\u0219\u0103 7, [&hellip;]<\/p>\n","protected":false},"featured_media":8404,"template":"","meta":[],"product_brand":[],"product_cat":[61,188,86],"product_tag":[194,84,206],"class_list":{"0":"post-3510","1":"product","2":"type-product","3":"status-publish","4":"has-post-thumbnail","6":"product_cat-acvaristica","7":"product_cat-hrana-complexa-si-granulate","8":"product_cat-hrana-pesti-si-broscute","9":"product_tag-hrana-granulata","10":"product_tag-hrana-pesti-acvariu","11":"product_tag-troco-3","13":"first","14":"instock","15":"shipping-taxable","16":"purchasable","17":"product-type-simple"},"_links":{"self":[{"href":"https:\/\/faberpet.ro\/stage\/wp-json\/wp\/v2\/product\/3510","targetHints":{"allow":["GET"]}}],"collection":[{"href":"https:\/\/faberpet.ro\/stage\/wp-json\/wp\/v2\/product"}],"about":[{"href":"https:\/\/faberpet.ro\/stage\/wp-json\/wp\/v2\/types\/product"}],"wp:featuredmedia":[{"embeddable":true,"href":"https:\/\/faberpet.ro\/stage\/wp-json\/wp\/v2\/media\/8404"}],"wp:attachment":[{"href":"https:\/\/faberpet.ro\/stage\/wp-json\/wp\/v2\/media?parent=3510"}],"wp:term":[{"taxonomy":"product_brand","embeddable":true,"href":"https:\/\/faberpet.ro\/stage\/wp-json\/wp\/v2\/product_brand?post=3510"},{"taxonomy":"product_cat","embeddable":true,"href":"https:\/\/faberpet.ro\/stage\/wp-json\/wp\/v2\/product_cat?post=3510"},{"taxonomy":"product_tag","embeddable":true,"href":"https:\/\/faberpet.ro\/stage\/wp-json\/wp\/v2\/product_tag?post=3510"}],"curies":[{"name":"wp","href":"https:\/\/api.w.org\/{rel}","templated":true}]}}