{"id":3511,"date":"2024-10-21T20:30:31","date_gmt":"2024-10-21T17:30:31","guid":{"rendered":"https:\/\/faberpet.ro\/stage\/produs\/hrana-gran-pestisori-troco-prim-fulgi-40gr\/"},"modified":"2025-08-05T11:50:22","modified_gmt":"2025-08-05T09:50:22","slug":"hrana-gran-pestisori-troco-prim-fulgi-40gr","status":"publish","type":"product","link":"https:\/\/faberpet.ro\/stage\/produs\/hrana-gran-pestisori-troco-prim-fulgi-40gr\/","title":{"rendered":"Hrana gran. pestisori TROCO PRIM Fulgi 40gr"},"content":{"rendered":"<p>Hran\u0103 complet\u0103 pentru pe\u0219ti exotici, care persist\u0103 timp \u00eendelungat pe suprafa\u021ba apei. Con\u021bine to\u021bi nutri\u021bien\u021bii care are nevoie un pe\u0219te pentru a se dezvolta armonios \u0219i s\u0103n\u0103tos. Se administreaz\u0103 pe\u0219ti\u0219orilor \u0219i broscu\u021belor doar c\u00e2t consum\u0103 \u00een 5- 10 minute. A se evita supradozarea. Compozi\u021bie: Protein\u0103 brut\u0103 15%. gr\u0103sime brut\u0103 3%, celuloz\u0103 brut\u0103, cenu\u0219\u0103 3, 5%, fosfor 0, 5, calciu 0, 2%, vitamina A 12, 500 UI\/kg, vitamina D3 500 UI\/kg, vitamina E 60 mg\/kg, vitamina C 200 mg\/kg, fier 75 mg\/kg, iod 5 mg\/kg, cobalt 1 mg\/kg, cupru 5 mg\/kg, mangan 20 mg\/kg, zinc 60 mg\/kg, seleniu 0, 3 mg\/kg.<\/p>\n","protected":false},"excerpt":{"rendered":"<p>Hran\u0103 complet\u0103 pentru pe\u0219ti exotici, care persist\u0103 timp \u00eendelungat pe suprafa\u021ba apei. Con\u021bine to\u021bi nutri\u021bien\u021bii care are nevoie un pe\u0219te pentru a se dezvolta armonios \u0219i s\u0103n\u0103tos. Se administreaz\u0103 pe\u0219ti\u0219orilor \u0219i broscu\u021belor doar c\u00e2t consum\u0103 \u00een 5- 10 minute. A se evita supradozarea. Compozi\u021bie: Protein\u0103 brut\u0103 15%. gr\u0103sime brut\u0103 3%, celuloz\u0103 brut\u0103, cenu\u0219\u0103 3, 5%, [&hellip;]<\/p>\n","protected":false},"featured_media":8405,"template":"","meta":[],"product_brand":[],"product_cat":[61,208,86],"product_tag":[194,84,209],"class_list":{"0":"post-3511","1":"product","2":"type-product","3":"status-publish","4":"has-post-thumbnail","6":"product_cat-acvaristica","7":"product_cat-hrana-complexa-si-fulgi","8":"product_cat-hrana-pesti-si-broscute","9":"product_tag-hrana-granulata","10":"product_tag-hrana-pesti-acvariu","11":"product_tag-troco-prim-fulgi","13":"first","14":"instock","15":"shipping-taxable","16":"purchasable","17":"product-type-simple"},"_links":{"self":[{"href":"https:\/\/faberpet.ro\/stage\/wp-json\/wp\/v2\/product\/3511","targetHints":{"allow":["GET"]}}],"collection":[{"href":"https:\/\/faberpet.ro\/stage\/wp-json\/wp\/v2\/product"}],"about":[{"href":"https:\/\/faberpet.ro\/stage\/wp-json\/wp\/v2\/types\/product"}],"wp:featuredmedia":[{"embeddable":true,"href":"https:\/\/faberpet.ro\/stage\/wp-json\/wp\/v2\/media\/8405"}],"wp:attachment":[{"href":"https:\/\/faberpet.ro\/stage\/wp-json\/wp\/v2\/media?parent=3511"}],"wp:term":[{"taxonomy":"product_brand","embeddable":true,"href":"https:\/\/faberpet.ro\/stage\/wp-json\/wp\/v2\/product_brand?post=3511"},{"taxonomy":"product_cat","embeddable":true,"href":"https:\/\/faberpet.ro\/stage\/wp-json\/wp\/v2\/product_cat?post=3511"},{"taxonomy":"product_tag","embeddable":true,"href":"https:\/\/faberpet.ro\/stage\/wp-json\/wp\/v2\/product_tag?post=3511"}],"curies":[{"name":"wp","href":"https:\/\/api.w.org\/{rel}","templated":true}]}}