{"id":3514,"date":"2024-10-21T20:30:32","date_gmt":"2024-10-21T17:30:32","guid":{"rendered":"https:\/\/faberpet.ro\/stage\/produs\/larve-rosii-pentru-pesti-exotici-825-ml\/"},"modified":"2026-01-19T09:26:16","modified_gmt":"2026-01-19T07:26:16","slug":"larve-rosii-pentru-pesti-exotici-825-ml","status":"publish","type":"product","link":"https:\/\/faberpet.ro\/stage\/produs\/larve-rosii-pentru-pesti-exotici-825-ml\/","title":{"rendered":"LARVE ROSII pentru pesti exotici, 825 ml"},"content":{"rendered":"<p>Este o hran\u0103 natural\u0103 pentru pe\u0219ti exotici, ob\u021binut prin proces de liofilizare, p\u0103str\u00e2nd integral valoarea sa nutritiv\u0103 a larvei vii. Se administreaz\u0103 o cantitate c\u00e2t se consuma \u00een c\u00e2teva minute \u0219i de mai multe ori pe zi. Pentru a preveni o nutri\u021bie unilateral\u0103, este indicat\u0103 folosirea alternativ\u0103 \u0219i a altor hrane naturale, cum ar fi tubifexul. Se scufund\u0103 treptat la fundul apei. Nu murd\u0103re\u0219te apa prin dizolvare. Compozi\u021bie: Substan\u021ba uscat\u0103 95 %Protein\u0103 crud\u0103 min. 60 %Gr\u0103sime crud\u0103 max. 7 %<\/p>\n","protected":false},"excerpt":{"rendered":"<p>Este o hran\u0103 natural\u0103 pentru pe\u0219ti exotici, ob\u021binut prin proces de liofilizare, p\u0103str\u00e2nd integral valoarea sa nutritiv\u0103 a larvei vii. Se administreaz\u0103 o cantitate c\u00e2t se consuma \u00een c\u00e2teva minute \u0219i de mai multe ori pe zi. Pentru a preveni o nutri\u021bie unilateral\u0103, este indicat\u0103 folosirea alternativ\u0103 \u0219i a altor hrane naturale, cum ar fi [&hellip;]<\/p>\n","protected":false},"featured_media":8408,"template":"","meta":[],"product_brand":[],"product_cat":[61,212,86],"product_tag":[114,198,90],"class_list":{"0":"post-3514","1":"product","2":"type-product","3":"status-publish","4":"has-post-thumbnail","6":"product_cat-acvaristica","7":"product_cat-hrana-liofilizata","8":"product_cat-hrana-pesti-si-broscute","9":"product_tag-hrana-pesti","10":"product_tag-hrana-pesti-exotici","11":"product_tag-larve-rosii","13":"first","14":"instock","15":"shipping-taxable","16":"purchasable","17":"product-type-simple"},"_links":{"self":[{"href":"https:\/\/faberpet.ro\/stage\/wp-json\/wp\/v2\/product\/3514","targetHints":{"allow":["GET"]}}],"collection":[{"href":"https:\/\/faberpet.ro\/stage\/wp-json\/wp\/v2\/product"}],"about":[{"href":"https:\/\/faberpet.ro\/stage\/wp-json\/wp\/v2\/types\/product"}],"wp:featuredmedia":[{"embeddable":true,"href":"https:\/\/faberpet.ro\/stage\/wp-json\/wp\/v2\/media\/8408"}],"wp:attachment":[{"href":"https:\/\/faberpet.ro\/stage\/wp-json\/wp\/v2\/media?parent=3514"}],"wp:term":[{"taxonomy":"product_brand","embeddable":true,"href":"https:\/\/faberpet.ro\/stage\/wp-json\/wp\/v2\/product_brand?post=3514"},{"taxonomy":"product_cat","embeddable":true,"href":"https:\/\/faberpet.ro\/stage\/wp-json\/wp\/v2\/product_cat?post=3514"},{"taxonomy":"product_tag","embeddable":true,"href":"https:\/\/faberpet.ro\/stage\/wp-json\/wp\/v2\/product_tag?post=3514"}],"curies":[{"name":"wp","href":"https:\/\/api.w.org\/{rel}","templated":true}]}}