{"id":3515,"date":"2024-10-21T20:30:32","date_gmt":"2024-10-21T17:30:32","guid":{"rendered":"https:\/\/faberpet.ro\/stage\/produs\/tubifex-pentru-pesti-exotici-30-ml\/"},"modified":"2026-01-19T09:27:05","modified_gmt":"2026-01-19T07:27:05","slug":"tubifex-pentru-pesti-exotici-30-ml","status":"publish","type":"product","link":"https:\/\/faberpet.ro\/stage\/produs\/tubifex-pentru-pesti-exotici-30-ml\/","title":{"rendered":"TUBIFEX pentru pesti exotici 30 ml"},"content":{"rendered":"<p>Este o hran\u0103 pentru pe\u0219ti exotici ob\u021binut prin proces de liofilizare, p\u0103str\u00e2nd integral valoarea sa nutritiv\u0103 a tubifexului viu, proteine \u0219i mineralele. Se administreaz\u0103 cantitate c\u00e2t se consuma \u00een c\u00e2teva minute. Pentru a preveni o nutri\u021bie unilateral\u0103, este indicat\u0103 folosirea alternativ\u0103 \u0219i a altor hrane naturale, cum ar fi larve ro\u0219ii. Se scufund\u0103 treptat la fundul apei. Nu murd\u0103re\u0219te apa prin dizolvare. Compozi\u021bie: Substan\u021ba uscat\u0103 95 %Protein\u0103 crud\u0103 min. 54 %Gr\u0103sime crud\u0103 max. 16 %Se vinde ambalat c\u00e2te 10 buc\/set! Pre\u021bul afi\u0219at este per buc!<\/p>\n","protected":false},"excerpt":{"rendered":"<p>Este o hran\u0103 pentru pe\u0219ti exotici ob\u021binut prin proces de liofilizare, p\u0103str\u00e2nd integral valoarea sa nutritiv\u0103 a tubifexului viu, proteine \u0219i mineralele. Se administreaz\u0103 cantitate c\u00e2t se consuma \u00een c\u00e2teva minute. Pentru a preveni o nutri\u021bie unilateral\u0103, este indicat\u0103 folosirea alternativ\u0103 \u0219i a altor hrane naturale, cum ar fi larve ro\u0219ii. Se scufund\u0103 treptat la [&hellip;]<\/p>\n","protected":false},"featured_media":8409,"template":"","meta":[],"product_brand":[],"product_cat":[61,212,86],"product_tag":[215,214,216],"class_list":{"0":"post-3515","1":"product","2":"type-product","3":"status-publish","4":"has-post-thumbnail","6":"product_cat-acvaristica","7":"product_cat-hrana-liofilizata","8":"product_cat-hrana-pesti-si-broscute","9":"product_tag-hrana-liofilizata","10":"product_tag-hrana-pentru-pisici","11":"product_tag-tubifex-pesti","13":"first","14":"instock","15":"shipping-taxable","16":"purchasable","17":"product-type-simple"},"_links":{"self":[{"href":"https:\/\/faberpet.ro\/stage\/wp-json\/wp\/v2\/product\/3515","targetHints":{"allow":["GET"]}}],"collection":[{"href":"https:\/\/faberpet.ro\/stage\/wp-json\/wp\/v2\/product"}],"about":[{"href":"https:\/\/faberpet.ro\/stage\/wp-json\/wp\/v2\/types\/product"}],"wp:featuredmedia":[{"embeddable":true,"href":"https:\/\/faberpet.ro\/stage\/wp-json\/wp\/v2\/media\/8409"}],"wp:attachment":[{"href":"https:\/\/faberpet.ro\/stage\/wp-json\/wp\/v2\/media?parent=3515"}],"wp:term":[{"taxonomy":"product_brand","embeddable":true,"href":"https:\/\/faberpet.ro\/stage\/wp-json\/wp\/v2\/product_brand?post=3515"},{"taxonomy":"product_cat","embeddable":true,"href":"https:\/\/faberpet.ro\/stage\/wp-json\/wp\/v2\/product_cat?post=3515"},{"taxonomy":"product_tag","embeddable":true,"href":"https:\/\/faberpet.ro\/stage\/wp-json\/wp\/v2\/product_tag?post=3515"}],"curies":[{"name":"wp","href":"https:\/\/api.w.org\/{rel}","templated":true}]}}