{"id":3520,"date":"2024-10-21T20:30:33","date_gmt":"2024-10-21T17:30:33","guid":{"rendered":"https:\/\/faberpet.ro\/stage\/produs\/peste-alb-marunt-pentru-pisici-si-broscute-100-ml\/"},"modified":"2026-01-19T09:32:52","modified_gmt":"2026-01-19T07:32:52","slug":"peste-alb-marunt-pentru-pisici-si-broscute-100-ml","status":"publish","type":"product","link":"https:\/\/faberpet.ro\/stage\/produs\/peste-alb-marunt-pentru-pisici-si-broscute-100-ml\/","title":{"rendered":"PESTE ALB marunt pentru pisici si broscute, 100 ml"},"content":{"rendered":"<p>Pe\u0219te m\u0103runt liofilizat pentru pisici \u0219i broscu\u021be. Prin procesul de liofilizare se p\u0103streaz\u0103 integral valoarea nutritiv\u0103. Con\u021binutul \u00eenalt de minerale (Ca, P) ajut\u0103 la dezvoltarea corespunz\u0103toare a os\u0103turii. La pisici trebuie asigurat ap\u0103 de b\u0103ut. Se administreaz\u0103 o cantitate c\u00e2t se consuma \u00een c\u00e2teva minute. Nu murd\u0103re\u0219te apa prin dizolvare. Compozi\u021bie: Substan\u021ba uscat\u0103 5 %Protein\u0103 crud\u0103 min. 64 %Gr\u0103sime crud\u0103 max. 15 %Se vinde ambalat c\u00e2te 10 buc\/set! Pre\u021bul afi\u0219at este per buc!<\/p>\n","protected":false},"excerpt":{"rendered":"<p>Pe\u0219te m\u0103runt liofilizat pentru pisici \u0219i broscu\u021be. Prin procesul de liofilizare se p\u0103streaz\u0103 integral valoarea nutritiv\u0103. Con\u021binutul \u00eenalt de minerale (Ca, P) ajut\u0103 la dezvoltarea corespunz\u0103toare a os\u0103turii. La pisici trebuie asigurat ap\u0103 de b\u0103ut. Se administreaz\u0103 o cantitate c\u00e2t se consuma \u00een c\u00e2teva minute. Nu murd\u0103re\u0219te apa prin dizolvare. Compozi\u021bie: Substan\u021ba uscat\u0103 5 %Protein\u0103 [&hellip;]<\/p>\n","protected":false},"featured_media":8415,"template":"","meta":[],"product_brand":[],"product_cat":[61,212,86,225,171],"product_tag":[219,223,224],"class_list":{"0":"post-3520","1":"product","2":"type-product","3":"status-publish","4":"has-post-thumbnail","6":"product_cat-acvaristica","7":"product_cat-hrana-liofilizata","8":"product_cat-hrana-pesti-si-broscute","9":"product_cat-hrana-pisici","10":"product_cat-pisici","11":"product_tag-hrana-complexa","12":"product_tag-mancare-acvaristica","13":"product_tag-peste-alb","15":"first","16":"instock","17":"shipping-taxable","18":"purchasable","19":"product-type-simple"},"_links":{"self":[{"href":"https:\/\/faberpet.ro\/stage\/wp-json\/wp\/v2\/product\/3520","targetHints":{"allow":["GET"]}}],"collection":[{"href":"https:\/\/faberpet.ro\/stage\/wp-json\/wp\/v2\/product"}],"about":[{"href":"https:\/\/faberpet.ro\/stage\/wp-json\/wp\/v2\/types\/product"}],"wp:featuredmedia":[{"embeddable":true,"href":"https:\/\/faberpet.ro\/stage\/wp-json\/wp\/v2\/media\/8415"}],"wp:attachment":[{"href":"https:\/\/faberpet.ro\/stage\/wp-json\/wp\/v2\/media?parent=3520"}],"wp:term":[{"taxonomy":"product_brand","embeddable":true,"href":"https:\/\/faberpet.ro\/stage\/wp-json\/wp\/v2\/product_brand?post=3520"},{"taxonomy":"product_cat","embeddable":true,"href":"https:\/\/faberpet.ro\/stage\/wp-json\/wp\/v2\/product_cat?post=3520"},{"taxonomy":"product_tag","embeddable":true,"href":"https:\/\/faberpet.ro\/stage\/wp-json\/wp\/v2\/product_tag?post=3520"}],"curies":[{"name":"wp","href":"https:\/\/api.w.org\/{rel}","templated":true}]}}