{"id":3522,"date":"2024-10-21T20:30:33","date_gmt":"2024-10-21T17:30:33","guid":{"rendered":"https:\/\/faberpet.ro\/stage\/produs\/meniu-saptamanal-ptr-broscute-10-g\/"},"modified":"2025-11-24T07:56:32","modified_gmt":"2025-11-24T05:56:32","slug":"meniu-saptamanal-ptr-broscute-10-g","status":"publish","type":"product","link":"https:\/\/faberpet.ro\/stage\/produs\/meniu-saptamanal-ptr-broscute-10-g\/","title":{"rendered":"MENIU SAPTAMANAL ptr broscute, 10 g"},"content":{"rendered":"<p>MENIU S\u0102PT\u0102M\u00c2NAL pentru pe\u0219ti exotici \u0219i broscu\u021be este o hran\u0103 ideal\u0103 pentru pe\u0219ti exotici \u0219i broscu\u021be, cu con\u021binut foarte complex de nutritive \u0219i vitamine. Se administreaz\u0103 o cantitate c\u00e2t se consuma \u00een c\u00e2teva minute. 7 compartimente. 7 tipuri diferite de hran\u0103. Adaug\u00e2nd zilnic din diferite compartimente asigura\u021bi o dezvoltare echilibrat\u0103 pentru pe\u0219ti de acvariu \u0219i broa\u0219tele \u021bestoase. Se scufund\u0103 treptat la fundul apei.<\/p>\n<p>Compozi\u021bie: Substan\u021ba uscat\u0103 92 % Protein\u0103 crud\u0103 min. 55 % Gr\u0103sime crud\u0103 max. 19 %<\/p>\n<p>Se vinde ambalat cate 10 buc\/set!<\/p>\n<p>Pre\u021bul afi\u0219at este per buc!<\/p>\n","protected":false},"excerpt":{"rendered":"<p>MENIU S\u0102PT\u0102M\u00c2NAL pentru pe\u0219ti exotici \u0219i broscu\u021be este o hran\u0103 ideal\u0103 pentru pe\u0219ti exotici \u0219i broscu\u021be, cu con\u021binut foarte complex de nutritive \u0219i vitamine. Se administreaz\u0103 o cantitate c\u00e2t se consuma \u00een c\u00e2teva minute. 7 compartimente. 7 tipuri diferite de hran\u0103. Adaug\u00e2nd zilnic din diferite compartimente asigura\u021bi o dezvoltare echilibrat\u0103 pentru pe\u0219ti de acvariu \u0219i [&hellip;]<\/p>\n","protected":false},"featured_media":8417,"template":"","meta":[],"product_brand":[],"product_cat":[61,212,86],"product_tag":[201,228,229],"class_list":{"0":"post-3522","1":"product","2":"type-product","3":"status-publish","4":"has-post-thumbnail","6":"product_cat-acvaristica","7":"product_cat-hrana-liofilizata","8":"product_cat-hrana-pesti-si-broscute","9":"product_tag-hrana-granulata-pesti","10":"product_tag-hrana-pesti-de-balta","11":"product_tag-meniu-saptamanal","13":"first","14":"instock","15":"shipping-taxable","16":"purchasable","17":"product-type-simple"},"_links":{"self":[{"href":"https:\/\/faberpet.ro\/stage\/wp-json\/wp\/v2\/product\/3522","targetHints":{"allow":["GET"]}}],"collection":[{"href":"https:\/\/faberpet.ro\/stage\/wp-json\/wp\/v2\/product"}],"about":[{"href":"https:\/\/faberpet.ro\/stage\/wp-json\/wp\/v2\/types\/product"}],"wp:featuredmedia":[{"embeddable":true,"href":"https:\/\/faberpet.ro\/stage\/wp-json\/wp\/v2\/media\/8417"}],"wp:attachment":[{"href":"https:\/\/faberpet.ro\/stage\/wp-json\/wp\/v2\/media?parent=3522"}],"wp:term":[{"taxonomy":"product_brand","embeddable":true,"href":"https:\/\/faberpet.ro\/stage\/wp-json\/wp\/v2\/product_brand?post=3522"},{"taxonomy":"product_cat","embeddable":true,"href":"https:\/\/faberpet.ro\/stage\/wp-json\/wp\/v2\/product_cat?post=3522"},{"taxonomy":"product_tag","embeddable":true,"href":"https:\/\/faberpet.ro\/stage\/wp-json\/wp\/v2\/product_tag?post=3522"}],"curies":[{"name":"wp","href":"https:\/\/api.w.org\/{rel}","templated":true}]}}