{"id":3525,"date":"2024-10-21T20:30:33","date_gmt":"2024-10-21T17:30:33","guid":{"rendered":"https:\/\/faberpet.ro\/stage\/produs\/extrudat-pentru-broscute-400-ml\/"},"modified":"2026-01-19T09:53:16","modified_gmt":"2026-01-19T07:53:16","slug":"extrudat-pentru-broscute-400-ml","status":"publish","type":"product","link":"https:\/\/faberpet.ro\/stage\/produs\/extrudat-pentru-broscute-400-ml\/","title":{"rendered":"EXTRUDAT pentru broscute, 400 ml"},"content":{"rendered":"<p>Hran\u0103 plutitoare pentru broscu\u021be \u021bestoase de acvariu. Con\u021bine ingredien\u021bi de origine vegetal\u0103. Pentru a preveni o nutri\u021bie unilateral\u0103, este indicat\u0103 folosirea alternativ\u0103 \u0219i a altor hrane naturale, cum ar fi inima de vit\u0103, gammarus, shrimp, pe\u0219te alb. Se administreaz\u0103 o cantitate c\u00e2t se consuma \u00een c\u00e2teva minute \u0219i de mai multe ori pe zi. Compozi\u021bie: Umiditate max. 10 %Protein\u0103 brut\u0103 min. 23 %Gr\u0103sime brut\u0103 max. 3 %Fibre brute 2 %<\/p>\n","protected":false},"excerpt":{"rendered":"<p>Hran\u0103 plutitoare pentru broscu\u021be \u021bestoase de acvariu. Con\u021bine ingredien\u021bi de origine vegetal\u0103. Pentru a preveni o nutri\u021bie unilateral\u0103, este indicat\u0103 folosirea alternativ\u0103 \u0219i a altor hrane naturale, cum ar fi inima de vit\u0103, gammarus, shrimp, pe\u0219te alb. Se administreaz\u0103 o cantitate c\u00e2t se consuma \u00een c\u00e2teva minute \u0219i de mai multe ori pe zi. Compozi\u021bie: [&hellip;]<\/p>\n","protected":false},"featured_media":8420,"template":"","meta":[],"product_brand":[],"product_cat":[61,188,86],"product_tag":[234,215,233],"class_list":{"0":"post-3525","1":"product","2":"type-product","3":"status-publish","4":"has-post-thumbnail","6":"product_cat-acvaristica","7":"product_cat-hrana-complexa-si-granulate","8":"product_cat-hrana-pesti-si-broscute","9":"product_tag-extrudat-pesti","10":"product_tag-hrana-liofilizata","11":"product_tag-suplimente-hrana","13":"first","14":"instock","15":"shipping-taxable","16":"purchasable","17":"product-type-simple"},"_links":{"self":[{"href":"https:\/\/faberpet.ro\/stage\/wp-json\/wp\/v2\/product\/3525","targetHints":{"allow":["GET"]}}],"collection":[{"href":"https:\/\/faberpet.ro\/stage\/wp-json\/wp\/v2\/product"}],"about":[{"href":"https:\/\/faberpet.ro\/stage\/wp-json\/wp\/v2\/types\/product"}],"wp:featuredmedia":[{"embeddable":true,"href":"https:\/\/faberpet.ro\/stage\/wp-json\/wp\/v2\/media\/8420"}],"wp:attachment":[{"href":"https:\/\/faberpet.ro\/stage\/wp-json\/wp\/v2\/media?parent=3525"}],"wp:term":[{"taxonomy":"product_brand","embeddable":true,"href":"https:\/\/faberpet.ro\/stage\/wp-json\/wp\/v2\/product_brand?post=3525"},{"taxonomy":"product_cat","embeddable":true,"href":"https:\/\/faberpet.ro\/stage\/wp-json\/wp\/v2\/product_cat?post=3525"},{"taxonomy":"product_tag","embeddable":true,"href":"https:\/\/faberpet.ro\/stage\/wp-json\/wp\/v2\/product_tag?post=3525"}],"curies":[{"name":"wp","href":"https:\/\/api.w.org\/{rel}","templated":true}]}}