{"id":3526,"date":"2024-10-21T20:30:34","date_gmt":"2024-10-21T17:30:34","guid":{"rendered":"https:\/\/faberpet.ro\/stage\/produs\/hrana-granulata-pentru-broscute-400-ml\/"},"modified":"2026-01-19T09:52:04","modified_gmt":"2026-01-19T07:52:04","slug":"hrana-granulata-pentru-broscute-400-ml","status":"publish","type":"product","link":"https:\/\/faberpet.ro\/stage\/produs\/hrana-granulata-pentru-broscute-400-ml\/","title":{"rendered":"Hrana GRANULATA pentru broscute, 400 ml"},"content":{"rendered":"<p>Este o hran\u0103 complex\u0103 plutitoare pentru broscu\u021be \u021bestoase. Con\u021bine ingredien\u021bi de origine vegetal\u0103. Pentru a preveni o nutri\u021bie unilateral\u0103, este indicat\u0103 folosirea alternativ\u0103 \u0219i a altor hrane naturale, cum ar fi gammarus, shrimp, pe\u0219te alb. etc. Se administreaz\u0103 o cantitate c\u00e2t se consuma \u00een c\u00e2teva minute \u0219i de mai multe ori pe zi. Ingredien\u021bi: pe\u0219te \u0219i f\u0103in\u0103 de creve\u021bi, soia, alge, ulei de pe\u0219te, minerale. Compozi\u021bie: Substan\u021ba uscat\u0103 95 %Protein\u0103 crud\u0103 min. 60 %Gr\u0103sime crud\u0103 max. 7 %<\/p>\n","protected":false},"excerpt":{"rendered":"<p>Este o hran\u0103 complex\u0103 plutitoare pentru broscu\u021be \u021bestoase. Con\u021bine ingredien\u021bi de origine vegetal\u0103. Pentru a preveni o nutri\u021bie unilateral\u0103, este indicat\u0103 folosirea alternativ\u0103 \u0219i a altor hrane naturale, cum ar fi gammarus, shrimp, pe\u0219te alb. etc. Se administreaz\u0103 o cantitate c\u00e2t se consuma \u00een c\u00e2teva minute \u0219i de mai multe ori pe zi. Ingredien\u021bi: pe\u0219te [&hellip;]<\/p>\n","protected":false},"featured_media":8421,"template":"","meta":[],"product_brand":[],"product_cat":[61,188,86],"product_tag":[236,194,235],"class_list":{"0":"post-3526","1":"product","2":"type-product","3":"status-publish","4":"has-post-thumbnail","6":"product_cat-acvaristica","7":"product_cat-hrana-complexa-si-granulate","8":"product_cat-hrana-pesti-si-broscute","9":"product_tag-furaje-granulate-pentru-pesti","10":"product_tag-hrana-granulata","11":"product_tag-hrana-pesti-iazuri","13":"first","14":"instock","15":"shipping-taxable","16":"purchasable","17":"product-type-simple"},"_links":{"self":[{"href":"https:\/\/faberpet.ro\/stage\/wp-json\/wp\/v2\/product\/3526","targetHints":{"allow":["GET"]}}],"collection":[{"href":"https:\/\/faberpet.ro\/stage\/wp-json\/wp\/v2\/product"}],"about":[{"href":"https:\/\/faberpet.ro\/stage\/wp-json\/wp\/v2\/types\/product"}],"wp:featuredmedia":[{"embeddable":true,"href":"https:\/\/faberpet.ro\/stage\/wp-json\/wp\/v2\/media\/8421"}],"wp:attachment":[{"href":"https:\/\/faberpet.ro\/stage\/wp-json\/wp\/v2\/media?parent=3526"}],"wp:term":[{"taxonomy":"product_brand","embeddable":true,"href":"https:\/\/faberpet.ro\/stage\/wp-json\/wp\/v2\/product_brand?post=3526"},{"taxonomy":"product_cat","embeddable":true,"href":"https:\/\/faberpet.ro\/stage\/wp-json\/wp\/v2\/product_cat?post=3526"},{"taxonomy":"product_tag","embeddable":true,"href":"https:\/\/faberpet.ro\/stage\/wp-json\/wp\/v2\/product_tag?post=3526"}],"curies":[{"name":"wp","href":"https:\/\/api.w.org\/{rel}","templated":true}]}}