{"id":3529,"date":"2024-10-21T20:30:34","date_gmt":"2024-10-21T17:30:34","guid":{"rendered":"https:\/\/faberpet.ro\/stage\/produs\/hrana-pesti-de-balta-extrudata-6-13-mm-5-kg\/"},"modified":"2025-10-28T07:56:35","modified_gmt":"2025-10-28T05:56:35","slug":"hrana-pesti-de-balta-extrudata-6-13-mm-5-kg","status":"publish","type":"product","link":"https:\/\/faberpet.ro\/stage\/produs\/hrana-pesti-de-balta-extrudata-6-13-mm-5-kg\/","title":{"rendered":"Hrana pesti de balta extrudata 6-13 mm 5 kg"},"content":{"rendered":"<p>Hran\u0103 extrudat\u0103 pentru pe\u0219ti de balt\u0103: Crapi Koi, Cara\u0219i, etc. . . R\u0103m\u00e2ne pe suprafa\u021ba apei, astfel se pot obeserva bine pe\u0219tii. Se administreaz\u0103 o cantitate c\u00e2t se consuma \u00een c\u00e2teva minute \u0219i de mai multe ori pe zi. Pentru a preveni o nutri\u021bie unilateral\u0103, este indicat\u0103 folosirea alternativ\u0103 \u0219i a altor hrane naturale, cum ar fi gammarus, shrimp, daphnia. Con\u021bine cereale, soia, f\u0103in\u0103 de pe\u0219te, vitamine, minerale. A se p\u0103stra la loc uscat \u0219i r\u0103coros. A se evita supradozarea.<\/p>\n<p>Greutatea net\u0103: 5 kg<\/p>\n<p>Compozi\u021bie: Substan\u021ba uscat\u0103 90 % Protein\u0103 crud\u0103 min. 22 % Cenu\u0219\u0103 max. 10 %<\/p>\n","protected":false},"excerpt":{"rendered":"<p>Hran\u0103 extrudat\u0103 pentru pe\u0219ti de balt\u0103: Crapi Koi, Cara\u0219i, etc. . . R\u0103m\u00e2ne pe suprafa\u021ba apei, astfel se pot obeserva bine pe\u0219tii. Se administreaz\u0103 o cantitate c\u00e2t se consuma \u00een c\u00e2teva minute \u0219i de mai multe ori pe zi. Pentru a preveni o nutri\u021bie unilateral\u0103, este indicat\u0103 folosirea alternativ\u0103 \u0219i a altor hrane naturale, cum [&hellip;]<\/p>\n","protected":false},"featured_media":8424,"template":"","meta":[],"product_brand":[],"product_cat":[61,188,86],"product_tag":[239,240,237],"class_list":{"0":"post-3529","1":"product","2":"type-product","3":"status-publish","4":"has-post-thumbnail","6":"product_cat-acvaristica","7":"product_cat-hrana-complexa-si-granulate","8":"product_cat-hrana-pesti-si-broscute","9":"product_tag-extrudat-hrana","10":"product_tag-hrana-extrudat","11":"product_tag-hrana-pesti-balta","13":"first","14":"instock","15":"shipping-taxable","16":"purchasable","17":"product-type-simple"},"_links":{"self":[{"href":"https:\/\/faberpet.ro\/stage\/wp-json\/wp\/v2\/product\/3529","targetHints":{"allow":["GET"]}}],"collection":[{"href":"https:\/\/faberpet.ro\/stage\/wp-json\/wp\/v2\/product"}],"about":[{"href":"https:\/\/faberpet.ro\/stage\/wp-json\/wp\/v2\/types\/product"}],"wp:featuredmedia":[{"embeddable":true,"href":"https:\/\/faberpet.ro\/stage\/wp-json\/wp\/v2\/media\/8424"}],"wp:attachment":[{"href":"https:\/\/faberpet.ro\/stage\/wp-json\/wp\/v2\/media?parent=3529"}],"wp:term":[{"taxonomy":"product_brand","embeddable":true,"href":"https:\/\/faberpet.ro\/stage\/wp-json\/wp\/v2\/product_brand?post=3529"},{"taxonomy":"product_cat","embeddable":true,"href":"https:\/\/faberpet.ro\/stage\/wp-json\/wp\/v2\/product_cat?post=3529"},{"taxonomy":"product_tag","embeddable":true,"href":"https:\/\/faberpet.ro\/stage\/wp-json\/wp\/v2\/product_tag?post=3529"}],"curies":[{"name":"wp","href":"https:\/\/api.w.org\/{rel}","templated":true}]}}