{"id":3534,"date":"2024-10-21T20:30:34","date_gmt":"2024-10-21T17:30:34","guid":{"rendered":"https:\/\/faberpet.ro\/stage\/produs\/vierme-de-faina-uscat-ptr-animale-punga-50-gr\/"},"modified":"2025-08-01T07:41:03","modified_gmt":"2025-08-01T05:41:03","slug":"vierme-de-faina-uscat-ptr-animale-punga-50-gr","status":"publish","type":"product","link":"https:\/\/faberpet.ro\/stage\/produs\/vierme-de-faina-uscat-ptr-animale-punga-50-gr\/","title":{"rendered":"Vierme de faina uscat ptr animale punga 50 gr"},"content":{"rendered":"<p>Vierme de f\u0103in\u0103 pentru p\u0103s\u0103ri exotice (specii de cintez\u0103), arici, \u021bestoase, broa\u0219te, reptile, etc. . . Larvele sunt excelente pentru a \u00eembog\u0103\u021bi dieta cu proteine animale, pe care animalele le dob\u00e2ndesc \u00een mediul natural. Folosi\u021bi- le \u00een special \u00een perioada de cre\u0219tere a organismului t\u00e2n\u0103r. Nu con\u021bine conservanti sau aditivi! Pentru a preveni o nutri\u021bie unilateral\u0103, este ideali pentru amestec. Proteja\u021bi spa\u021biul de hr\u0103nire de v\u00e2nt, ploaie \u0219i ninsoare \u0219i cur\u0103\u021ba\u021bi- l regulat. A se evita supradoza. Ambalaj de 50 gr.<\/p>\n","protected":false},"excerpt":{"rendered":"<p>Vierme de f\u0103in\u0103 pentru p\u0103s\u0103ri exotice (specii de cintez\u0103), arici, \u021bestoase, broa\u0219te, reptile, etc. . . Larvele sunt excelente pentru a \u00eembog\u0103\u021bi dieta cu proteine animale, pe care animalele le dob\u00e2ndesc \u00een mediul natural. Folosi\u021bi- le \u00een special \u00een perioada de cre\u0219tere a organismului t\u00e2n\u0103r. Nu con\u021bine conservanti sau aditivi! Pentru a preveni o nutri\u021bie [&hellip;]<\/p>\n","protected":false},"featured_media":8429,"template":"","meta":[],"product_brand":[],"product_cat":[61,212,86],"product_tag":[249,247,248],"class_list":{"0":"post-3534","1":"product","2":"type-product","3":"status-publish","4":"has-post-thumbnail","6":"product_cat-acvaristica","7":"product_cat-hrana-liofilizata","8":"product_cat-hrana-pesti-si-broscute","9":"product_tag-hrana-animale-exotice","10":"product_tag-vierme-de-faina","11":"product_tag-vierme-faina-animale","13":"first","14":"instock","15":"shipping-taxable","16":"purchasable","17":"product-type-simple"},"_links":{"self":[{"href":"https:\/\/faberpet.ro\/stage\/wp-json\/wp\/v2\/product\/3534","targetHints":{"allow":["GET"]}}],"collection":[{"href":"https:\/\/faberpet.ro\/stage\/wp-json\/wp\/v2\/product"}],"about":[{"href":"https:\/\/faberpet.ro\/stage\/wp-json\/wp\/v2\/types\/product"}],"wp:featuredmedia":[{"embeddable":true,"href":"https:\/\/faberpet.ro\/stage\/wp-json\/wp\/v2\/media\/8429"}],"wp:attachment":[{"href":"https:\/\/faberpet.ro\/stage\/wp-json\/wp\/v2\/media?parent=3534"}],"wp:term":[{"taxonomy":"product_brand","embeddable":true,"href":"https:\/\/faberpet.ro\/stage\/wp-json\/wp\/v2\/product_brand?post=3534"},{"taxonomy":"product_cat","embeddable":true,"href":"https:\/\/faberpet.ro\/stage\/wp-json\/wp\/v2\/product_cat?post=3534"},{"taxonomy":"product_tag","embeddable":true,"href":"https:\/\/faberpet.ro\/stage\/wp-json\/wp\/v2\/product_tag?post=3534"}],"curies":[{"name":"wp","href":"https:\/\/api.w.org\/{rel}","templated":true}]}}