{"id":3535,"date":"2024-10-21T20:30:34","date_gmt":"2024-10-21T17:30:34","guid":{"rendered":"https:\/\/faberpet.ro\/stage\/produs\/cocon-vierme-de-matase-ptr-animale-punga-70-gr\/"},"modified":"2025-08-25T08:16:18","modified_gmt":"2025-08-25T06:16:18","slug":"cocon-vierme-de-matase-ptr-animale-punga-70-gr","status":"publish","type":"product","link":"https:\/\/faberpet.ro\/stage\/produs\/cocon-vierme-de-matase-ptr-animale-punga-70-gr\/","title":{"rendered":"Cocon vierme de matase ptr animale punga 70 gr"},"content":{"rendered":"<p>Cocon vierme de f\u0103in\u0103. Datorit\u0103 con\u021binutului s\u0103u energetic, bogat \u00een proteine, aminoacizi, gr\u0103simi naturale \u0219i vitamine, este un tratament suplimentar pentru toate animalele de ferm\u0103 \u0219i s\u0103lbatice. Coconii crescu\u021bi pe frunze de dud de \u00eenalt\u0103 calitate \u0219i usca\u021bi u\u0219or pot fi chiar o gustare recompens\u0103 pentru c\u00e2inele dvs. Pupele de viermi de m\u0103tase con\u021bin doar proteine \u200b\u200bde insecte, deci sunt potrivite \u00een special pentru c\u00e2inii cu alergii alimentare sau intoleran\u021b\u0103 la proteinele animale, deoarece nu numai c\u0103 con\u021bin proteine, gr\u0103simi \u0219i micronutrien\u021bi de \u00eenalt\u0103 calitate, ci sunt \u0219i mai sustenabile din punct de vedere ecologic, cum ar fi carnea de vit\u0103, miel, porc. sau pui. Dar aricii, \u021bestoasele, broa\u0219tele, reptilele, p\u0103s\u0103rile ornamentale \u0219i cu via\u021b\u0103 liber\u0103 \u0219i toate insectele pot oferi o diet\u0103 variat\u0103 pentru animalele noastre de companie. Ambalaj de 70 gr. Ingrediente ale unei pupe de vierme de m\u0103tase: (100% pup\u0103 de viermi de m\u0103tase) Proteine \u200b\u200bbrute: 52%, Gr\u0103simi brute: 27%, Cenu\u0219\u0103 brut\u0103: 4%, Fibr\u0103 brut\u0103: 3%<\/p>\n","protected":false},"excerpt":{"rendered":"<p>Cocon vierme de f\u0103in\u0103. Datorit\u0103 con\u021binutului s\u0103u energetic, bogat \u00een proteine, aminoacizi, gr\u0103simi naturale \u0219i vitamine, este un tratament suplimentar pentru toate animalele de ferm\u0103 \u0219i s\u0103lbatice. Coconii crescu\u021bi pe frunze de dud de \u00eenalt\u0103 calitate \u0219i usca\u021bi u\u0219or pot fi chiar o gustare recompens\u0103 pentru c\u00e2inele dvs. Pupele de viermi de m\u0103tase con\u021bin doar [&hellip;]<\/p>\n","protected":false},"featured_media":8430,"template":"","meta":[],"product_brand":[],"product_cat":[61,212,86],"product_tag":[250,249,251],"class_list":{"0":"post-3535","1":"product","2":"type-product","3":"status-publish","4":"has-post-thumbnail","6":"product_cat-acvaristica","7":"product_cat-hrana-liofilizata","8":"product_cat-hrana-pesti-si-broscute","9":"product_tag-cocon-vierme","10":"product_tag-hrana-animale-exotice","11":"product_tag-vierme-de-matase","13":"first","14":"instock","15":"shipping-taxable","16":"purchasable","17":"product-type-simple"},"_links":{"self":[{"href":"https:\/\/faberpet.ro\/stage\/wp-json\/wp\/v2\/product\/3535","targetHints":{"allow":["GET"]}}],"collection":[{"href":"https:\/\/faberpet.ro\/stage\/wp-json\/wp\/v2\/product"}],"about":[{"href":"https:\/\/faberpet.ro\/stage\/wp-json\/wp\/v2\/types\/product"}],"wp:featuredmedia":[{"embeddable":true,"href":"https:\/\/faberpet.ro\/stage\/wp-json\/wp\/v2\/media\/8430"}],"wp:attachment":[{"href":"https:\/\/faberpet.ro\/stage\/wp-json\/wp\/v2\/media?parent=3535"}],"wp:term":[{"taxonomy":"product_brand","embeddable":true,"href":"https:\/\/faberpet.ro\/stage\/wp-json\/wp\/v2\/product_brand?post=3535"},{"taxonomy":"product_cat","embeddable":true,"href":"https:\/\/faberpet.ro\/stage\/wp-json\/wp\/v2\/product_cat?post=3535"},{"taxonomy":"product_tag","embeddable":true,"href":"https:\/\/faberpet.ro\/stage\/wp-json\/wp\/v2\/product_tag?post=3535"}],"curies":[{"name":"wp","href":"https:\/\/api.w.org\/{rel}","templated":true}]}}