{"id":3539,"date":"2024-10-21T20:30:35","date_gmt":"2024-10-21T17:30:35","guid":{"rendered":"https:\/\/faberpet.ro\/stage\/produs\/gammarus-pentru-broscute-120-ml\/"},"modified":"2026-01-19T09:40:49","modified_gmt":"2026-01-19T07:40:49","slug":"gammarus-pentru-broscute-120-ml","status":"publish","type":"product","link":"https:\/\/faberpet.ro\/stage\/produs\/gammarus-pentru-broscute-120-ml\/","title":{"rendered":"GAMMARUS pentru broscute, 120 ml"},"content":{"rendered":"<p>Este o hran\u0103 uscat\u0103, natural\u0103. Con\u021binutul \u00eenalt de proteine \u0219i minerale ajut\u0103 la o dezvoltare armonioas\u0103 pentru animalele de toate v\u00e2rstele. Pentru a preveni o nutri\u021bie unilateral\u0103, este indicat\u0103 folosirea alternativ\u0103 \u0219i a altor hrane naturale, cum ar fi shrimp \u0219i pe\u0219te alb, etc. Se administreaz\u0103 o cantitate c\u00e2t se consuma \u00een c\u00e2teva minute \u0219i de mai multe ori pe zi. Nu murd\u0103re\u0219te apa prin dizolvare. Compozi\u021bie: Substan\u021ba uscat\u0103 92 % Protein\u0103 crud\u0103 min. 48 % Gr\u0103sime crud\u0103 max. 8 %<\/p>\n<p>Se vinde ambalat c\u00e2te 5 buc\/set!<\/p>\n<p>Pre\u021bul afi\u0219at este per buc!<\/p>\n","protected":false},"excerpt":{"rendered":"<p>Este o hran\u0103 uscat\u0103, natural\u0103. Con\u021binutul \u00eenalt de proteine \u0219i minerale ajut\u0103 la o dezvoltare armonioas\u0103 pentru animalele de toate v\u00e2rstele. Pentru a preveni o nutri\u021bie unilateral\u0103, este indicat\u0103 folosirea alternativ\u0103 \u0219i a altor hrane naturale, cum ar fi shrimp \u0219i pe\u0219te alb, etc. Se administreaz\u0103 o cantitate c\u00e2t se consuma \u00een c\u00e2teva minute \u0219i [&hellip;]<\/p>\n","protected":false},"featured_media":8434,"template":"","meta":[],"product_brand":[],"product_cat":[61,86,254],"product_tag":[258,257,244],"class_list":{"0":"post-3539","1":"product","2":"type-product","3":"status-publish","4":"has-post-thumbnail","6":"product_cat-acvaristica","7":"product_cat-hrana-pesti-si-broscute","8":"product_cat-hrana-uscata","9":"product_tag-hrana-gammarus","10":"product_tag-hrana-pesti-ornamentali","11":"product_tag-hrana-pesti-uscat","13":"first","14":"instock","15":"shipping-taxable","16":"purchasable","17":"product-type-simple"},"_links":{"self":[{"href":"https:\/\/faberpet.ro\/stage\/wp-json\/wp\/v2\/product\/3539","targetHints":{"allow":["GET"]}}],"collection":[{"href":"https:\/\/faberpet.ro\/stage\/wp-json\/wp\/v2\/product"}],"about":[{"href":"https:\/\/faberpet.ro\/stage\/wp-json\/wp\/v2\/types\/product"}],"wp:featuredmedia":[{"embeddable":true,"href":"https:\/\/faberpet.ro\/stage\/wp-json\/wp\/v2\/media\/8434"}],"wp:attachment":[{"href":"https:\/\/faberpet.ro\/stage\/wp-json\/wp\/v2\/media?parent=3539"}],"wp:term":[{"taxonomy":"product_brand","embeddable":true,"href":"https:\/\/faberpet.ro\/stage\/wp-json\/wp\/v2\/product_brand?post=3539"},{"taxonomy":"product_cat","embeddable":true,"href":"https:\/\/faberpet.ro\/stage\/wp-json\/wp\/v2\/product_cat?post=3539"},{"taxonomy":"product_tag","embeddable":true,"href":"https:\/\/faberpet.ro\/stage\/wp-json\/wp\/v2\/product_tag?post=3539"}],"curies":[{"name":"wp","href":"https:\/\/api.w.org\/{rel}","templated":true}]}}