{"id":3540,"date":"2024-10-21T20:30:35","date_gmt":"2024-10-21T17:30:35","guid":{"rendered":"https:\/\/faberpet.ro\/stage\/produs\/gammarus-pentru-broscute-400-ml\/"},"modified":"2026-01-19T09:41:34","modified_gmt":"2026-01-19T07:41:34","slug":"gammarus-pentru-broscute-400-ml","status":"publish","type":"product","link":"https:\/\/faberpet.ro\/stage\/produs\/gammarus-pentru-broscute-400-ml\/","title":{"rendered":"GAMMARUS pentru broscute, 400 ml"},"content":{"rendered":"<p>Este o hran\u0103 uscat\u0103, natural\u0103. Con\u021binutul \u00eenalt de proteine \u0219i minerale ajut\u0103 la o dezvoltare armonioas\u0103 pentru animalele de toate v\u00e2rstele. Pentru a preveni o nutri\u021bie unilateral\u0103, este indicat\u0103 folosirea alternativ\u0103 \u0219i a altor hrane naturale f\u0103r\u0103 conservan\u021bi, cum ar fi cereve\u021bi \u0219i pe\u0219te alb, etc. Se administreaz\u0103 o cantitate c\u00e2t se consuma \u00een c\u00e2teva minute \u0219i de mai multe ori pe zi. Nu murd\u0103re\u0219te apa prin dizolvare. A se p\u0103stra la loc uscat \u0219i r\u0103coros. Interzis pentru consumul uman.<\/p>\n<p>Compozi\u021bie: Substan\u021ba uscat\u0103 92 % Protein\u0103 crud\u0103 min. 46 % Gr\u0103sime crud\u0103 max. 8 %.<\/p>\n","protected":false},"excerpt":{"rendered":"<p>Este o hran\u0103 uscat\u0103, natural\u0103. Con\u021binutul \u00eenalt de proteine \u0219i minerale ajut\u0103 la o dezvoltare armonioas\u0103 pentru animalele de toate v\u00e2rstele. Pentru a preveni o nutri\u021bie unilateral\u0103, este indicat\u0103 folosirea alternativ\u0103 \u0219i a altor hrane naturale f\u0103r\u0103 conservan\u021bi, cum ar fi cereve\u021bi \u0219i pe\u0219te alb, etc. Se administreaz\u0103 o cantitate c\u00e2t se consuma \u00een c\u00e2teva [&hellip;]<\/p>\n","protected":false},"featured_media":8435,"template":"","meta":[],"product_brand":[],"product_cat":[61,86,254],"product_tag":[260,259,110],"class_list":{"0":"post-3540","1":"product","2":"type-product","3":"status-publish","4":"has-post-thumbnail","6":"product_cat-acvaristica","7":"product_cat-hrana-pesti-si-broscute","8":"product_cat-hrana-uscata","9":"product_tag-gammarus-broscute","10":"product_tag-hrana-broaste","11":"product_tag-hrana-vitaminizata","13":"first","14":"instock","15":"shipping-taxable","16":"purchasable","17":"product-type-simple"},"_links":{"self":[{"href":"https:\/\/faberpet.ro\/stage\/wp-json\/wp\/v2\/product\/3540","targetHints":{"allow":["GET"]}}],"collection":[{"href":"https:\/\/faberpet.ro\/stage\/wp-json\/wp\/v2\/product"}],"about":[{"href":"https:\/\/faberpet.ro\/stage\/wp-json\/wp\/v2\/types\/product"}],"wp:featuredmedia":[{"embeddable":true,"href":"https:\/\/faberpet.ro\/stage\/wp-json\/wp\/v2\/media\/8435"}],"wp:attachment":[{"href":"https:\/\/faberpet.ro\/stage\/wp-json\/wp\/v2\/media?parent=3540"}],"wp:term":[{"taxonomy":"product_brand","embeddable":true,"href":"https:\/\/faberpet.ro\/stage\/wp-json\/wp\/v2\/product_brand?post=3540"},{"taxonomy":"product_cat","embeddable":true,"href":"https:\/\/faberpet.ro\/stage\/wp-json\/wp\/v2\/product_cat?post=3540"},{"taxonomy":"product_tag","embeddable":true,"href":"https:\/\/faberpet.ro\/stage\/wp-json\/wp\/v2\/product_tag?post=3540"}],"curies":[{"name":"wp","href":"https:\/\/api.w.org\/{rel}","templated":true}]}}