{"id":3543,"date":"2024-10-21T20:30:35","date_gmt":"2024-10-21T17:30:35","guid":{"rendered":"https:\/\/faberpet.ro\/stage\/produs\/hrana-fulgi-pentru-pesti-exotici-400-ml\/"},"modified":"2026-01-19T09:46:41","modified_gmt":"2026-01-19T07:46:41","slug":"hrana-fulgi-pentru-pesti-exotici-400-ml","status":"publish","type":"product","link":"https:\/\/faberpet.ro\/stage\/produs\/hrana-fulgi-pentru-pesti-exotici-400-ml\/","title":{"rendered":"Hrana FULGI pentru pesti exotici, 400 ml"},"content":{"rendered":"<p>Este o hran\u0103 fulgi pentru pe\u0219ti exotici, preparat\u0103 din materiale de baza de calitate. Se poate administra sub form\u0103 de hran\u0103 principal\u0103. Pa l\u00e2ng\u0103 proteine, lipide \u0219i carbohidra\u021bi con\u021bine \u0219i vitamine de importan\u021ba vital\u0103. Se administreaz\u0103 o cantitate c\u00e2t se consuma \u00een c\u00e2teva minute. A se evita supradozarea. Interzis consumului uman.<\/p>\n<p>Ingrediente: gr\u00e2u de pe\u0219te, diferite cereale (38%), alge, coloran\u021bi naturali, vitamine, etc. . . ;<\/p>\n<p>Compozi\u021bie: Substan\u021ba uscat\u0103 90 % Protein\u0103 crud\u0103 min. 40 %.<\/p>\n","protected":false},"excerpt":{"rendered":"<p>Este o hran\u0103 fulgi pentru pe\u0219ti exotici, preparat\u0103 din materiale de baza de calitate. Se poate administra sub form\u0103 de hran\u0103 principal\u0103. Pa l\u00e2ng\u0103 proteine, lipide \u0219i carbohidra\u021bi con\u021bine \u0219i vitamine de importan\u021ba vital\u0103. Se administreaz\u0103 o cantitate c\u00e2t se consuma \u00een c\u00e2teva minute. A se evita supradozarea. Interzis consumului uman. Ingrediente: gr\u00e2u de pe\u0219te, [&hellip;]<\/p>\n","protected":false},"featured_media":13948,"template":"","meta":[],"product_brand":[],"product_cat":[61,208,86],"product_tag":[221,267,266],"class_list":{"0":"post-3543","1":"product","2":"type-product","3":"status-publish","4":"has-post-thumbnail","6":"product_cat-acvaristica","7":"product_cat-hrana-complexa-si-fulgi","8":"product_cat-hrana-pesti-si-broscute","9":"product_tag-bio-lio","10":"product_tag-hrana-fulgi","11":"product_tag-hrana-pentru-acvariu","13":"first","14":"instock","15":"shipping-taxable","16":"purchasable","17":"product-type-simple"},"_links":{"self":[{"href":"https:\/\/faberpet.ro\/stage\/wp-json\/wp\/v2\/product\/3543","targetHints":{"allow":["GET"]}}],"collection":[{"href":"https:\/\/faberpet.ro\/stage\/wp-json\/wp\/v2\/product"}],"about":[{"href":"https:\/\/faberpet.ro\/stage\/wp-json\/wp\/v2\/types\/product"}],"wp:featuredmedia":[{"embeddable":true,"href":"https:\/\/faberpet.ro\/stage\/wp-json\/wp\/v2\/media\/13948"}],"wp:attachment":[{"href":"https:\/\/faberpet.ro\/stage\/wp-json\/wp\/v2\/media?parent=3543"}],"wp:term":[{"taxonomy":"product_brand","embeddable":true,"href":"https:\/\/faberpet.ro\/stage\/wp-json\/wp\/v2\/product_brand?post=3543"},{"taxonomy":"product_cat","embeddable":true,"href":"https:\/\/faberpet.ro\/stage\/wp-json\/wp\/v2\/product_cat?post=3543"},{"taxonomy":"product_tag","embeddable":true,"href":"https:\/\/faberpet.ro\/stage\/wp-json\/wp\/v2\/product_tag?post=3543"}],"curies":[{"name":"wp","href":"https:\/\/api.w.org\/{rel}","templated":true}]}}