{"id":3545,"date":"2024-10-21T20:30:36","date_gmt":"2024-10-21T17:30:36","guid":{"rendered":"https:\/\/faberpet.ro\/stage\/produs\/daphnia-ambalat-pentru-pesti-exotici-70-ml\/"},"modified":"2025-08-01T07:45:25","modified_gmt":"2025-08-01T05:45:25","slug":"daphnia-ambalat-pentru-pesti-exotici-70-ml","status":"publish","type":"product","link":"https:\/\/faberpet.ro\/stage\/produs\/daphnia-ambalat-pentru-pesti-exotici-70-ml\/","title":{"rendered":"DAPHNIA ambalat pentru pesti exotici, 70 ml"},"content":{"rendered":"<p>DAPHNIA este o hran\u0103 natural\u0103 general\u0103, prezent\u0103 \u00een majoritatea apelor dulci. Capacitatea nutritiv\u0103 se p\u0103streaz\u0103 integral, ajut\u0103 la o dezvoltare armonioas\u0103 pentru pe\u0219ti de toate v\u00e2rstele. Se administreaz\u0103 o cantitate c\u00e2t se consuma \u00een c\u00e2teva minute \u0219i de mai multe ori pe zi. Nu murd\u0103re\u0219te apa prin dizolvare. A se evita supradoza. Compozi\u021bie: Substan\u021ba uscat\u0103 90 %Protein\u0103 crud\u0103 min. 30 %Gr\u0103sime crud\u0103 max. 10 %Pentru Parteneri se vinde ambalat c\u00e2te 50 buc\/set! Pre\u021bul afi\u0219at este per buc!<\/p>\n","protected":false},"excerpt":{"rendered":"<p>DAPHNIA este o hran\u0103 natural\u0103 general\u0103, prezent\u0103 \u00een majoritatea apelor dulci. Capacitatea nutritiv\u0103 se p\u0103streaz\u0103 integral, ajut\u0103 la o dezvoltare armonioas\u0103 pentru pe\u0219ti de toate v\u00e2rstele. Se administreaz\u0103 o cantitate c\u00e2t se consuma \u00een c\u00e2teva minute \u0219i de mai multe ori pe zi. Nu murd\u0103re\u0219te apa prin dizolvare. A se evita supradoza. Compozi\u021bie: Substan\u021ba uscat\u0103 [&hellip;]<\/p>\n","protected":false},"featured_media":8440,"template":"","meta":[],"product_brand":[],"product_cat":[61,86,254],"product_tag":[272,270,271],"class_list":{"0":"post-3545","1":"product","2":"type-product","3":"status-publish","4":"has-post-thumbnail","6":"product_cat-acvaristica","7":"product_cat-hrana-pesti-si-broscute","8":"product_cat-hrana-uscata","9":"product_tag-dafnie-ambalat","10":"product_tag-hrana-pesti-dafnie","11":"product_tag-mancare-dafnie","13":"first","14":"instock","15":"shipping-taxable","16":"purchasable","17":"product-type-simple"},"_links":{"self":[{"href":"https:\/\/faberpet.ro\/stage\/wp-json\/wp\/v2\/product\/3545","targetHints":{"allow":["GET"]}}],"collection":[{"href":"https:\/\/faberpet.ro\/stage\/wp-json\/wp\/v2\/product"}],"about":[{"href":"https:\/\/faberpet.ro\/stage\/wp-json\/wp\/v2\/types\/product"}],"wp:featuredmedia":[{"embeddable":true,"href":"https:\/\/faberpet.ro\/stage\/wp-json\/wp\/v2\/media\/8440"}],"wp:attachment":[{"href":"https:\/\/faberpet.ro\/stage\/wp-json\/wp\/v2\/media?parent=3545"}],"wp:term":[{"taxonomy":"product_brand","embeddable":true,"href":"https:\/\/faberpet.ro\/stage\/wp-json\/wp\/v2\/product_brand?post=3545"},{"taxonomy":"product_cat","embeddable":true,"href":"https:\/\/faberpet.ro\/stage\/wp-json\/wp\/v2\/product_cat?post=3545"},{"taxonomy":"product_tag","embeddable":true,"href":"https:\/\/faberpet.ro\/stage\/wp-json\/wp\/v2\/product_tag?post=3545"}],"curies":[{"name":"wp","href":"https:\/\/api.w.org\/{rel}","templated":true}]}}