{"id":3555,"date":"2024-10-21T20:30:37","date_gmt":"2024-10-21T17:30:37","guid":{"rendered":"https:\/\/faberpet.ro\/stage\/produs\/hrana-granulata-ciclide-xl-2-1-3-0-mm-granex-150-ml\/"},"modified":"2026-02-09T14:48:30","modified_gmt":"2026-02-09T12:48:30","slug":"hrana-granulata-ciclide-xl-2-1-3-0-mm-granex-150-ml","status":"publish","type":"product","link":"https:\/\/faberpet.ro\/stage\/produs\/hrana-granulata-ciclide-xl-2-1-3-0-mm-granex-150-ml\/","title":{"rendered":"Hrana granulata CICLIDE (XL) 2.1-3.0 mm, GRANEX 150 ml"},"content":{"rendered":"<p>Hran\u0103 granulat\u0103 de calitate superioar\u0103 destinat\u0103 consumului pe\u0219tilor exotici ca hran\u0103 de baz\u0103. Con\u021bine to\u021bi nutri\u021bien\u021bii care are nevoie un pe\u0219te pentru a se dezvolta armonios \u0219i s\u0103n\u0103tos. Se administreaz\u0103 cantitate c\u00e2t se consuma \u00een c\u00e2teva minute. Granule diametru 2. 1- 3. 0 mm Se scufund\u0103 treptat la fundul apei. este pentru pe\u0219ti exotici de statura mare. Nu murd\u0103re\u0219te apa prin dizolvare. Con\u021bine : f\u0103in\u0103 de pe\u0219te, creve\u021bi, f\u0103in\u0103 garnel\u0103, alge, cereale, vitamine \u0219i elemente minerale. Se vinde ambalat c\u00e2te 5 buc\/set! Pre\u021bul afi\u0219at este per buc!<\/p>\n","protected":false},"excerpt":{"rendered":"<p>Hran\u0103 granulat\u0103 de calitate superioar\u0103 destinat\u0103 consumului pe\u0219tilor exotici ca hran\u0103 de baz\u0103. Con\u021bine to\u021bi nutri\u021bien\u021bii care are nevoie un pe\u0219te pentru a se dezvolta armonios \u0219i s\u0103n\u0103tos. Se administreaz\u0103 cantitate c\u00e2t se consuma \u00een c\u00e2teva minute. Granule diametru 2. 1- 3. 0 mm Se scufund\u0103 treptat la fundul apei. este pentru pe\u0219ti exotici de [&hellip;]<\/p>\n","protected":false},"featured_media":8450,"template":"","meta":[],"product_brand":[],"product_cat":[61,188,86],"product_tag":[283,84,204],"class_list":{"0":"post-3555","1":"product","2":"type-product","3":"status-publish","4":"has-post-thumbnail","6":"product_cat-acvaristica","7":"product_cat-hrana-complexa-si-granulate","8":"product_cat-hrana-pesti-si-broscute","9":"product_tag-hrana-ciclide","10":"product_tag-hrana-pesti-acvariu","11":"product_tag-hrana-pesti-granulata","13":"first","14":"instock","15":"shipping-taxable","16":"purchasable","17":"product-type-simple"},"_links":{"self":[{"href":"https:\/\/faberpet.ro\/stage\/wp-json\/wp\/v2\/product\/3555","targetHints":{"allow":["GET"]}}],"collection":[{"href":"https:\/\/faberpet.ro\/stage\/wp-json\/wp\/v2\/product"}],"about":[{"href":"https:\/\/faberpet.ro\/stage\/wp-json\/wp\/v2\/types\/product"}],"wp:featuredmedia":[{"embeddable":true,"href":"https:\/\/faberpet.ro\/stage\/wp-json\/wp\/v2\/media\/8450"}],"wp:attachment":[{"href":"https:\/\/faberpet.ro\/stage\/wp-json\/wp\/v2\/media?parent=3555"}],"wp:term":[{"taxonomy":"product_brand","embeddable":true,"href":"https:\/\/faberpet.ro\/stage\/wp-json\/wp\/v2\/product_brand?post=3555"},{"taxonomy":"product_cat","embeddable":true,"href":"https:\/\/faberpet.ro\/stage\/wp-json\/wp\/v2\/product_cat?post=3555"},{"taxonomy":"product_tag","embeddable":true,"href":"https:\/\/faberpet.ro\/stage\/wp-json\/wp\/v2\/product_tag?post=3555"}],"curies":[{"name":"wp","href":"https:\/\/api.w.org\/{rel}","templated":true}]}}