{"id":3557,"date":"2024-10-21T20:30:37","date_gmt":"2024-10-21T17:30:37","guid":{"rendered":"https:\/\/faberpet.ro\/stage\/produs\/tablete-spirulina-pentru-pesti-exotici-55-gr\/"},"modified":"2026-02-09T14:50:27","modified_gmt":"2026-02-09T12:50:27","slug":"tablete-spirulina-pentru-pesti-exotici-55-gr","status":"publish","type":"product","link":"https:\/\/faberpet.ro\/stage\/produs\/tablete-spirulina-pentru-pesti-exotici-55-gr\/","title":{"rendered":"Tablete SPIRULINA pentru pesti exotici, 55 gr"},"content":{"rendered":"<p>Preparat pentru hr\u0103nirea animalelor exotici. Ajut\u0103 la colorarea natural\u0103 \u0219i starea general\u0103 de s\u0103n\u0103tate a pe\u0219tilor. este un supliment de aliment nutritiv ideal din cauza con\u021binutului \u00eenalt de proteine \u0219i de elemente colorante (xantofil), ce con\u021bin microalge Spirulina. Se presar\u0103 o cantitate c\u00e2t se consuma \u00een c\u00e2teva minute. Lipi\u021bi tableta de peretele acvariului sau l\u0103sa\u021bi s\u0103 se scufunde. A se evita supradozarea. A se p\u0103stra la loc uscat \u0219i r\u0103coros. Con\u021bine : f\u0103in\u0103 de pe\u0219te, drojdie, soia, spirulina, cereale, vitamine \u0219i elemente minerale. Se vinde ambalat c\u00e2te 5 buc\/set! Pre\u021bul afi\u0219at este per buc!<\/p>\n","protected":false},"excerpt":{"rendered":"<p>Preparat pentru hr\u0103nirea animalelor exotici. Ajut\u0103 la colorarea natural\u0103 \u0219i starea general\u0103 de s\u0103n\u0103tate a pe\u0219tilor. este un supliment de aliment nutritiv ideal din cauza con\u021binutului \u00eenalt de proteine \u0219i de elemente colorante (xantofil), ce con\u021bin microalge Spirulina. Se presar\u0103 o cantitate c\u00e2t se consuma \u00een c\u00e2teva minute. Lipi\u021bi tableta de peretele acvariului sau l\u0103sa\u021bi [&hellip;]<\/p>\n","protected":false},"featured_media":8452,"template":"","meta":[],"product_brand":[],"product_cat":[61,188,86],"product_tag":[210,285,284],"class_list":{"0":"post-3557","1":"product","2":"type-product","3":"status-publish","4":"has-post-thumbnail","6":"product_cat-acvaristica","7":"product_cat-hrana-complexa-si-granulate","8":"product_cat-hrana-pesti-si-broscute","9":"product_tag-hrana-pentru-pesti-exotici","10":"product_tag-hrana-spirulina","11":"product_tag-hrana-tablete","13":"first","14":"instock","15":"shipping-taxable","16":"purchasable","17":"product-type-simple"},"_links":{"self":[{"href":"https:\/\/faberpet.ro\/stage\/wp-json\/wp\/v2\/product\/3557","targetHints":{"allow":["GET"]}}],"collection":[{"href":"https:\/\/faberpet.ro\/stage\/wp-json\/wp\/v2\/product"}],"about":[{"href":"https:\/\/faberpet.ro\/stage\/wp-json\/wp\/v2\/types\/product"}],"wp:featuredmedia":[{"embeddable":true,"href":"https:\/\/faberpet.ro\/stage\/wp-json\/wp\/v2\/media\/8452"}],"wp:attachment":[{"href":"https:\/\/faberpet.ro\/stage\/wp-json\/wp\/v2\/media?parent=3557"}],"wp:term":[{"taxonomy":"product_brand","embeddable":true,"href":"https:\/\/faberpet.ro\/stage\/wp-json\/wp\/v2\/product_brand?post=3557"},{"taxonomy":"product_cat","embeddable":true,"href":"https:\/\/faberpet.ro\/stage\/wp-json\/wp\/v2\/product_cat?post=3557"},{"taxonomy":"product_tag","embeddable":true,"href":"https:\/\/faberpet.ro\/stage\/wp-json\/wp\/v2\/product_tag?post=3557"}],"curies":[{"name":"wp","href":"https:\/\/api.w.org\/{rel}","templated":true}]}}