{"id":3559,"date":"2024-10-21T20:30:38","date_gmt":"2024-10-21T17:30:38","guid":{"rendered":"https:\/\/faberpet.ro\/stage\/produs\/hrana-fulgi-basic-pentru-pesti-exotici-150-ml\/"},"modified":"2025-08-01T07:48:45","modified_gmt":"2025-08-01T05:48:45","slug":"hrana-fulgi-basic-pentru-pesti-exotici-150-ml","status":"publish","type":"product","link":"https:\/\/faberpet.ro\/stage\/produs\/hrana-fulgi-basic-pentru-pesti-exotici-150-ml\/","title":{"rendered":"Hrana FULGI BASIC pentru pesti exotici, 150 ml"},"content":{"rendered":"<p>Preparat lamelar\u0103 pentru hr\u0103nirea animalelor exotici. Este o hran\u0103 excelent\u0103 pentru to\u021bi pe\u0219tii exotici cu con\u021binut de proteine animaliere \u0219i vegetale, vitamine, macro- \u0219i microelemente. Se presar\u0103 o cantitate c\u00e2t se consuma \u00een c\u00e2teva minute. Se scufund\u0103 treptat la fundul apei. Nu murd\u0103re\u0219te apa prin dizolvare. A se evita supradozarea. Con\u021bine : f\u0103in\u0103 de pe\u0219te, drojdie, alge, cereale, vitamine \u0219i elemente minerale. Se vinde ambalat c\u00e2te 5 buc\/set! Pre\u021bul afi\u0219at este per buc!<\/p>\n","protected":false},"excerpt":{"rendered":"<p>Preparat lamelar\u0103 pentru hr\u0103nirea animalelor exotici. Este o hran\u0103 excelent\u0103 pentru to\u021bi pe\u0219tii exotici cu con\u021binut de proteine animaliere \u0219i vegetale, vitamine, macro- \u0219i microelemente. Se presar\u0103 o cantitate c\u00e2t se consuma \u00een c\u00e2teva minute. Se scufund\u0103 treptat la fundul apei. Nu murd\u0103re\u0219te apa prin dizolvare. A se evita supradozarea. Con\u021bine : f\u0103in\u0103 de pe\u0219te, [&hellip;]<\/p>\n","protected":false},"featured_media":8454,"template":"","meta":[],"product_brand":[],"product_cat":[61,208,86],"product_tag":[289,288,84],"class_list":{"0":"post-3559","1":"product","2":"type-product","3":"status-publish","4":"has-post-thumbnail","6":"product_cat-acvaristica","7":"product_cat-hrana-complexa-si-fulgi","8":"product_cat-hrana-pesti-si-broscute","9":"product_tag-fulgi-basic","10":"product_tag-hrana-fulgi-basic","11":"product_tag-hrana-pesti-acvariu","13":"first","14":"instock","15":"shipping-taxable","16":"purchasable","17":"product-type-simple"},"_links":{"self":[{"href":"https:\/\/faberpet.ro\/stage\/wp-json\/wp\/v2\/product\/3559","targetHints":{"allow":["GET"]}}],"collection":[{"href":"https:\/\/faberpet.ro\/stage\/wp-json\/wp\/v2\/product"}],"about":[{"href":"https:\/\/faberpet.ro\/stage\/wp-json\/wp\/v2\/types\/product"}],"wp:featuredmedia":[{"embeddable":true,"href":"https:\/\/faberpet.ro\/stage\/wp-json\/wp\/v2\/media\/8454"}],"wp:attachment":[{"href":"https:\/\/faberpet.ro\/stage\/wp-json\/wp\/v2\/media?parent=3559"}],"wp:term":[{"taxonomy":"product_brand","embeddable":true,"href":"https:\/\/faberpet.ro\/stage\/wp-json\/wp\/v2\/product_brand?post=3559"},{"taxonomy":"product_cat","embeddable":true,"href":"https:\/\/faberpet.ro\/stage\/wp-json\/wp\/v2\/product_cat?post=3559"},{"taxonomy":"product_tag","embeddable":true,"href":"https:\/\/faberpet.ro\/stage\/wp-json\/wp\/v2\/product_tag?post=3559"}],"curies":[{"name":"wp","href":"https:\/\/api.w.org\/{rel}","templated":true}]}}