{"id":3562,"date":"2024-10-21T20:30:38","date_gmt":"2024-10-21T17:30:38","guid":{"rendered":"https:\/\/faberpet.ro\/stage\/produs\/granulata-pentru-pesti-carasi-1000-ml\/"},"modified":"2025-08-01T07:49:43","modified_gmt":"2025-08-01T05:49:43","slug":"granulata-pentru-pesti-carasi-1000-ml","status":"publish","type":"product","link":"https:\/\/faberpet.ro\/stage\/produs\/granulata-pentru-pesti-carasi-1000-ml\/","title":{"rendered":"GRANULATA pentru pesti CARASI, 1000 ml"},"content":{"rendered":"<p>Hran\u0103 granulat\u0103 de calitate superioar\u0103 destinat\u0103 consumului pe\u0219tilor exotici ca hran\u0103 de baz\u0103. Con\u021bine to\u021bi nutri\u021bien\u021bii care are nevoie un pe\u0219te pentru a se dezvolta armonios \u0219i s\u0103n\u0103tos. Granule diametru 2 mm. Se administreaz\u0103 cantitate c\u00e2t se consuma \u00een c\u00e2teva minute. Se scufunda treptat la fundul apei. A se evita supradozarea. Con\u021bine : cereale, f\u0103in\u0103 de pe\u0219te, drojdie, soia, garnel\u0103, alge, vitamine \u0219i elemente minerale. Compozi\u021bie: Substan\u021ba uscat\u0103 90 %Protein\u0103 crud\u0103 min. 25 %Cenu\u0219\u0103 10 %<\/p>\n","protected":false},"excerpt":{"rendered":"<p>Hran\u0103 granulat\u0103 de calitate superioar\u0103 destinat\u0103 consumului pe\u0219tilor exotici ca hran\u0103 de baz\u0103. Con\u021bine to\u021bi nutri\u021bien\u021bii care are nevoie un pe\u0219te pentru a se dezvolta armonios \u0219i s\u0103n\u0103tos. Granule diametru 2 mm. Se administreaz\u0103 cantitate c\u00e2t se consuma \u00een c\u00e2teva minute. Se scufunda treptat la fundul apei. A se evita supradozarea. Con\u021bine : cereale, f\u0103in\u0103 [&hellip;]<\/p>\n","protected":false},"featured_media":8457,"template":"","meta":[],"product_brand":[],"product_cat":[61,188,86],"product_tag":[194,293,110],"class_list":{"0":"post-3562","1":"product","2":"type-product","3":"status-publish","4":"has-post-thumbnail","6":"product_cat-acvaristica","7":"product_cat-hrana-complexa-si-granulate","8":"product_cat-hrana-pesti-si-broscute","9":"product_tag-hrana-granulata","10":"product_tag-hrana-granulata-broscute","11":"product_tag-hrana-vitaminizata","13":"first","14":"instock","15":"shipping-taxable","16":"purchasable","17":"product-type-simple"},"_links":{"self":[{"href":"https:\/\/faberpet.ro\/stage\/wp-json\/wp\/v2\/product\/3562","targetHints":{"allow":["GET"]}}],"collection":[{"href":"https:\/\/faberpet.ro\/stage\/wp-json\/wp\/v2\/product"}],"about":[{"href":"https:\/\/faberpet.ro\/stage\/wp-json\/wp\/v2\/types\/product"}],"wp:featuredmedia":[{"embeddable":true,"href":"https:\/\/faberpet.ro\/stage\/wp-json\/wp\/v2\/media\/8457"}],"wp:attachment":[{"href":"https:\/\/faberpet.ro\/stage\/wp-json\/wp\/v2\/media?parent=3562"}],"wp:term":[{"taxonomy":"product_brand","embeddable":true,"href":"https:\/\/faberpet.ro\/stage\/wp-json\/wp\/v2\/product_brand?post=3562"},{"taxonomy":"product_cat","embeddable":true,"href":"https:\/\/faberpet.ro\/stage\/wp-json\/wp\/v2\/product_cat?post=3562"},{"taxonomy":"product_tag","embeddable":true,"href":"https:\/\/faberpet.ro\/stage\/wp-json\/wp\/v2\/product_tag?post=3562"}],"curies":[{"name":"wp","href":"https:\/\/api.w.org\/{rel}","templated":true}]}}