{"id":3563,"date":"2024-10-21T20:30:38","date_gmt":"2024-10-21T17:30:38","guid":{"rendered":"https:\/\/faberpet.ro\/stage\/produs\/fulgi-basic-pentru-pesti-exotici-1000-ml\/"},"modified":"2025-08-01T07:49:53","modified_gmt":"2025-08-01T05:49:53","slug":"fulgi-basic-pentru-pesti-exotici-1000-ml","status":"publish","type":"product","link":"https:\/\/faberpet.ro\/stage\/produs\/fulgi-basic-pentru-pesti-exotici-1000-ml\/","title":{"rendered":"FULGI BASIC pentru pesti exotici, 1000 ml"},"content":{"rendered":"<p>Preparat lamelar\u0103 pentru hr\u0103nirea animalelor exotici de toate speciile. este o hran\u0103 din ingerdiente atent selectate. Se presar\u0103 o cantitate c\u00e2t se consuma \u00een c\u00e2teva minute. Nu murd\u0103re\u0219te apa prin dizolvare. A se evita supradozarea. \u00cengrediente: f\u0103in\u0103 de pe\u0219te, drojdie, alge, cereale, garnel\u0103, vitamine \u0219i elemente minerale.<\/p>\n","protected":false},"excerpt":{"rendered":"<p>Preparat lamelar\u0103 pentru hr\u0103nirea animalelor exotici de toate speciile. este o hran\u0103 din ingerdiente atent selectate. Se presar\u0103 o cantitate c\u00e2t se consuma \u00een c\u00e2teva minute. Nu murd\u0103re\u0219te apa prin dizolvare. A se evita supradozarea. \u00cengrediente: f\u0103in\u0103 de pe\u0219te, drojdie, alge, cereale, garnel\u0103, vitamine \u0219i elemente minerale.<\/p>\n","protected":false},"featured_media":8458,"template":"","meta":[],"product_brand":[],"product_cat":[61,208,86],"product_tag":[289,294,205],"class_list":{"0":"post-3563","1":"product","2":"type-product","3":"status-publish","4":"has-post-thumbnail","6":"product_cat-acvaristica","7":"product_cat-hrana-complexa-si-fulgi","8":"product_cat-hrana-pesti-si-broscute","9":"product_tag-fulgi-basic","10":"product_tag-hrana-pesti-suplimente","11":"product_tag-hrane-pesti","13":"first","14":"instock","15":"shipping-taxable","16":"purchasable","17":"product-type-simple"},"_links":{"self":[{"href":"https:\/\/faberpet.ro\/stage\/wp-json\/wp\/v2\/product\/3563","targetHints":{"allow":["GET"]}}],"collection":[{"href":"https:\/\/faberpet.ro\/stage\/wp-json\/wp\/v2\/product"}],"about":[{"href":"https:\/\/faberpet.ro\/stage\/wp-json\/wp\/v2\/types\/product"}],"wp:featuredmedia":[{"embeddable":true,"href":"https:\/\/faberpet.ro\/stage\/wp-json\/wp\/v2\/media\/8458"}],"wp:attachment":[{"href":"https:\/\/faberpet.ro\/stage\/wp-json\/wp\/v2\/media?parent=3563"}],"wp:term":[{"taxonomy":"product_brand","embeddable":true,"href":"https:\/\/faberpet.ro\/stage\/wp-json\/wp\/v2\/product_brand?post=3563"},{"taxonomy":"product_cat","embeddable":true,"href":"https:\/\/faberpet.ro\/stage\/wp-json\/wp\/v2\/product_cat?post=3563"},{"taxonomy":"product_tag","embeddable":true,"href":"https:\/\/faberpet.ro\/stage\/wp-json\/wp\/v2\/product_tag?post=3563"}],"curies":[{"name":"wp","href":"https:\/\/api.w.org\/{rel}","templated":true}]}}