{"id":3566,"date":"2024-10-21T20:30:38","date_gmt":"2024-10-21T17:30:38","guid":{"rendered":"https:\/\/faberpet.ro\/stage\/produs\/hrana-pentru-pesti-de-fund-1000-ml\/"},"modified":"2026-02-09T15:03:24","modified_gmt":"2026-02-09T13:03:24","slug":"hrana-pentru-pesti-de-fund-1000-ml","status":"publish","type":"product","link":"https:\/\/faberpet.ro\/stage\/produs\/hrana-pentru-pesti-de-fund-1000-ml\/","title":{"rendered":"Hrana pentru pesti de fund 1000 ml"},"content":{"rendered":"<p>Hran\u0103 de calitate superioar\u0103 destinat\u0103 consumului pe\u0219tilor de fund ca hran\u0103 de baz\u0103. Con\u021bine to\u021bi nutri\u021bien\u021bii care are nevoie un pe\u0219te pentru a se dezvolta armonios \u0219i s\u0103n\u0103tos. Se administreaz\u0103 cantitate c\u00e2t se consuma \u00een c\u00e2teva minute. Granule diametru 0, 4- 0, 8 mm. Se scufund\u0103 treptat la fundul apei. A se evita supradozarea. Con\u021bine : cereale 50%, f\u0103in\u0103 de pe\u0219te, drojdie, soia, germene de gr\u00e2u, garnel\u0103, alge, vitamine \u0219i elemente minerale.<\/p>\n<p>Compozi\u021bie: Substan\u021ba uscat\u0103 90 % Protein\u0103 crud\u0103 min. 25 % Cenu\u0219\u0103 10 %<\/p>\n","protected":false},"excerpt":{"rendered":"<p>Hran\u0103 de calitate superioar\u0103 destinat\u0103 consumului pe\u0219tilor de fund ca hran\u0103 de baz\u0103. Con\u021bine to\u021bi nutri\u021bien\u021bii care are nevoie un pe\u0219te pentru a se dezvolta armonios \u0219i s\u0103n\u0103tos. Se administreaz\u0103 cantitate c\u00e2t se consuma \u00een c\u00e2teva minute. Granule diametru 0, 4- 0, 8 mm. Se scufund\u0103 treptat la fundul apei. A se evita supradozarea. Con\u021bine [&hellip;]<\/p>\n","protected":false},"featured_media":8461,"template":"","meta":[],"product_brand":[],"product_cat":[61,188,86],"product_tag":[298],"class_list":{"0":"post-3566","1":"product","2":"type-product","3":"status-publish","4":"has-post-thumbnail","6":"product_cat-acvaristica","7":"product_cat-hrana-complexa-si-granulate","8":"product_cat-hrana-pesti-si-broscute","9":"product_tag-hrana-de-pesti","11":"first","12":"instock","13":"shipping-taxable","14":"purchasable","15":"product-type-simple"},"_links":{"self":[{"href":"https:\/\/faberpet.ro\/stage\/wp-json\/wp\/v2\/product\/3566","targetHints":{"allow":["GET"]}}],"collection":[{"href":"https:\/\/faberpet.ro\/stage\/wp-json\/wp\/v2\/product"}],"about":[{"href":"https:\/\/faberpet.ro\/stage\/wp-json\/wp\/v2\/types\/product"}],"wp:featuredmedia":[{"embeddable":true,"href":"https:\/\/faberpet.ro\/stage\/wp-json\/wp\/v2\/media\/8461"}],"wp:attachment":[{"href":"https:\/\/faberpet.ro\/stage\/wp-json\/wp\/v2\/media?parent=3566"}],"wp:term":[{"taxonomy":"product_brand","embeddable":true,"href":"https:\/\/faberpet.ro\/stage\/wp-json\/wp\/v2\/product_brand?post=3566"},{"taxonomy":"product_cat","embeddable":true,"href":"https:\/\/faberpet.ro\/stage\/wp-json\/wp\/v2\/product_cat?post=3566"},{"taxonomy":"product_tag","embeddable":true,"href":"https:\/\/faberpet.ro\/stage\/wp-json\/wp\/v2\/product_tag?post=3566"}],"curies":[{"name":"wp","href":"https:\/\/api.w.org\/{rel}","templated":true}]}}