{"id":3568,"date":"2024-10-21T20:30:39","date_gmt":"2024-10-21T17:30:39","guid":{"rendered":"https:\/\/faberpet.ro\/stage\/produs\/broscute-mix-pentru-broscute-1000-ml\/"},"modified":"2025-08-01T07:50:44","modified_gmt":"2025-08-01T05:50:44","slug":"broscute-mix-pentru-broscute-1000-ml","status":"publish","type":"product","link":"https:\/\/faberpet.ro\/stage\/produs\/broscute-mix-pentru-broscute-1000-ml\/","title":{"rendered":"BROSCUTE MIX pentru broscute, 1000 ml"},"content":{"rendered":"<p>Preparat pentru hr\u0103nirea animalelor exotici. este o hran\u0103 mixt\u0103, de origine natural\u0103 \u0219i artificial\u0103. Con\u021binutul complex a hranei extrudat asigur\u0103 necesarul pentru o dezvoltare armonioasa a broscu\u021belor. Se presar\u0103 o cantitate c\u00e2t se consuma \u00een c\u00e2teva minute. Nu murd\u0103re\u0219te apa prin dizolvare. A se evita supradozarea. \u00cengrediente: f\u0103in\u0103 de pe\u0219te, cereale, garnel\u0103, vitamine \u0219i elemente minerale.<\/p>\n","protected":false},"excerpt":{"rendered":"<p>Preparat pentru hr\u0103nirea animalelor exotici. este o hran\u0103 mixt\u0103, de origine natural\u0103 \u0219i artificial\u0103. Con\u021binutul complex a hranei extrudat asigur\u0103 necesarul pentru o dezvoltare armonioasa a broscu\u021belor. Se presar\u0103 o cantitate c\u00e2t se consuma \u00een c\u00e2teva minute. Nu murd\u0103re\u0219te apa prin dizolvare. A se evita supradozarea. \u00cengrediente: f\u0103in\u0103 de pe\u0219te, cereale, garnel\u0103, vitamine \u0219i elemente [&hellip;]<\/p>\n","protected":false},"featured_media":8463,"template":"","meta":[],"product_brand":[],"product_cat":[61,188,86],"product_tag":[302,301,255],"class_list":{"0":"post-3568","1":"product","2":"type-product","3":"status-publish","4":"has-post-thumbnail","6":"product_cat-acvaristica","7":"product_cat-hrana-complexa-si-granulate","8":"product_cat-hrana-pesti-si-broscute","9":"product_tag-broscute-mix","10":"product_tag-hrana-broscute-mixt","11":"product_tag-hrana-pentru-broscute","13":"first","14":"instock","15":"shipping-taxable","16":"purchasable","17":"product-type-simple"},"_links":{"self":[{"href":"https:\/\/faberpet.ro\/stage\/wp-json\/wp\/v2\/product\/3568","targetHints":{"allow":["GET"]}}],"collection":[{"href":"https:\/\/faberpet.ro\/stage\/wp-json\/wp\/v2\/product"}],"about":[{"href":"https:\/\/faberpet.ro\/stage\/wp-json\/wp\/v2\/types\/product"}],"wp:featuredmedia":[{"embeddable":true,"href":"https:\/\/faberpet.ro\/stage\/wp-json\/wp\/v2\/media\/8463"}],"wp:attachment":[{"href":"https:\/\/faberpet.ro\/stage\/wp-json\/wp\/v2\/media?parent=3568"}],"wp:term":[{"taxonomy":"product_brand","embeddable":true,"href":"https:\/\/faberpet.ro\/stage\/wp-json\/wp\/v2\/product_brand?post=3568"},{"taxonomy":"product_cat","embeddable":true,"href":"https:\/\/faberpet.ro\/stage\/wp-json\/wp\/v2\/product_cat?post=3568"},{"taxonomy":"product_tag","embeddable":true,"href":"https:\/\/faberpet.ro\/stage\/wp-json\/wp\/v2\/product_tag?post=3568"}],"curies":[{"name":"wp","href":"https:\/\/api.w.org\/{rel}","templated":true}]}}