{"id":3570,"date":"2024-10-21T20:30:39","date_gmt":"2024-10-21T17:30:39","guid":{"rendered":"https:\/\/faberpet.ro\/stage\/produs\/ventuza-simpla-negru-de-35-mm-pentru-acvariu\/"},"modified":"2025-08-01T07:51:40","modified_gmt":"2025-08-01T05:51:40","slug":"ventuza-simpla-negru-de-35-mm-pentru-acvariu","status":"publish","type":"product","link":"https:\/\/faberpet.ro\/stage\/produs\/ventuza-simpla-negru-de-35-mm-pentru-acvariu\/","title":{"rendered":"Ventuza simpla negru de 37 mm pentru acvariu"},"content":{"rendered":"<p>Ventuza negru din cauciuc siliconic pentru acvaristic\u0103, util\u0103 oric\u0103rui acvariu.<\/p>\n<p>De bun\u0103 calitate cu o gaur\u0103 de 6 mm la partea superioar\u0103 cilindric\u0103.<\/p>\n<p>Diametrul ventuzei 37 mm.<\/p>\n<p>Se vinde ambalat c\u00e2te 10 buc\/set!<\/p>\n<p>Pre\u021bul afi\u0219at este per buc!<\/p>\n","protected":false},"excerpt":{"rendered":"<p>Ventuza negru din cauciuc siliconic pentru acvaristic\u0103, util\u0103 oric\u0103rui acvariu. De bun\u0103 calitate cu o gaur\u0103 de 6 mm la partea superioar\u0103 cilindric\u0103. Diametrul ventuzei 37 mm. Se vinde ambalat c\u00e2te 10 buc\/set! Pre\u021bul afi\u0219at este per buc!<\/p>\n","protected":false},"featured_media":13306,"template":"","meta":[],"product_brand":[],"product_cat":[306,61,307],"product_tag":[309,308,304],"class_list":{"0":"post-3570","1":"product","2":"type-product","3":"status-publish","4":"has-post-thumbnail","6":"product_cat-accesorii-acvarii","7":"product_cat-acvaristica","8":"product_cat-robinete-si-ventuze","9":"product_tag-ventuza-negru","10":"product_tag-ventuza-pentru-acvariu","11":"product_tag-ventuze-acvarii","13":"first","14":"instock","15":"shipping-taxable","16":"purchasable","17":"product-type-simple"},"_links":{"self":[{"href":"https:\/\/faberpet.ro\/stage\/wp-json\/wp\/v2\/product\/3570","targetHints":{"allow":["GET"]}}],"collection":[{"href":"https:\/\/faberpet.ro\/stage\/wp-json\/wp\/v2\/product"}],"about":[{"href":"https:\/\/faberpet.ro\/stage\/wp-json\/wp\/v2\/types\/product"}],"wp:featuredmedia":[{"embeddable":true,"href":"https:\/\/faberpet.ro\/stage\/wp-json\/wp\/v2\/media\/13306"}],"wp:attachment":[{"href":"https:\/\/faberpet.ro\/stage\/wp-json\/wp\/v2\/media?parent=3570"}],"wp:term":[{"taxonomy":"product_brand","embeddable":true,"href":"https:\/\/faberpet.ro\/stage\/wp-json\/wp\/v2\/product_brand?post=3570"},{"taxonomy":"product_cat","embeddable":true,"href":"https:\/\/faberpet.ro\/stage\/wp-json\/wp\/v2\/product_cat?post=3570"},{"taxonomy":"product_tag","embeddable":true,"href":"https:\/\/faberpet.ro\/stage\/wp-json\/wp\/v2\/product_tag?post=3570"}],"curies":[{"name":"wp","href":"https:\/\/api.w.org\/{rel}","templated":true}]}}