{"id":3572,"date":"2024-10-21T20:30:39","date_gmt":"2024-10-21T17:30:39","guid":{"rendered":"https:\/\/faberpet.ro\/stage\/produs\/ventuza-transparent-cu-inel-35-mm\/"},"modified":"2025-08-01T07:53:38","modified_gmt":"2025-08-01T05:53:38","slug":"ventuza-transparent-cu-inel-35-mm","status":"publish","type":"product","link":"https:\/\/faberpet.ro\/stage\/produs\/ventuza-transparent-cu-inel-35-mm\/","title":{"rendered":"Ventuza transparent cu inel 35 mm"},"content":{"rendered":"<p>Ventuza furtun aer acvariu confec\u021bionat\u0103 din cauciuc siliconic moale transparent. De bun\u0103 calitate. Partea superioar\u0103 inel cu o gaur\u0103 de 15 mm serve\u0219te pentru pozi\u021bionarea accesoriilor \u00een acvarii. Diametrul ventuzei 35 mm. Modalit\u0103\u021bile de utilizare Posibilitatea de a fixa diverse obiecte decorative pe fundul acvariului. Fixarea diverselor obiecte folosite la decorarea acvariilor. Se poate utiliza \u0219i pentru dirijarea sau fixarea cablurilor electrice din acvariu. Se vinde ambalat c\u00e2te 10 buc\/set! Pre\u021bul afi\u0219at este per buc!<\/p>\n","protected":false},"excerpt":{"rendered":"<p>Ventuza furtun aer acvariu confec\u021bionat\u0103 din cauciuc siliconic moale transparent. De bun\u0103 calitate. Partea superioar\u0103 inel cu o gaur\u0103 de 15 mm serve\u0219te pentru pozi\u021bionarea accesoriilor \u00een acvarii. Diametrul ventuzei 35 mm. Modalit\u0103\u021bile de utilizare Posibilitatea de a fixa diverse obiecte decorative pe fundul acvariului. Fixarea diverselor obiecte folosite la decorarea acvariilor. Se poate utiliza [&hellip;]<\/p>\n","protected":false},"featured_media":8466,"template":"","meta":[],"product_brand":[],"product_cat":[306,61,307],"product_tag":[308,311,312],"class_list":{"0":"post-3572","1":"product","2":"type-product","3":"status-publish","4":"has-post-thumbnail","6":"product_cat-accesorii-acvarii","7":"product_cat-acvaristica","8":"product_cat-robinete-si-ventuze","9":"product_tag-ventuza-pentru-acvariu","10":"product_tag-ventuza-transparent","11":"product_tag-ventuze-acvariu","13":"first","14":"instock","15":"shipping-taxable","16":"purchasable","17":"product-type-simple"},"_links":{"self":[{"href":"https:\/\/faberpet.ro\/stage\/wp-json\/wp\/v2\/product\/3572","targetHints":{"allow":["GET"]}}],"collection":[{"href":"https:\/\/faberpet.ro\/stage\/wp-json\/wp\/v2\/product"}],"about":[{"href":"https:\/\/faberpet.ro\/stage\/wp-json\/wp\/v2\/types\/product"}],"wp:featuredmedia":[{"embeddable":true,"href":"https:\/\/faberpet.ro\/stage\/wp-json\/wp\/v2\/media\/8466"}],"wp:attachment":[{"href":"https:\/\/faberpet.ro\/stage\/wp-json\/wp\/v2\/media?parent=3572"}],"wp:term":[{"taxonomy":"product_brand","embeddable":true,"href":"https:\/\/faberpet.ro\/stage\/wp-json\/wp\/v2\/product_brand?post=3572"},{"taxonomy":"product_cat","embeddable":true,"href":"https:\/\/faberpet.ro\/stage\/wp-json\/wp\/v2\/product_cat?post=3572"},{"taxonomy":"product_tag","embeddable":true,"href":"https:\/\/faberpet.ro\/stage\/wp-json\/wp\/v2\/product_tag?post=3572"}],"curies":[{"name":"wp","href":"https:\/\/api.w.org\/{rel}","templated":true}]}}